{"id":1954,"date":"2024-02-04T19:09:36","date_gmt":"2024-02-04T18:09:36","guid":{"rendered":"https:\/\/www.lerobinetdor.com\/new\/services-hotel-robinet-or-paris\/"},"modified":"2024-04-11T18:09:09","modified_gmt":"2024-04-11T16:09:09","slug":"services-hotel-robinet-or-paris","status":"publish","type":"page","link":"https:\/\/www.lerobinetdor.com\/de\/services-hotel-robinet-or-paris\/","title":{"rendered":"Services"},"content":{"rendered":"\t\t<div data-elementor-type=\"wp-page\" data-elementor-id=\"1954\" class=\"elementor elementor-1954\">\n\t\t\t\t\t\t<section class=\"elementor-section elementor-top-section elementor-element elementor-element-e54c66d elementor-section-full_width qode_elementor_container_inner elementor-section-height-default elementor-section-height-default parallax_section_no\" data-id=\"e54c66d\" data-element_type=\"section\">\n\t\t\t\t\t\t<div class=\"elementor-container elementor-column-gap-no\">\n\t\t\t\t\t<div class=\"elementor-column elementor-col-100 elementor-top-column elementor-element elementor-element-e15de23\" data-id=\"e15de23\" data-element_type=\"column\">\n\t\t\t<div class=\"elementor-widget-wrap elementor-element-populated\">\n\t\t\t\t\t\t<div class=\"elementor-element elementor-element-8db04f1 elementor-widget elementor-widget-text-editor\" data-id=\"8db04f1\" data-element_type=\"widget\" data-widget_type=\"text-editor.default\">\n\t\t\t\t<div class=\"elementor-widget-container\">\n\t\t\t<style>\/*! elementor - v3.20.0 - 26-03-2024 *\/\n.elementor-widget-text-editor.elementor-drop-cap-view-stacked .elementor-drop-cap{background-color:#69727d;color:#fff}.elementor-widget-text-editor.elementor-drop-cap-view-framed .elementor-drop-cap{color:#69727d;border:3px solid;background-color:transparent}.elementor-widget-text-editor:not(.elementor-drop-cap-view-default) .elementor-drop-cap{margin-top:8px}.elementor-widget-text-editor:not(.elementor-drop-cap-view-default) .elementor-drop-cap-letter{width:1em;height:1em}.elementor-widget-text-editor .elementor-drop-cap{float:left;text-align:center;line-height:1;font-size:50px}.elementor-widget-text-editor .elementor-drop-cap-letter{display:inline-block}<\/style>\t\t\t\t<h1 style=\"text-align: center;\">Die Serviceleistungen<br> des Hotelrestaurants Le Robinet d\u2019Or<\/h1>\t\t\t\t\t\t<\/div>\n\t\t\t\t<\/div>\n\t\t\t\t<div class=\"elementor-element elementor-element-d99cab6 elementor-widget elementor-widget-image\" data-id=\"d99cab6\" data-element_type=\"widget\" data-widget_type=\"image.default\">\n\t\t\t\t<div class=\"elementor-widget-container\">\n\t\t\t<style>\/*! elementor - v3.20.0 - 26-03-2024 *\/\n.elementor-widget-image{text-align:center}.elementor-widget-image a{display:inline-block}.elementor-widget-image a img[src$=\".svg\"]{width:48px}.elementor-widget-image img{vertical-align:middle;display:inline-block}<\/style>\t\t\t\t\t\t\t\t\t\t<img decoding=\"async\" src=\"https:\/\/www.lerobinetdor.com\/new\/wp-content\/uploads\/2020\/08\/border.png\" title=\"\" alt=\"\" loading=\"lazy\" \/>\t\t\t\t\t\t\t\t\t\t\t\t\t<\/div>\n\t\t\t\t<\/div>\n\t\t\t\t<div class=\"elementor-element elementor-element-08c7ce4 elementor-widget elementor-widget-text-editor\" data-id=\"08c7ce4\" data-element_type=\"widget\" data-widget_type=\"text-editor.default\">\n\t\t\t\t<div class=\"elementor-widget-container\">\n\t\t\t\t\t\t\t<h2 style=\"font-size: 18px; text-align: center;\">CHARMANTES HOTEL-RESTAURANT, DESIGN, AM CANAL ST MARTIN,\nIN DER N\u00c4HE VON GARE DU NORD UND GARE DE L&#8217;EST<\/h2>\t\t\t\t\t\t<\/div>\n\t\t\t\t<\/div>\n\t\t\t\t\t<\/div>\n\t\t<\/div>\n\t\t\t\t\t<\/div>\n\t\t<\/section>\n\t\t\t\t<section class=\"elementor-section elementor-top-section elementor-element elementor-element-ff2cac6 elementor-section-full_width qode_elementor_container_inner elementor-section-height-default elementor-section-height-default parallax_section_no\" data-id=\"ff2cac6\" data-element_type=\"section\">\n\t\t\t\t\t\t<div class=\"elementor-container elementor-column-gap-no\">\n\t\t\t\t\t<div class=\"elementor-column elementor-col-50 elementor-top-column elementor-element elementor-element-81a90c8 elementor-invisible\" data-id=\"81a90c8\" data-element_type=\"column\" data-settings=\"{&quot;animation&quot;:&quot;fadeInLeft&quot;}\">\n\t\t\t<div class=\"elementor-widget-wrap elementor-element-populated\">\n\t\t\t\t\t\t<div class=\"elementor-element elementor-element-d0c068a elementor-widget elementor-widget-image\" data-id=\"d0c068a\" data-element_type=\"widget\" data-widget_type=\"image.default\">\n\t\t\t\t<div class=\"elementor-widget-container\">\n\t\t\t\t\t\t\t\t\t\t\t\t\t<img fetchpriority=\"high\" decoding=\"async\" width=\"1024\" height=\"683\" src=\"https:\/\/www.lerobinetdor.com\/wp-content\/uploads\/2024\/03\/009_pdj-1024x683.jpg\" class=\"attachment-large size-large wp-image-1135\" alt=\"\" srcset=\"https:\/\/www.lerobinetdor.com\/wp-content\/uploads\/2024\/03\/009_pdj-1024x683.jpg 1024w, https:\/\/www.lerobinetdor.com\/wp-content\/uploads\/2024\/03\/009_pdj-300x200.jpg 300w, https:\/\/www.lerobinetdor.com\/wp-content\/uploads\/2024\/03\/009_pdj-768x512.jpg 768w, https:\/\/www.lerobinetdor.com\/wp-content\/uploads\/2024\/03\/009_pdj-1536x1024.jpg 1536w, https:\/\/www.lerobinetdor.com\/wp-content\/uploads\/2024\/03\/009_pdj-700x467.jpg 700w, https:\/\/www.lerobinetdor.com\/wp-content\/uploads\/2024\/03\/009_pdj.jpg 1920w\" sizes=\"(max-width: 1024px) 100vw, 1024px\" \/>\t\t\t\t\t\t\t\t\t\t\t\t\t<\/div>\n\t\t\t\t<\/div>\n\t\t\t\t\t<\/div>\n\t\t<\/div>\n\t\t\t\t<div class=\"elementor-column elementor-col-50 elementor-top-column elementor-element elementor-element-985349c elementor-invisible\" data-id=\"985349c\" data-element_type=\"column\" data-settings=\"{&quot;animation&quot;:&quot;fadeInRight&quot;}\">\n\t\t\t<div class=\"elementor-widget-wrap elementor-element-populated\">\n\t\t\t\t\t\t<div class=\"elementor-element elementor-element-cdf0156 elementor-widget elementor-widget-text-editor\" data-id=\"cdf0156\" data-element_type=\"widget\" data-widget_type=\"text-editor.default\">\n\t\t\t\t<div class=\"elementor-widget-container\">\n\t\t\t\t\t\t\t<h3>FR\u00dcHST\u00dcCK<\/h3><p><strong>von 7 Uhr bis 11 Uhr<\/strong><\/p><p><strong>Gro\u00dfes Fr\u00fchst\u00fcck :<\/strong>\u00a0Hei\u00dfgetr\u00e4nke, morgens gepresster Orangensaft, M\u00fcsli, Geb\u00e4ck und frische Baguettes vom B\u00e4cker, Wurstwaren, K\u00e4se, Joghurt, Frischk\u00e4se, Obstsalat, warme Gerichte (Ei, Speck usw.): 15,00 \u20ac<\/p><p><strong>Kleines Fr\u00fchst\u00fcck :<\/strong>\u00a0ein Hei\u00dfgetr\u00e4nk, ein Geb\u00e4ck oder Toast, ein gepresster Orangensaft: 7,50 \u20ac<\/p><p>Glutenfreie Produkte auf Anfrage :\u00a0<a class=\"liens-gris\" href=\"mailto:info@lerobinetdor.com\">info@lerobinetdor.com<\/a><\/p>\t\t\t\t\t\t<\/div>\n\t\t\t\t<\/div>\n\t\t\t\t\t<\/div>\n\t\t<\/div>\n\t\t\t\t\t<\/div>\n\t\t<\/section>\n\t\t\t\t<section class=\"elementor-section elementor-top-section elementor-element elementor-element-d1f39f4 elementor-section-full_width elementor-section-height-default elementor-section-height-default parallax_section_no qode_elementor_container_no\" data-id=\"d1f39f4\" data-element_type=\"section\" data-settings=\"{&quot;background_background&quot;:&quot;classic&quot;}\">\n\t\t\t\t\t\t<div class=\"elementor-container elementor-column-gap-default\">\n\t\t\t\t\t<div class=\"elementor-column elementor-col-100 elementor-top-column elementor-element elementor-element-369b421\" data-id=\"369b421\" data-element_type=\"column\">\n\t\t\t<div class=\"elementor-widget-wrap elementor-element-populated\">\n\t\t\t\t\t\t<div class=\"elementor-element elementor-element-c11d3c7 elementor-widget elementor-widget-image\" data-id=\"c11d3c7\" data-element_type=\"widget\" data-widget_type=\"image.default\">\n\t\t\t\t<div class=\"elementor-widget-container\">\n\t\t\t\t\t\t\t\t\t\t\t\t\t<img decoding=\"async\" width=\"70\" height=\"2\" src=\"https:\/\/www.lerobinetdor.com\/wp-content\/uploads\/2020\/08\/border.png\" class=\"attachment-medium size-medium wp-image-212\" alt=\"m\" \/>\t\t\t\t\t\t\t\t\t\t\t\t\t<\/div>\n\t\t\t\t<\/div>\n\t\t\t\t\t<\/div>\n\t\t<\/div>\n\t\t\t\t\t<\/div>\n\t\t<\/section>\n\t\t\t\t<section class=\"elementor-section elementor-top-section elementor-element elementor-element-c694704 elementor-section-full_width qode_elementor_container_inner elementor-section-height-default elementor-section-height-default parallax_section_no\" data-id=\"c694704\" data-element_type=\"section\">\n\t\t\t\t\t\t<div class=\"elementor-container elementor-column-gap-no\">\n\t\t\t\t\t<div class=\"elementor-column elementor-col-50 elementor-top-column elementor-element elementor-element-c082aa6 elementor-invisible\" data-id=\"c082aa6\" data-element_type=\"column\" data-settings=\"{&quot;animation&quot;:&quot;fadeInLeft&quot;}\">\n\t\t\t<div class=\"elementor-widget-wrap elementor-element-populated\">\n\t\t\t\t\t\t<div class=\"elementor-element elementor-element-6c940b3 elementor-widget elementor-widget-text-editor\" data-id=\"6c940b3\" data-element_type=\"widget\" data-widget_type=\"text-editor.default\">\n\t\t\t\t<div class=\"elementor-widget-container\">\n\t\t\t\t\t\t\t<h1>SERVICELEISTUNGEN<\/h1>\t\t\t\t\t\t<\/div>\n\t\t\t\t<\/div>\n\t\t\t\t<div class=\"elementor-element elementor-element-3bf0cd2 elementor-widget elementor-widget-image\" data-id=\"3bf0cd2\" data-element_type=\"widget\" data-widget_type=\"image.default\">\n\t\t\t\t<div class=\"elementor-widget-container\">\n\t\t\t\t\t\t\t\t\t\t\t\t\t<img decoding=\"async\" src=\"https:\/\/www.lerobinetdor.com\/new\/wp-content\/uploads\/2020\/08\/border.png\" title=\"\" alt=\"\" loading=\"lazy\" \/>\t\t\t\t\t\t\t\t\t\t\t\t\t<\/div>\n\t\t\t\t<\/div>\n\t\t\t\t<div class=\"elementor-element elementor-element-d75a208 elementor-widget elementor-widget-text-editor\" data-id=\"d75a208\" data-element_type=\"widget\" data-widget_type=\"text-editor.default\">\n\t\t\t\t<div class=\"elementor-widget-container\">\n\t\t\t\t\t\t\t<div style=\"text-align: justify;\">24-Stunden-Rezeption | Hausmeisterdienste | Abschlie\u00dfbarer Gep\u00e4ckraum | Klimaanlage in den Zimmern, an der Rezeption und im Restaurant | Restaurant mit franz\u00f6sischer K\u00fcche von 11 Uhr bis 23 Uhr<br \/>Zimmerservice von 7 Uhr bis 23 Uhr | Inlands- und Auslandsgespr\u00e4che | Bestellung von Taxis (Wartezeit 5 min) | Gep\u00e4ckservice bei An- und Abreise | Versand oder Empfang von Faxen, Kopien | Parkplatz in einer gesicherten Tiefgarage nach vorheriger Anmeldung (30 \u20ac\/Nacht) verf\u00fcgbar | Heimtiere sind bei uns willkommen | Verkauf von Briefmarken und kostenloser Versand von Briefen und Postkarten<\/div>\t\t\t\t\t\t<\/div>\n\t\t\t\t<\/div>\n\t\t\t\t\t<\/div>\n\t\t<\/div>\n\t\t\t\t<div class=\"elementor-column elementor-col-50 elementor-top-column elementor-element elementor-element-c152e21 elementor-invisible\" data-id=\"c152e21\" data-element_type=\"column\" data-settings=\"{&quot;animation&quot;:&quot;fadeInRight&quot;}\">\n\t\t\t<div class=\"elementor-widget-wrap elementor-element-populated\">\n\t\t\t\t\t\t<div class=\"elementor-element elementor-element-37a0466 elementor-widget elementor-widget-image\" data-id=\"37a0466\" data-element_type=\"widget\" data-widget_type=\"image.default\">\n\t\t\t\t<div class=\"elementor-widget-container\">\n\t\t\t\t\t\t\t\t\t\t\t\t\t<img decoding=\"async\" width=\"1920\" height=\"1280\" src=\"https:\/\/www.lerobinetdor.com\/wp-content\/uploads\/2024\/03\/013_restaurant.jpg\" class=\"elementor-animation-bob attachment-full size-full wp-image-1143\" alt=\"\" srcset=\"https:\/\/www.lerobinetdor.com\/wp-content\/uploads\/2024\/03\/013_restaurant.jpg 1920w, https:\/\/www.lerobinetdor.com\/wp-content\/uploads\/2024\/03\/013_restaurant-300x200.jpg 300w, https:\/\/www.lerobinetdor.com\/wp-content\/uploads\/2024\/03\/013_restaurant-1024x683.jpg 1024w, https:\/\/www.lerobinetdor.com\/wp-content\/uploads\/2024\/03\/013_restaurant-768x512.jpg 768w, https:\/\/www.lerobinetdor.com\/wp-content\/uploads\/2024\/03\/013_restaurant-1536x1024.jpg 1536w, https:\/\/www.lerobinetdor.com\/wp-content\/uploads\/2024\/03\/013_restaurant-700x467.jpg 700w\" sizes=\"(max-width: 1920px) 100vw, 1920px\" \/>\t\t\t\t\t\t\t\t\t\t\t\t\t<\/div>\n\t\t\t\t<\/div>\n\t\t\t\t\t<\/div>\n\t\t<\/div>\n\t\t\t\t\t<\/div>\n\t\t<\/section>\n\t\t\t\t<section class=\"elementor-section elementor-top-section elementor-element elementor-element-fa1da9b elementor-section-full_width elementor-section-height-default elementor-section-height-default parallax_section_no qode_elementor_container_no\" data-id=\"fa1da9b\" data-element_type=\"section\" data-settings=\"{&quot;background_background&quot;:&quot;classic&quot;}\">\n\t\t\t\t\t\t<div class=\"elementor-container elementor-column-gap-default\">\n\t\t\t\t\t<div class=\"elementor-column elementor-col-100 elementor-top-column elementor-element elementor-element-8ee2a71\" data-id=\"8ee2a71\" data-element_type=\"column\">\n\t\t\t<div class=\"elementor-widget-wrap elementor-element-populated\">\n\t\t\t\t\t\t<div class=\"elementor-element elementor-element-cfde757 elementor-widget elementor-widget-image\" data-id=\"cfde757\" data-element_type=\"widget\" data-widget_type=\"image.default\">\n\t\t\t\t<div class=\"elementor-widget-container\">\n\t\t\t\t\t\t\t\t\t\t\t\t\t<img decoding=\"async\" width=\"70\" height=\"2\" src=\"https:\/\/www.lerobinetdor.com\/wp-content\/uploads\/2020\/08\/border.png\" class=\"attachment-medium size-medium wp-image-212\" alt=\"m\" \/>\t\t\t\t\t\t\t\t\t\t\t\t\t<\/div>\n\t\t\t\t<\/div>\n\t\t\t\t\t<\/div>\n\t\t<\/div>\n\t\t\t\t\t<\/div>\n\t\t<\/section>\n\t\t\t\t<section class=\"elementor-section elementor-top-section elementor-element elementor-element-a4bbb20 elementor-section-full_width qode_elementor_container_inner elementor-section-height-default elementor-section-height-default parallax_section_no\" data-id=\"a4bbb20\" data-element_type=\"section\">\n\t\t\t\t\t\t<div class=\"elementor-container elementor-column-gap-no\">\n\t\t\t\t\t<div class=\"elementor-column elementor-col-50 elementor-top-column elementor-element elementor-element-0aae8ed elementor-invisible\" data-id=\"0aae8ed\" data-element_type=\"column\" data-settings=\"{&quot;animation&quot;:&quot;fadeInLeft&quot;}\">\n\t\t\t<div class=\"elementor-widget-wrap elementor-element-populated\">\n\t\t\t\t\t\t<div class=\"elementor-element elementor-element-15fd277 elementor-widget elementor-widget-image\" data-id=\"15fd277\" data-element_type=\"widget\" data-widget_type=\"image.default\">\n\t\t\t\t<div class=\"elementor-widget-container\">\n\t\t\t\t\t\t\t\t\t\t\t\t\t<img loading=\"lazy\" decoding=\"async\" width=\"1920\" height=\"1280\" src=\"https:\/\/www.lerobinetdor.com\/wp-content\/uploads\/2024\/02\/suite-executive-ROBINET-DOR-1_15.jpg\" class=\"elementor-animation-bob attachment-full size-full wp-image-643\" alt=\"Suite Executive Le Robinet d&#039;Or Paris\" srcset=\"https:\/\/www.lerobinetdor.com\/wp-content\/uploads\/2024\/02\/suite-executive-ROBINET-DOR-1_15.jpg 1920w, https:\/\/www.lerobinetdor.com\/wp-content\/uploads\/2024\/02\/suite-executive-ROBINET-DOR-1_15-300x200.jpg 300w, https:\/\/www.lerobinetdor.com\/wp-content\/uploads\/2024\/02\/suite-executive-ROBINET-DOR-1_15-1024x683.jpg 1024w, https:\/\/www.lerobinetdor.com\/wp-content\/uploads\/2024\/02\/suite-executive-ROBINET-DOR-1_15-768x512.jpg 768w, https:\/\/www.lerobinetdor.com\/wp-content\/uploads\/2024\/02\/suite-executive-ROBINET-DOR-1_15-1536x1024.jpg 1536w, https:\/\/www.lerobinetdor.com\/wp-content\/uploads\/2024\/02\/suite-executive-ROBINET-DOR-1_15-700x467.jpg 700w\" sizes=\"(max-width: 1920px) 100vw, 1920px\" \/>\t\t\t\t\t\t\t\t\t\t\t\t\t<\/div>\n\t\t\t\t<\/div>\n\t\t\t\t\t<\/div>\n\t\t<\/div>\n\t\t\t\t<div class=\"elementor-column elementor-col-50 elementor-top-column elementor-element elementor-element-8888572 elementor-invisible\" data-id=\"8888572\" data-element_type=\"column\" data-settings=\"{&quot;animation&quot;:&quot;fadeInRight&quot;}\">\n\t\t\t<div class=\"elementor-widget-wrap elementor-element-populated\">\n\t\t\t\t\t\t<div class=\"elementor-element elementor-element-521af99 elementor-widget elementor-widget-text-editor\" data-id=\"521af99\" data-element_type=\"widget\" data-widget_type=\"text-editor.default\">\n\t\t\t\t<div class=\"elementor-widget-container\">\n\t\t\t\t\t\t\t<h2>AUSSTATTUNGEN<\/h2>\t\t\t\t\t\t<\/div>\n\t\t\t\t<\/div>\n\t\t\t\t<div class=\"elementor-element elementor-element-1d0c518 elementor-widget elementor-widget-image\" data-id=\"1d0c518\" data-element_type=\"widget\" data-widget_type=\"image.default\">\n\t\t\t\t<div class=\"elementor-widget-container\">\n\t\t\t\t\t\t\t\t\t\t\t\t\t<img decoding=\"async\" src=\"https:\/\/www.lerobinetdor.com\/new\/wp-content\/uploads\/2020\/08\/border.png\" title=\"\" alt=\"\" loading=\"lazy\" \/>\t\t\t\t\t\t\t\t\t\t\t\t\t<\/div>\n\t\t\t\t<\/div>\n\t\t\t\t<div class=\"elementor-element elementor-element-b5177a2 elementor-widget elementor-widget-text-editor\" data-id=\"b5177a2\" data-element_type=\"widget\" data-widget_type=\"text-editor.default\">\n\t\t\t\t<div class=\"elementor-widget-container\">\n\t\t\t\t\t\t\t<div style=\"text-align: justify;\">Toilettenartikel von L\u2019Occitane | Tresor, der Platz f\u00fcr einen Laptop bietet | Ein Laptop ist auf Anfrage verf\u00fcgbar | Kostenfreies WLAN ist im gesamten Hotel verf\u00fcgbar | Zus\u00e4tzliche Kleiderb\u00fcgel auf Anfrage | Ein stummer Diener f\u00fcr Ihre Anz\u00fcge und Kost\u00fcme| Schachteln voller Macarons von Paul | Flachbildfernseher mit Sat-TV | Tee- und Kaffeemaschine | Mineralwasserflaschen | Handtuchw\u00e4rmer | Haartrockner | Wecker | Kinderbett | Babywanne | B\u00fcgeleisen und B\u00fcgelbrett<\/div>\t\t\t\t\t\t<\/div>\n\t\t\t\t<\/div>\n\t\t\t\t\t<\/div>\n\t\t<\/div>\n\t\t\t\t\t<\/div>\n\t\t<\/section>\n\t\t\t\t<\/div>\n\t\t","protected":false},"excerpt":{"rendered":"<p>Die Serviceleistungen des Hotelrestaurants Le Robinet d\u2019Or CHARMANTES HOTEL-RESTAURANT, DESIGN, AM CANAL ST MARTIN, IN DER N\u00c4HE VON GARE DU NORD UND GARE DE L&#8217;EST FR\u00dcHST\u00dcCK von 7 Uhr bis 11 Uhr Gro\u00dfes Fr\u00fchst\u00fcck :\u00a0Hei\u00dfgetr\u00e4nke, morgens gepresster Orangensaft, M\u00fcsli, Geb\u00e4ck und frische Baguettes vom B\u00e4cker,&#8230;<\/p>\n","protected":false},"author":1,"featured_media":0,"parent":0,"menu_order":0,"comment_status":"closed","ping_status":"closed","template":"full_width.php","meta":{"footnotes":""},"class_list":["post-1954","page","type-page","status-publish","hentry"],"yoast_head":"<!-- This site is optimized with the Yoast SEO plugin v22.3 - https:\/\/yoast.com\/wordpress\/plugins\/seo\/ -->\n<title>SERVICELEISTUNGEN - Hotel Le Robinet d&#039;Or Paris Canal Saint Martin<\/title>\n<meta name=\"description\" content=\"Hotel Restaurant Le Robinet d&#039;Or Paris, 3-Sterne-Hotel, Hotel Gare du Nord, Hotel Gare de l&#039;Est, Hotel und Restaurant Canal Saint-Martin Paris Est\" \/>\n<meta name=\"robots\" content=\"index, follow, max-snippet:-1, max-image-preview:large, max-video-preview:-1\" \/>\n<link rel=\"canonical\" href=\"https:\/\/www.lerobinetdor.com\/de\/services-hotel-robinet-or-paris\/\" \/>\n<meta property=\"og:locale\" content=\"de_DE\" \/>\n<meta property=\"og:type\" content=\"article\" \/>\n<meta property=\"og:title\" content=\"SERVICELEISTUNGEN - Hotel Le Robinet d&#039;Or Paris Canal Saint Martin\" \/>\n<meta property=\"og:description\" content=\"Hotel Restaurant Le Robinet d&#039;Or Paris, 3-Sterne-Hotel, Hotel Gare du Nord, Hotel Gare de l&#039;Est, Hotel und Restaurant Canal Saint-Martin Paris Est\" \/>\n<meta property=\"og:url\" content=\"https:\/\/www.lerobinetdor.com\/de\/services-hotel-robinet-or-paris\/\" \/>\n<meta property=\"og:site_name\" content=\"Le Robinet d&#039;Or\" \/>\n<meta property=\"article:modified_time\" content=\"2024-04-11T16:09:09+00:00\" \/>\n<meta property=\"og:image\" content=\"https:\/\/www.lerobinetdor.com\/new\/wp-content\/uploads\/2020\/08\/border.png\" \/>\n<meta name=\"twitter:card\" content=\"summary_large_image\" \/>\n<meta name=\"twitter:label1\" content=\"Gesch\u00e4tzte Lesezeit\" \/>\n\t<meta name=\"twitter:data1\" content=\"3\u00a0Minuten\" \/>\n<script type=\"application\/ld+json\" class=\"yoast-schema-graph\">{\"@context\":\"https:\/\/schema.org\",\"@graph\":[{\"@type\":\"WebPage\",\"@id\":\"https:\/\/www.lerobinetdor.com\/de\/services-hotel-robinet-or-paris\/\",\"url\":\"https:\/\/www.lerobinetdor.com\/de\/services-hotel-robinet-or-paris\/\",\"name\":\"SERVICELEISTUNGEN - Hotel Le Robinet d'Or Paris Canal Saint Martin\",\"isPartOf\":{\"@id\":\"https:\/\/www.lerobinetdor.com\/#website\"},\"primaryImageOfPage\":{\"@id\":\"https:\/\/www.lerobinetdor.com\/de\/services-hotel-robinet-or-paris\/#primaryimage\"},\"image\":{\"@id\":\"https:\/\/www.lerobinetdor.com\/de\/services-hotel-robinet-or-paris\/#primaryimage\"},\"thumbnailUrl\":\"https:\/\/www.lerobinetdor.com\/new\/wp-content\/uploads\/2020\/08\/border.png\",\"datePublished\":\"2024-02-04T18:09:36+00:00\",\"dateModified\":\"2024-04-11T16:09:09+00:00\",\"description\":\"Hotel Restaurant Le Robinet d'Or Paris, 3-Sterne-Hotel, Hotel Gare du Nord, Hotel Gare de l'Est, Hotel und Restaurant Canal Saint-Martin Paris Est\",\"breadcrumb\":{\"@id\":\"https:\/\/www.lerobinetdor.com\/de\/services-hotel-robinet-or-paris\/#breadcrumb\"},\"inLanguage\":\"de\",\"potentialAction\":[{\"@type\":\"ReadAction\",\"target\":[\"https:\/\/www.lerobinetdor.com\/de\/services-hotel-robinet-or-paris\/\"]}]},{\"@type\":\"ImageObject\",\"inLanguage\":\"de\",\"@id\":\"https:\/\/www.lerobinetdor.com\/de\/services-hotel-robinet-or-paris\/#primaryimage\",\"url\":\"https:\/\/www.lerobinetdor.com\/wp-content\/uploads\/2020\/08\/border.png\",\"contentUrl\":\"https:\/\/www.lerobinetdor.com\/wp-content\/uploads\/2020\/08\/border.png\",\"width\":70,\"height\":2,\"caption\":\"m\"},{\"@type\":\"BreadcrumbList\",\"@id\":\"https:\/\/www.lerobinetdor.com\/de\/services-hotel-robinet-or-paris\/#breadcrumb\",\"itemListElement\":[{\"@type\":\"ListItem\",\"position\":1,\"name\":\"Accueil\",\"item\":\"https:\/\/www.lerobinetdor.com\/de\/\"},{\"@type\":\"ListItem\",\"position\":2,\"name\":\"Services\"}]},{\"@type\":\"WebSite\",\"@id\":\"https:\/\/www.lerobinetdor.com\/#website\",\"url\":\"https:\/\/www.lerobinetdor.com\/\",\"name\":\"Le Robinet d&#039;Or\",\"description\":\"\",\"potentialAction\":[{\"@type\":\"SearchAction\",\"target\":{\"@type\":\"EntryPoint\",\"urlTemplate\":\"https:\/\/www.lerobinetdor.com\/?s={search_term_string}\"},\"query-input\":\"required name=search_term_string\"}],\"inLanguage\":\"de\"}]}<\/script>\n<!-- \/ Yoast SEO plugin. -->","yoast_head_json":{"title":"SERVICELEISTUNGEN - Hotel Le Robinet d'Or Paris Canal Saint Martin","description":"Hotel Restaurant Le Robinet d'Or Paris, 3-Sterne-Hotel, Hotel Gare du Nord, Hotel Gare de l'Est, Hotel und Restaurant Canal Saint-Martin Paris Est","robots":{"index":"index","follow":"follow","max-snippet":"max-snippet:-1","max-image-preview":"max-image-preview:large","max-video-preview":"max-video-preview:-1"},"canonical":"https:\/\/www.lerobinetdor.com\/de\/services-hotel-robinet-or-paris\/","og_locale":"de_DE","og_type":"article","og_title":"SERVICELEISTUNGEN - Hotel Le Robinet d'Or Paris Canal Saint Martin","og_description":"Hotel Restaurant Le Robinet d'Or Paris, 3-Sterne-Hotel, Hotel Gare du Nord, Hotel Gare de l'Est, Hotel und Restaurant Canal Saint-Martin Paris Est","og_url":"https:\/\/www.lerobinetdor.com\/de\/services-hotel-robinet-or-paris\/","og_site_name":"Le Robinet d&#039;Or","article_modified_time":"2024-04-11T16:09:09+00:00","og_image":[{"url":"https:\/\/www.lerobinetdor.com\/new\/wp-content\/uploads\/2020\/08\/border.png"}],"twitter_card":"summary_large_image","twitter_misc":{"Gesch\u00e4tzte Lesezeit":"3\u00a0Minuten"},"schema":{"@context":"https:\/\/schema.org","@graph":[{"@type":"WebPage","@id":"https:\/\/www.lerobinetdor.com\/de\/services-hotel-robinet-or-paris\/","url":"https:\/\/www.lerobinetdor.com\/de\/services-hotel-robinet-or-paris\/","name":"SERVICELEISTUNGEN - Hotel Le Robinet d'Or Paris Canal Saint Martin","isPartOf":{"@id":"https:\/\/www.lerobinetdor.com\/#website"},"primaryImageOfPage":{"@id":"https:\/\/www.lerobinetdor.com\/de\/services-hotel-robinet-or-paris\/#primaryimage"},"image":{"@id":"https:\/\/www.lerobinetdor.com\/de\/services-hotel-robinet-or-paris\/#primaryimage"},"thumbnailUrl":"https:\/\/www.lerobinetdor.com\/new\/wp-content\/uploads\/2020\/08\/border.png","datePublished":"2024-02-04T18:09:36+00:00","dateModified":"2024-04-11T16:09:09+00:00","description":"Hotel Restaurant Le Robinet d'Or Paris, 3-Sterne-Hotel, Hotel Gare du Nord, Hotel Gare de l'Est, Hotel und Restaurant Canal Saint-Martin Paris Est","breadcrumb":{"@id":"https:\/\/www.lerobinetdor.com\/de\/services-hotel-robinet-or-paris\/#breadcrumb"},"inLanguage":"de","potentialAction":[{"@type":"ReadAction","target":["https:\/\/www.lerobinetdor.com\/de\/services-hotel-robinet-or-paris\/"]}]},{"@type":"ImageObject","inLanguage":"de","@id":"https:\/\/www.lerobinetdor.com\/de\/services-hotel-robinet-or-paris\/#primaryimage","url":"https:\/\/www.lerobinetdor.com\/wp-content\/uploads\/2020\/08\/border.png","contentUrl":"https:\/\/www.lerobinetdor.com\/wp-content\/uploads\/2020\/08\/border.png","width":70,"height":2,"caption":"m"},{"@type":"BreadcrumbList","@id":"https:\/\/www.lerobinetdor.com\/de\/services-hotel-robinet-or-paris\/#breadcrumb","itemListElement":[{"@type":"ListItem","position":1,"name":"Accueil","item":"https:\/\/www.lerobinetdor.com\/de\/"},{"@type":"ListItem","position":2,"name":"Services"}]},{"@type":"WebSite","@id":"https:\/\/www.lerobinetdor.com\/#website","url":"https:\/\/www.lerobinetdor.com\/","name":"Le Robinet d&#039;Or","description":"","potentialAction":[{"@type":"SearchAction","target":{"@type":"EntryPoint","urlTemplate":"https:\/\/www.lerobinetdor.com\/?s={search_term_string}"},"query-input":"required name=search_term_string"}],"inLanguage":"de"}]}},"_links":{"self":[{"href":"https:\/\/www.lerobinetdor.com\/de\/wp-json\/wp\/v2\/pages\/1954","targetHints":{"allow":["GET"]}}],"collection":[{"href":"https:\/\/www.lerobinetdor.com\/de\/wp-json\/wp\/v2\/pages"}],"about":[{"href":"https:\/\/www.lerobinetdor.com\/de\/wp-json\/wp\/v2\/types\/page"}],"author":[{"embeddable":true,"href":"https:\/\/www.lerobinetdor.com\/de\/wp-json\/wp\/v2\/users\/1"}],"replies":[{"embeddable":true,"href":"https:\/\/www.lerobinetdor.com\/de\/wp-json\/wp\/v2\/comments?post=1954"}],"version-history":[{"count":7,"href":"https:\/\/www.lerobinetdor.com\/de\/wp-json\/wp\/v2\/pages\/1954\/revisions"}],"predecessor-version":[{"id":2397,"href":"https:\/\/www.lerobinetdor.com\/de\/wp-json\/wp\/v2\/pages\/1954\/revisions\/2397"}],"wp:attachment":[{"href":"https:\/\/www.lerobinetdor.com\/de\/wp-json\/wp\/v2\/media?parent=1954"}],"curies":[{"name":"wp","href":"https:\/\/api.w.org\/{rel}","templated":true}]}}