{"id":1958,"date":"2020-08-11T09:42:16","date_gmt":"2020-08-11T07:42:16","guid":{"rendered":"https:\/\/www.lerobinetdor.com\/new\/situation-hotel-le-robinet-d-or-paris\/"},"modified":"2024-04-11T18:31:02","modified_gmt":"2024-04-11T16:31:02","slug":"lage-hotel-le-robinet-d-or-paris","status":"publish","type":"page","link":"https:\/\/www.lerobinetdor.com\/de\/lage-hotel-le-robinet-d-or-paris\/","title":{"rendered":"Situation"},"content":{"rendered":"\t\t<div data-elementor-type=\"wp-page\" data-elementor-id=\"1958\" class=\"elementor elementor-1958\">\n\t\t\t\t\t\t<section class=\"elementor-section elementor-top-section elementor-element elementor-element-871e797 elementor-section-full_width qode_elementor_container_inner elementor-section-height-default elementor-section-height-default parallax_section_no\" data-id=\"871e797\" data-element_type=\"section\">\n\t\t\t\t\t\t<div class=\"elementor-container elementor-column-gap-no\">\n\t\t\t\t\t<div class=\"elementor-column elementor-col-100 elementor-top-column elementor-element elementor-element-122f97d\" data-id=\"122f97d\" data-element_type=\"column\">\n\t\t\t<div class=\"elementor-widget-wrap elementor-element-populated\">\n\t\t\t\t<div class=\"elementor-element elementor-element-0f0e21a e-con-full e-flex parallax_section_no qode_elementor_container_no e-con e-parent\" data-id=\"0f0e21a\" data-element_type=\"container\" data-core-v316-plus=\"true\">\n\t\t\t\t<div class=\"elementor-element elementor-element-a03b126 elementor-widget elementor-widget-html\" data-id=\"a03b126\" data-element_type=\"widget\" data-widget_type=\"html.default\">\n\t\t\t\t<div class=\"elementor-widget-container\">\n\t\t\t<iframe src=\"https:\/\/www.google.com\/maps\/embed?pb=!1m18!1m12!1m3!1d7421.661915957922!2d2.359582584156386!3d48.87815852250853!2m3!1f0!2f0!3f0!3m2!1i1024!2i768!4f13.1!3m3!1m2!1s0x47e66e74f31661d7%3A0xef7d22e1b099e43c!2s17+Rue+Robert+Blache%2C+75010+Paris!5e0!3m2!1sfr!2sfr!4v1448900018803\" width=\"100%\" height=\"350\" frameborder=\"0\" style=\"border:0\" allowfullscreen=\"\" class=\"image-left\"><\/iframe>\t\t<\/div>\n\t\t\t\t<\/div>\n\t\t\t\t<\/div>\n\t\t\t\t<div class=\"elementor-element elementor-element-3071374 elementor-widget elementor-widget-text-editor\" data-id=\"3071374\" data-element_type=\"widget\" data-widget_type=\"text-editor.default\">\n\t\t\t\t<div class=\"elementor-widget-container\">\n\t\t\t<style>\/*! elementor - v3.20.0 - 26-03-2024 *\/\n.elementor-widget-text-editor.elementor-drop-cap-view-stacked .elementor-drop-cap{background-color:#69727d;color:#fff}.elementor-widget-text-editor.elementor-drop-cap-view-framed .elementor-drop-cap{color:#69727d;border:3px solid;background-color:transparent}.elementor-widget-text-editor:not(.elementor-drop-cap-view-default) .elementor-drop-cap{margin-top:8px}.elementor-widget-text-editor:not(.elementor-drop-cap-view-default) .elementor-drop-cap-letter{width:1em;height:1em}.elementor-widget-text-editor .elementor-drop-cap{float:left;text-align:center;line-height:1;font-size:50px}.elementor-widget-text-editor .elementor-drop-cap-letter{display:inline-block}<\/style>\t\t\t\t<h1 style=\"text-align: center;\">LAGE HOTEL LE ROBINET D\u2019OR<\/h1>\t\t\t\t\t\t<\/div>\n\t\t\t\t<\/div>\n\t\t\t\t<div class=\"elementor-element elementor-element-05fb0c4 elementor-widget elementor-widget-image\" data-id=\"05fb0c4\" data-element_type=\"widget\" data-widget_type=\"image.default\">\n\t\t\t\t<div class=\"elementor-widget-container\">\n\t\t\t<style>\/*! elementor - v3.20.0 - 26-03-2024 *\/\n.elementor-widget-image{text-align:center}.elementor-widget-image a{display:inline-block}.elementor-widget-image a img[src$=\".svg\"]{width:48px}.elementor-widget-image img{vertical-align:middle;display:inline-block}<\/style>\t\t\t\t\t\t\t\t\t\t<img decoding=\"async\" src=\"https:\/\/www.lerobinetdor.com\/new\/wp-content\/uploads\/2020\/08\/border.png\" title=\"\" alt=\"\" loading=\"lazy\" \/>\t\t\t\t\t\t\t\t\t\t\t\t\t<\/div>\n\t\t\t\t<\/div>\n\t\t\t\t<div class=\"elementor-element elementor-element-9293fb0 elementor-widget elementor-widget-text-editor\" data-id=\"9293fb0\" data-element_type=\"widget\" data-widget_type=\"text-editor.default\">\n\t\t\t\t<div class=\"elementor-widget-container\">\n\t\t\t\t\t\t\t<h4 style=\"text-align: center;\">Le Robinet d\u2019Or liegt im neuen Trendviertel Canal Saint Martin, ganz in der N\u00e4he des Gare de l\u2019Est und des Gare du Nord. Friedlich, am Wochenende komplett verkehrsberuhigt, zur Freude von Wander-, Rad- oder Inlineskater-Fans.<\/h4>\t\t\t\t\t\t<\/div>\n\t\t\t\t<\/div>\n\t\t\t\t<div class=\"elementor-element elementor-element-e4fd4e9 elementor-widget elementor-widget-text-editor\" data-id=\"e4fd4e9\" data-element_type=\"widget\" data-widget_type=\"text-editor.default\">\n\t\t\t\t<div class=\"elementor-widget-container\">\n\t\t\t\t\t\t\t<p style=\"text-align: center;\">Eine Kreuzfahrt auf dem Kanal Cit\u00e9 des Sciences l\u00e4dt Sie ein, die ber\u00fchmte \u201eAtmosph\u00e8re\u201c von Arletti bis zum Hafen des Arsenal de Bastille zu entdecken. Bei sch\u00f6nem Wetter wird der von B\u00e4umen ges\u00e4umte Kanal zum unverzichtbaren Ort f\u00fcr Picknicks und Aperitifs nach der Arbeit, fernab vom Trubel auf den Hauptverkehrsadern der Stadt.<BR>\nEin idealer Zwischenstopp, um den Charme der Umgebung zu genie\u00dfen.<\/p>\t\t\t\t\t\t<\/div>\n\t\t\t\t<\/div>\n\t\t\t\t<div class=\"elementor-element elementor-element-4f70f12 elementor-widget elementor-widget-image\" data-id=\"4f70f12\" data-element_type=\"widget\" data-widget_type=\"image.default\">\n\t\t\t\t<div class=\"elementor-widget-container\">\n\t\t\t\t\t\t\t\t\t\t\t\t\t<img fetchpriority=\"high\" decoding=\"async\" width=\"1200\" height=\"630\" src=\"https:\/\/www.lerobinetdor.com\/wp-content\/uploads\/2023\/12\/city.jpg\" class=\"attachment-full size-full wp-image-321\" alt=\"\" srcset=\"https:\/\/www.lerobinetdor.com\/wp-content\/uploads\/2023\/12\/city.jpg 1200w, https:\/\/www.lerobinetdor.com\/wp-content\/uploads\/2023\/12\/city-300x158.jpg 300w, https:\/\/www.lerobinetdor.com\/wp-content\/uploads\/2023\/12\/city-1024x538.jpg 1024w, https:\/\/www.lerobinetdor.com\/wp-content\/uploads\/2023\/12\/city-768x403.jpg 768w, https:\/\/www.lerobinetdor.com\/wp-content\/uploads\/2023\/12\/city-700x368.jpg 700w\" sizes=\"(max-width: 1200px) 100vw, 1200px\" \/>\t\t\t\t\t\t\t\t\t\t\t\t\t<\/div>\n\t\t\t\t<\/div>\n\t\t\t\t\t<\/div>\n\t\t<\/div>\n\t\t\t\t\t<\/div>\n\t\t<\/section>\n\t\t\t\t<section class=\"elementor-section elementor-top-section elementor-element elementor-element-3d9dca3e elementor-section-full_width qode_elementor_container_inner elementor-section-height-default elementor-section-height-default parallax_section_no\" data-id=\"3d9dca3e\" data-element_type=\"section\">\n\t\t\t\t\t\t<div class=\"elementor-container elementor-column-gap-no\">\n\t\t\t\t\t<div class=\"elementor-column elementor-col-100 elementor-top-column elementor-element elementor-element-654063fd\" data-id=\"654063fd\" data-element_type=\"column\">\n\t\t\t<div class=\"elementor-widget-wrap elementor-element-populated\">\n\t\t\t\t\t\t<div class=\"elementor-element elementor-element-6f87464f elementor-widget elementor-widget-text-editor\" data-id=\"6f87464f\" data-element_type=\"widget\" data-widget_type=\"text-editor.default\">\n\t\t\t\t<div class=\"elementor-widget-container\">\n\t\t\t\t\t\t\t<h1>\u00d6FFENTLICHER VERKEHR<\/h1>\t\t\t\t\t\t<\/div>\n\t\t\t\t<\/div>\n\t\t\t\t<div class=\"elementor-element elementor-element-593b92fc elementor-widget elementor-widget-image\" data-id=\"593b92fc\" data-element_type=\"widget\" data-widget_type=\"image.default\">\n\t\t\t\t<div class=\"elementor-widget-container\">\n\t\t\t\t\t\t\t\t\t\t\t\t\t<img decoding=\"async\" src=\"https:\/\/www.lerobinetdor.com\/new\/wp-content\/uploads\/2020\/08\/border.png\" title=\"\" alt=\"\" loading=\"lazy\" \/>\t\t\t\t\t\t\t\t\t\t\t\t\t<\/div>\n\t\t\t\t<\/div>\n\t\t\t\t<section class=\"elementor-section elementor-inner-section elementor-element elementor-element-24f5b2a1 elementor-section-full_width elementor-section-height-default elementor-section-height-default parallax_section_no qode_elementor_container_no\" data-id=\"24f5b2a1\" data-element_type=\"section\">\n\t\t\t\t\t\t<div class=\"elementor-container elementor-column-gap-no\">\n\t\t\t\t\t<div class=\"elementor-column elementor-col-50 elementor-inner-column elementor-element elementor-element-44888bde\" data-id=\"44888bde\" data-element_type=\"column\">\n\t\t\t<div class=\"elementor-widget-wrap elementor-element-populated\">\n\t\t\t\t\t\t<div class=\"elementor-element elementor-element-2f84619a elementor-widget elementor-widget-text-editor\" data-id=\"2f84619a\" data-element_type=\"widget\" data-widget_type=\"text-editor.default\">\n\t\t\t\t<div class=\"elementor-widget-container\">\n\t\t\t\t\t\t\t<h5>METRO<\/h5><ul><li>Linie 7, Haltestelle \u201eCh\u00e2teau Landon\u201c, Ausfahrt: 188, Rue du Faubourg-Saint-Martin, Haltestelle Gare de l\u2019Est<\/li><li>Linien 4, 5 und 7, Haltestelle \u201eGare de l\u2019Est\u201c<\/li><\/ul><h5>RER<\/h5><ul><li>B, D und E: Gare du Nord<\/li><\/ul><hr \/><h4>\u00a0<\/h4><h4 class=\"media-header\">PARKEN<\/h4><p>Auf vorherige Anfrage steht in der N\u00e4he des Hotels eine sichere Tiefgarage f\u00fcr 30 \u20ac pro Nacht zur Verf\u00fcgung.<\/p><p>\u00a0<\/p><hr \/><h4>\u00a0<\/h4><h4 class=\"media-header\">VON DEN FLUGH\u00c4FEN<\/h4><p>Von den Flugh\u00e4fen Roissy Charles De Gaulle oder Orly nehmen Sie den RER B zum Gare du Nord, dann zu Fu\u00df oder mit der U-Bahn-Linie 4 oder 5 zum Gare de l&#8217;Est und nehmen Sie den Ausgang 4, Rue du Faubourg Saint Martin: Verwenden Sie dasselbe Ticket f\u00fcr den RER und Die U-Bahn<\/p><p>Vom Flughafen Beauvais Tille aus nutzen Sie den Flughafen-Shuttle, der am Porte Maillot h\u00e4lt, dann nehmen Sie die U-Bahn-Linie 1 bis \u201eConcorde\u201c und steigen in die Linie 7 bis \u201eCh\u00e2teau Landon\u201c um.<\/p><p>Weitere Informationen: www.aeroportbeauvais.com \u2013 www.ratp.fr<\/p>\t\t\t\t\t\t<\/div>\n\t\t\t\t<\/div>\n\t\t\t\t\t<\/div>\n\t\t<\/div>\n\t\t\t\t<div class=\"elementor-column elementor-col-50 elementor-inner-column elementor-element elementor-element-42e57387\" data-id=\"42e57387\" data-element_type=\"column\">\n\t\t\t<div class=\"elementor-widget-wrap elementor-element-populated\">\n\t\t\t\t<div class=\"elementor-element elementor-element-57ce561 e-flex e-con-boxed parallax_section_no qode_elementor_container_no e-con e-parent\" data-id=\"57ce561\" data-element_type=\"container\" data-core-v316-plus=\"true\">\n\t\t\t\t\t<div class=\"e-con-inner\">\n\t\t\t\t<div class=\"elementor-element elementor-element-8925a64 elementor-widget elementor-widget-image\" data-id=\"8925a64\" data-element_type=\"widget\" data-widget_type=\"image.default\">\n\t\t\t\t<div class=\"elementor-widget-container\">\n\t\t\t\t\t\t\t\t\t\t\t\t\t<img decoding=\"async\" width=\"1500\" height=\"1000\" src=\"https:\/\/www.lerobinetdor.com\/wp-content\/uploads\/2023\/10\/le-robinet-d-or-paris-008.jpg\" class=\"attachment-full size-full wp-image-33\" alt=\"H\u00f4tel Restaurant Le Robinet d&#039;Or Paris\" srcset=\"https:\/\/www.lerobinetdor.com\/wp-content\/uploads\/2023\/10\/le-robinet-d-or-paris-008.jpg 1500w, https:\/\/www.lerobinetdor.com\/wp-content\/uploads\/2023\/10\/le-robinet-d-or-paris-008-300x200.jpg 300w, https:\/\/www.lerobinetdor.com\/wp-content\/uploads\/2023\/10\/le-robinet-d-or-paris-008-1024x683.jpg 1024w, https:\/\/www.lerobinetdor.com\/wp-content\/uploads\/2023\/10\/le-robinet-d-or-paris-008-768x512.jpg 768w\" sizes=\"(max-width: 1500px) 100vw, 1500px\" \/>\t\t\t\t\t\t\t\t\t\t\t\t\t<\/div>\n\t\t\t\t<\/div>\n\t\t\t\t\t<\/div>\n\t\t\t\t<\/div>\n\t\t\t\t\t<\/div>\n\t\t<\/div>\n\t\t\t\t\t<\/div>\n\t\t<\/section>\n\t\t\t\t\t<\/div>\n\t\t<\/div>\n\t\t\t\t\t<\/div>\n\t\t<\/section>\n\t\t\t\t<\/div>\n\t\t","protected":false},"excerpt":{"rendered":"<p>LAGE HOTEL LE ROBINET D\u2019OR Le Robinet d\u2019Or liegt im neuen Trendviertel Canal Saint Martin, ganz in der N\u00e4he des Gare de l\u2019Est und des Gare du Nord. Friedlich, am Wochenende komplett verkehrsberuhigt, zur Freude von Wander-, Rad- oder Inlineskater-Fans. Eine Kreuzfahrt auf dem Kanal&#8230;<\/p>\n","protected":false},"author":1,"featured_media":0,"parent":0,"menu_order":0,"comment_status":"closed","ping_status":"closed","template":"full_width.php","meta":{"footnotes":""},"class_list":["post-1958","page","type-page","status-publish","hentry"],"yoast_head":"<!-- This site is optimized with the Yoast SEO plugin v22.3 - https:\/\/yoast.com\/wordpress\/plugins\/seo\/ -->\n<title>Lage Hotel Le Robinet d&#039;Or Paris, Gare du Nord, Gare de l&#039;Est<\/title>\n<meta name=\"description\" content=\"Lage Hotel Le Robinet d&#039;Or Paris, 3-Sterne-Hotel, Hotel Gare du Nord, Hotel Gare de l&#039;Est, Hotel und Restaurant Canal Saint-Martin Paris Est\" \/>\n<meta name=\"robots\" content=\"index, follow, max-snippet:-1, max-image-preview:large, max-video-preview:-1\" \/>\n<link rel=\"canonical\" href=\"https:\/\/www.lerobinetdor.com\/de\/lage-hotel-le-robinet-d-or-paris\/\" \/>\n<meta property=\"og:locale\" content=\"de_DE\" \/>\n<meta property=\"og:type\" content=\"article\" \/>\n<meta property=\"og:title\" content=\"Lage Hotel Le Robinet d&#039;Or Paris, Gare du Nord, Gare de l&#039;Est\" \/>\n<meta property=\"og:description\" content=\"Lage Hotel Le Robinet d&#039;Or Paris, 3-Sterne-Hotel, Hotel Gare du Nord, Hotel Gare de l&#039;Est, Hotel und Restaurant Canal Saint-Martin Paris Est\" \/>\n<meta property=\"og:url\" content=\"https:\/\/www.lerobinetdor.com\/de\/lage-hotel-le-robinet-d-or-paris\/\" \/>\n<meta property=\"og:site_name\" content=\"Le Robinet d&#039;Or\" \/>\n<meta property=\"article:modified_time\" content=\"2024-04-11T16:31:02+00:00\" \/>\n<meta property=\"og:image\" content=\"https:\/\/www.lerobinetdor.com\/new\/wp-content\/uploads\/2020\/08\/border.png\" \/>\n<meta name=\"twitter:card\" content=\"summary_large_image\" \/>\n<meta name=\"twitter:label1\" content=\"Gesch\u00e4tzte Lesezeit\" \/>\n\t<meta name=\"twitter:data1\" content=\"3\u00a0Minuten\" \/>\n<script type=\"application\/ld+json\" class=\"yoast-schema-graph\">{\"@context\":\"https:\/\/schema.org\",\"@graph\":[{\"@type\":\"WebPage\",\"@id\":\"https:\/\/www.lerobinetdor.com\/de\/lage-hotel-le-robinet-d-or-paris\/\",\"url\":\"https:\/\/www.lerobinetdor.com\/de\/lage-hotel-le-robinet-d-or-paris\/\",\"name\":\"Lage Hotel Le Robinet d'Or Paris, Gare du Nord, Gare de l'Est\",\"isPartOf\":{\"@id\":\"https:\/\/www.lerobinetdor.com\/#website\"},\"primaryImageOfPage\":{\"@id\":\"https:\/\/www.lerobinetdor.com\/de\/lage-hotel-le-robinet-d-or-paris\/#primaryimage\"},\"image\":{\"@id\":\"https:\/\/www.lerobinetdor.com\/de\/lage-hotel-le-robinet-d-or-paris\/#primaryimage\"},\"thumbnailUrl\":\"https:\/\/www.lerobinetdor.com\/new\/wp-content\/uploads\/2020\/08\/border.png\",\"datePublished\":\"2020-08-11T07:42:16+00:00\",\"dateModified\":\"2024-04-11T16:31:02+00:00\",\"description\":\"Lage Hotel Le Robinet d'Or Paris, 3-Sterne-Hotel, Hotel Gare du Nord, Hotel Gare de l'Est, Hotel und Restaurant Canal Saint-Martin Paris Est\",\"breadcrumb\":{\"@id\":\"https:\/\/www.lerobinetdor.com\/de\/lage-hotel-le-robinet-d-or-paris\/#breadcrumb\"},\"inLanguage\":\"de\",\"potentialAction\":[{\"@type\":\"ReadAction\",\"target\":[\"https:\/\/www.lerobinetdor.com\/de\/lage-hotel-le-robinet-d-or-paris\/\"]}]},{\"@type\":\"ImageObject\",\"inLanguage\":\"de\",\"@id\":\"https:\/\/www.lerobinetdor.com\/de\/lage-hotel-le-robinet-d-or-paris\/#primaryimage\",\"url\":\"https:\/\/www.lerobinetdor.com\/wp-content\/uploads\/2020\/08\/border.png\",\"contentUrl\":\"https:\/\/www.lerobinetdor.com\/wp-content\/uploads\/2020\/08\/border.png\",\"width\":70,\"height\":2,\"caption\":\"m\"},{\"@type\":\"BreadcrumbList\",\"@id\":\"https:\/\/www.lerobinetdor.com\/de\/lage-hotel-le-robinet-d-or-paris\/#breadcrumb\",\"itemListElement\":[{\"@type\":\"ListItem\",\"position\":1,\"name\":\"Accueil\",\"item\":\"https:\/\/www.lerobinetdor.com\/de\/\"},{\"@type\":\"ListItem\",\"position\":2,\"name\":\"Situation\"}]},{\"@type\":\"WebSite\",\"@id\":\"https:\/\/www.lerobinetdor.com\/#website\",\"url\":\"https:\/\/www.lerobinetdor.com\/\",\"name\":\"Le Robinet d&#039;Or\",\"description\":\"\",\"potentialAction\":[{\"@type\":\"SearchAction\",\"target\":{\"@type\":\"EntryPoint\",\"urlTemplate\":\"https:\/\/www.lerobinetdor.com\/?s={search_term_string}\"},\"query-input\":\"required name=search_term_string\"}],\"inLanguage\":\"de\"}]}<\/script>\n<!-- \/ Yoast SEO plugin. -->","yoast_head_json":{"title":"Lage Hotel Le Robinet d'Or Paris, Gare du Nord, Gare de l'Est","description":"Lage Hotel Le Robinet d'Or Paris, 3-Sterne-Hotel, Hotel Gare du Nord, Hotel Gare de l'Est, Hotel und Restaurant Canal Saint-Martin Paris Est","robots":{"index":"index","follow":"follow","max-snippet":"max-snippet:-1","max-image-preview":"max-image-preview:large","max-video-preview":"max-video-preview:-1"},"canonical":"https:\/\/www.lerobinetdor.com\/de\/lage-hotel-le-robinet-d-or-paris\/","og_locale":"de_DE","og_type":"article","og_title":"Lage Hotel Le Robinet d'Or Paris, Gare du Nord, Gare de l'Est","og_description":"Lage Hotel Le Robinet d'Or Paris, 3-Sterne-Hotel, Hotel Gare du Nord, Hotel Gare de l'Est, Hotel und Restaurant Canal Saint-Martin Paris Est","og_url":"https:\/\/www.lerobinetdor.com\/de\/lage-hotel-le-robinet-d-or-paris\/","og_site_name":"Le Robinet d&#039;Or","article_modified_time":"2024-04-11T16:31:02+00:00","og_image":[{"url":"https:\/\/www.lerobinetdor.com\/new\/wp-content\/uploads\/2020\/08\/border.png"}],"twitter_card":"summary_large_image","twitter_misc":{"Gesch\u00e4tzte Lesezeit":"3\u00a0Minuten"},"schema":{"@context":"https:\/\/schema.org","@graph":[{"@type":"WebPage","@id":"https:\/\/www.lerobinetdor.com\/de\/lage-hotel-le-robinet-d-or-paris\/","url":"https:\/\/www.lerobinetdor.com\/de\/lage-hotel-le-robinet-d-or-paris\/","name":"Lage Hotel Le Robinet d'Or Paris, Gare du Nord, Gare de l'Est","isPartOf":{"@id":"https:\/\/www.lerobinetdor.com\/#website"},"primaryImageOfPage":{"@id":"https:\/\/www.lerobinetdor.com\/de\/lage-hotel-le-robinet-d-or-paris\/#primaryimage"},"image":{"@id":"https:\/\/www.lerobinetdor.com\/de\/lage-hotel-le-robinet-d-or-paris\/#primaryimage"},"thumbnailUrl":"https:\/\/www.lerobinetdor.com\/new\/wp-content\/uploads\/2020\/08\/border.png","datePublished":"2020-08-11T07:42:16+00:00","dateModified":"2024-04-11T16:31:02+00:00","description":"Lage Hotel Le Robinet d'Or Paris, 3-Sterne-Hotel, Hotel Gare du Nord, Hotel Gare de l'Est, Hotel und Restaurant Canal Saint-Martin Paris Est","breadcrumb":{"@id":"https:\/\/www.lerobinetdor.com\/de\/lage-hotel-le-robinet-d-or-paris\/#breadcrumb"},"inLanguage":"de","potentialAction":[{"@type":"ReadAction","target":["https:\/\/www.lerobinetdor.com\/de\/lage-hotel-le-robinet-d-or-paris\/"]}]},{"@type":"ImageObject","inLanguage":"de","@id":"https:\/\/www.lerobinetdor.com\/de\/lage-hotel-le-robinet-d-or-paris\/#primaryimage","url":"https:\/\/www.lerobinetdor.com\/wp-content\/uploads\/2020\/08\/border.png","contentUrl":"https:\/\/www.lerobinetdor.com\/wp-content\/uploads\/2020\/08\/border.png","width":70,"height":2,"caption":"m"},{"@type":"BreadcrumbList","@id":"https:\/\/www.lerobinetdor.com\/de\/lage-hotel-le-robinet-d-or-paris\/#breadcrumb","itemListElement":[{"@type":"ListItem","position":1,"name":"Accueil","item":"https:\/\/www.lerobinetdor.com\/de\/"},{"@type":"ListItem","position":2,"name":"Situation"}]},{"@type":"WebSite","@id":"https:\/\/www.lerobinetdor.com\/#website","url":"https:\/\/www.lerobinetdor.com\/","name":"Le Robinet d&#039;Or","description":"","potentialAction":[{"@type":"SearchAction","target":{"@type":"EntryPoint","urlTemplate":"https:\/\/www.lerobinetdor.com\/?s={search_term_string}"},"query-input":"required name=search_term_string"}],"inLanguage":"de"}]}},"_links":{"self":[{"href":"https:\/\/www.lerobinetdor.com\/de\/wp-json\/wp\/v2\/pages\/1958","targetHints":{"allow":["GET"]}}],"collection":[{"href":"https:\/\/www.lerobinetdor.com\/de\/wp-json\/wp\/v2\/pages"}],"about":[{"href":"https:\/\/www.lerobinetdor.com\/de\/wp-json\/wp\/v2\/types\/page"}],"author":[{"embeddable":true,"href":"https:\/\/www.lerobinetdor.com\/de\/wp-json\/wp\/v2\/users\/1"}],"replies":[{"embeddable":true,"href":"https:\/\/www.lerobinetdor.com\/de\/wp-json\/wp\/v2\/comments?post=1958"}],"version-history":[{"count":10,"href":"https:\/\/www.lerobinetdor.com\/de\/wp-json\/wp\/v2\/pages\/1958\/revisions"}],"predecessor-version":[{"id":2403,"href":"https:\/\/www.lerobinetdor.com\/de\/wp-json\/wp\/v2\/pages\/1958\/revisions\/2403"}],"wp:attachment":[{"href":"https:\/\/www.lerobinetdor.com\/de\/wp-json\/wp\/v2\/media?parent=1958"}],"curies":[{"name":"wp","href":"https:\/\/api.w.org\/{rel}","templated":true}]}}