{"id":1965,"date":"2024-02-06T09:55:18","date_gmt":"2024-02-06T08:55:18","guid":{"rendered":"https:\/\/www.lerobinetdor.com\/new\/suite-executive\/"},"modified":"2025-02-03T15:20:40","modified_gmt":"2025-02-03T14:20:40","slug":"suite-ejecutiva","status":"publish","type":"page","link":"https:\/\/www.lerobinetdor.com\/es\/suite-ejecutiva\/","title":{"rendered":"Suite Executive"},"content":{"rendered":"\t\t<div data-elementor-type=\"wp-page\" data-elementor-id=\"1965\" class=\"elementor elementor-1965\">\n\t\t\t\t\t\t<section class=\"elementor-section elementor-top-section elementor-element elementor-element-525856e elementor-section-full_width qode_elementor_container_inner elementor-section-height-default elementor-section-height-default parallax_section_no\" data-id=\"525856e\" data-element_type=\"section\">\n\t\t\t\t\t\t<div class=\"elementor-container elementor-column-gap-no\">\n\t\t\t\t\t<div class=\"elementor-column elementor-col-100 elementor-top-column elementor-element elementor-element-e17c34f\" data-id=\"e17c34f\" data-element_type=\"column\">\n\t\t\t<div class=\"elementor-widget-wrap elementor-element-populated\">\n\t\t\t\t\t\t<div class=\"elementor-element elementor-element-143baf4 elementor-widget elementor-widget-text-editor\" data-id=\"143baf4\" data-element_type=\"widget\" data-widget_type=\"text-editor.default\">\n\t\t\t\t<div class=\"elementor-widget-container\">\n\t\t\t<style>\/*! elementor - v3.20.0 - 26-03-2024 *\/\n.elementor-widget-text-editor.elementor-drop-cap-view-stacked .elementor-drop-cap{background-color:#69727d;color:#fff}.elementor-widget-text-editor.elementor-drop-cap-view-framed .elementor-drop-cap{color:#69727d;border:3px solid;background-color:transparent}.elementor-widget-text-editor:not(.elementor-drop-cap-view-default) .elementor-drop-cap{margin-top:8px}.elementor-widget-text-editor:not(.elementor-drop-cap-view-default) .elementor-drop-cap-letter{width:1em;height:1em}.elementor-widget-text-editor .elementor-drop-cap{float:left;text-align:center;line-height:1;font-size:50px}.elementor-widget-text-editor .elementor-drop-cap-letter{display:inline-block}<\/style>\t\t\t\t<h1 style=\"text-align: center;\">SUITE EJECUTIVA<\/h1>\t\t\t\t\t\t<\/div>\n\t\t\t\t<\/div>\n\t\t\t\t<div class=\"elementor-element elementor-element-3eed7b9 elementor-widget elementor-widget-image\" data-id=\"3eed7b9\" data-element_type=\"widget\" data-widget_type=\"image.default\">\n\t\t\t\t<div class=\"elementor-widget-container\">\n\t\t\t<style>\/*! elementor - v3.20.0 - 26-03-2024 *\/\n.elementor-widget-image{text-align:center}.elementor-widget-image a{display:inline-block}.elementor-widget-image a img[src$=\".svg\"]{width:48px}.elementor-widget-image img{vertical-align:middle;display:inline-block}<\/style>\t\t\t\t\t\t\t\t\t\t<img decoding=\"async\" src=\"https:\/\/www.lerobinetdor.com\/new\/wp-content\/uploads\/2020\/08\/border.png\" title=\"\" alt=\"\" loading=\"lazy\" \/>\t\t\t\t\t\t\t\t\t\t\t\t\t<\/div>\n\t\t\t\t<\/div>\n\t\t\t\t<div class=\"elementor-element elementor-element-c6138fd elementor-widget elementor-widget-text-editor\" data-id=\"c6138fd\" data-element_type=\"widget\" data-widget_type=\"text-editor.default\">\n\t\t\t\t<div class=\"elementor-widget-container\">\n\t\t\t\t\t\t\t<h2 style=\"font-size: 24px; text-align: center; text-transform: none;\">1 a 5 personas<\/h2><p>\u00a0<\/p><p>Descubra la elegancia y el refinamiento absoluto en nuestra Suite Ejecutiva, un espacio dise\u00f1ado para combinar comodidad de alta gama con un dise\u00f1o sofisticado. Con un ambiente amplio y luminoso, esta suite puede alojar hasta 5 personas, lo que la convierte en la opci\u00f3n ideal para una estancia en familia, con amigos o para un viaje de negocios con total confort.\u00a0 <br \/><br \/>Desde la entrada, quedar\u00e1 cautivado por la perfecta armon\u00eda entre materiales nobles y toques contempor\u00e1neos. El suelo de parquet en espiga aporta una calidez elegante, realzada por un mobiliario cuidadosamente seleccionado y detalles refinados.\u00a0 <br \/><br \/>\u00a0Un espacio de vida sofisticado y funcional\u00a0 <br \/>El sal\u00f3n invita a la relajaci\u00f3n con su sof\u00e1 cama. Perfecto para una pausa de lectura o una noche acogedora, este espacio tambi\u00e9n est\u00e1 equipado con una pantalla plana con Chromecast, permiti\u00e9ndole transmitir su contenido favorito con facilidad. Grandes ventanales con cortinas elegantes dejan entrar una luz suave y tamizada, creando un ambiente relajante.\u00a0 <br \/><br \/>Un dormitorio de lujo para un descanso absoluto\u00a0 <br \/>El dormitorio principal es un verdadero refugio de serenidad, con una cama de alta gama para noches reparadoras. El papel pintado con motivos delicados a\u00f1ade un toque sofisticado, mientras que un amplio armario y un portaequipajes est\u00e1n disponibles para facilitar la organizaci\u00f3n.\u00a0 <br \/><br \/>La Suite Ejecutiva tambi\u00e9n ofrece una cama supletoria, perfecta para una quinta persona, garantizando espacio adicional sin comprometer la comodidad.\u00a0 <br \/><br \/>\u00a0Un ba\u00f1o refinado y relajante\u00a0 <br \/>El elegante ba\u00f1o, decorado con materiales prestigiosos, promete un momento de bienestar \u00fanico. Equipado con productos de cuidado L\u2019Occitane, combina modernidad y confort con acabados de alta calidad, una ducha espaciosa y equipamientos de lujo.\u00a0 <br \/><br \/>Equipamientos pensados para su confort\u00a0 <br \/>Para una estancia a\u00fan m\u00e1s placentera, la Suite Ejecutiva cuenta con numerosas comodidades:\u00a0 <br \/>\u2714 Caja fuerte para proteger sus objetos de valor\u00a0 <br \/>\u2714 Tel\u00e9fono y radio para mantenerse conectado\u00a0 <br \/>\u2714 Plancha y tabla de planchar para una comodidad \u00f3ptima\u00a0 <br \/>\u2714 Aire acondicionado y calefacci\u00f3n regulables para una temperatura ideal en cualquier temporada\u00a0 <br \/><br \/>\u00a0Una estancia excepcional para hasta 5 personas\u00a0 <br \/>Un verdadero refugio de refinamiento, la Suite Ejecutiva combina la elegancia parisina con la modernidad para una experiencia inolvidable. Ya sea en familia, con amigos o en viaje de negocios, este espacio \u00fanico le promete comodidad y serenidad.\u00a0<\/p>\t\t\t\t\t\t<\/div>\n\t\t\t\t<\/div>\n\t\t\t\t<div class=\"elementor-element elementor-element-b59f320 elementor-align-center elementor-widget elementor-widget-button\" data-id=\"b59f320\" data-element_type=\"widget\" data-widget_type=\"button.default\">\n\t\t\t\t<div class=\"elementor-widget-container\">\n\t\t\t\t\t<div class=\"elementor-button-wrapper\">\n\t\t\t<a class=\"elementor-button elementor-button-link elementor-size-sm\" href=\"https:\/\/www.secure-hotel-booking.com\/Le-Robinet-d-Or\/2YM1\/es\/\" target=\"_blank\">\n\t\t\t\t\t\t<span class=\"elementor-button-content-wrapper\">\n\t\t\t\t\t\t<span class=\"elementor-button-icon elementor-align-icon-right\">\n\t\t\t\t<svg aria-hidden=\"true\" class=\"e-font-icon-svg e-fas-calendar-alt\" viewBox=\"0 0 448 512\" xmlns=\"http:\/\/www.w3.org\/2000\/svg\"><path d=\"M0 464c0 26.5 21.5 48 48 48h352c26.5 0 48-21.5 48-48V192H0v272zm320-196c0-6.6 5.4-12 12-12h40c6.6 0 12 5.4 12 12v40c0 6.6-5.4 12-12 12h-40c-6.6 0-12-5.4-12-12v-40zm0 128c0-6.6 5.4-12 12-12h40c6.6 0 12 5.4 12 12v40c0 6.6-5.4 12-12 12h-40c-6.6 0-12-5.4-12-12v-40zM192 268c0-6.6 5.4-12 12-12h40c6.6 0 12 5.4 12 12v40c0 6.6-5.4 12-12 12h-40c-6.6 0-12-5.4-12-12v-40zm0 128c0-6.6 5.4-12 12-12h40c6.6 0 12 5.4 12 12v40c0 6.6-5.4 12-12 12h-40c-6.6 0-12-5.4-12-12v-40zM64 268c0-6.6 5.4-12 12-12h40c6.6 0 12 5.4 12 12v40c0 6.6-5.4 12-12 12H76c-6.6 0-12-5.4-12-12v-40zm0 128c0-6.6 5.4-12 12-12h40c6.6 0 12 5.4 12 12v40c0 6.6-5.4 12-12 12H76c-6.6 0-12-5.4-12-12v-40zM400 64h-48V16c0-8.8-7.2-16-16-16h-32c-8.8 0-16 7.2-16 16v48H160V16c0-8.8-7.2-16-16-16h-32c-8.8 0-16 7.2-16 16v48H48C21.5 64 0 85.5 0 112v48h448v-48c0-26.5-21.5-48-48-48z\"><\/path><\/svg>\t\t\t<\/span>\n\t\t\t\t\t\t<span class=\"elementor-button-text\">RESERVAR<\/span>\n\t\t<\/span>\n\t\t\t\t\t<\/a>\n\t\t<\/div>\n\t\t\t\t<\/div>\n\t\t\t\t<\/div>\n\t\t\t\t\t<\/div>\n\t\t<\/div>\n\t\t\t\t\t<\/div>\n\t\t<\/section>\n\t\t<div class=\"elementor-element elementor-element-424e339 e-con-full e-flex parallax_section_no qode_elementor_container_no e-con e-parent\" data-id=\"424e339\" data-element_type=\"container\" data-settings=\"{&quot;background_background&quot;:&quot;classic&quot;}\" data-core-v316-plus=\"true\">\n\t\t\t\t<div class=\"elementor-element elementor-element-a15e3a4 elementor-arrows-position-inside elementor-widget elementor-widget-image-carousel\" data-id=\"a15e3a4\" data-element_type=\"widget\" data-settings=\"{&quot;slides_to_show&quot;:&quot;2&quot;,&quot;navigation&quot;:&quot;arrows&quot;,&quot;autoplay&quot;:&quot;yes&quot;,&quot;pause_on_hover&quot;:&quot;yes&quot;,&quot;pause_on_interaction&quot;:&quot;yes&quot;,&quot;autoplay_speed&quot;:5000,&quot;infinite&quot;:&quot;yes&quot;,&quot;speed&quot;:500}\" data-widget_type=\"image-carousel.default\">\n\t\t\t\t<div class=\"elementor-widget-container\">\n\t\t\t<style>\/*! elementor - v3.20.0 - 26-03-2024 *\/\n.elementor-widget-image-carousel .swiper,.elementor-widget-image-carousel .swiper-container{position:static}.elementor-widget-image-carousel .swiper-container .swiper-slide figure,.elementor-widget-image-carousel .swiper .swiper-slide figure{line-height:inherit}.elementor-widget-image-carousel .swiper-slide{text-align:center}.elementor-image-carousel-wrapper:not(.swiper-container-initialized):not(.swiper-initialized) .swiper-slide{max-width:calc(100% \/ var(--e-image-carousel-slides-to-show, 3))}<\/style>\t\t<div class=\"elementor-image-carousel-wrapper swiper\" dir=\"ltr\">\n\t\t\t<div class=\"elementor-image-carousel swiper-wrapper swiper-image-stretch\" aria-live=\"off\">\n\t\t\t\t\t\t\t\t<div class=\"swiper-slide\" role=\"group\" aria-roledescription=\"slide\" aria-label=\"1 de 11\"><figure class=\"swiper-slide-inner\"><img decoding=\"async\" class=\"swiper-slide-image\" src=\"https:\/\/www.lerobinetdor.com\/wp-content\/uploads\/2025\/02\/suite_01_004-1-1024x683.jpg\" alt=\"suite_01_004.jpg\" \/><\/figure><\/div><div class=\"swiper-slide\" role=\"group\" aria-roledescription=\"slide\" aria-label=\"2 de 11\"><figure class=\"swiper-slide-inner\"><img decoding=\"async\" class=\"swiper-slide-image\" src=\"https:\/\/www.lerobinetdor.com\/wp-content\/uploads\/2025\/02\/suite_04_003-1-1024x683.jpg\" alt=\"suite_04_003.jpg\" \/><\/figure><\/div><div class=\"swiper-slide\" role=\"group\" aria-roledescription=\"slide\" aria-label=\"3 de 11\"><figure class=\"swiper-slide-inner\"><img decoding=\"async\" class=\"swiper-slide-image\" src=\"https:\/\/www.lerobinetdor.com\/wp-content\/uploads\/2025\/02\/suite_01_003-1-1024x683.jpg\" alt=\"suite_01_003.jpg\" \/><\/figure><\/div><div class=\"swiper-slide\" role=\"group\" aria-roledescription=\"slide\" aria-label=\"4 de 11\"><figure class=\"swiper-slide-inner\"><img decoding=\"async\" class=\"swiper-slide-image\" src=\"https:\/\/www.lerobinetdor.com\/wp-content\/uploads\/2025\/02\/suite_04_005-1-1024x683.jpg\" alt=\"suite_04_005.jpg\" \/><\/figure><\/div><div class=\"swiper-slide\" role=\"group\" aria-roledescription=\"slide\" aria-label=\"5 de 11\"><figure class=\"swiper-slide-inner\"><img decoding=\"async\" class=\"swiper-slide-image\" src=\"https:\/\/www.lerobinetdor.com\/wp-content\/uploads\/2025\/02\/suite_05_002-1-1024x683.jpg\" alt=\"suite_05_002.jpg\" \/><\/figure><\/div><div class=\"swiper-slide\" role=\"group\" aria-roledescription=\"slide\" aria-label=\"6 de 11\"><figure class=\"swiper-slide-inner\"><img decoding=\"async\" class=\"swiper-slide-image\" src=\"https:\/\/www.lerobinetdor.com\/wp-content\/uploads\/2025\/02\/suite_01_001-1-1024x683.jpg\" alt=\"suite_01_001.jpg\" \/><\/figure><\/div><div class=\"swiper-slide\" role=\"group\" aria-roledescription=\"slide\" aria-label=\"7 de 11\"><figure class=\"swiper-slide-inner\"><img decoding=\"async\" class=\"swiper-slide-image\" src=\"https:\/\/www.lerobinetdor.com\/wp-content\/uploads\/2025\/02\/suite_02_005-1-1024x683.jpg\" alt=\"suite_02_005.jpg\" \/><\/figure><\/div><div class=\"swiper-slide\" role=\"group\" aria-roledescription=\"slide\" aria-label=\"8 de 11\"><figure class=\"swiper-slide-inner\"><img decoding=\"async\" class=\"swiper-slide-image\" src=\"https:\/\/www.lerobinetdor.com\/wp-content\/uploads\/2025\/02\/suite_02_004-1-1024x683.jpg\" alt=\"suite_02_004.jpg\" \/><\/figure><\/div><div class=\"swiper-slide\" role=\"group\" aria-roledescription=\"slide\" aria-label=\"9 de 11\"><figure class=\"swiper-slide-inner\"><img decoding=\"async\" class=\"swiper-slide-image\" src=\"https:\/\/www.lerobinetdor.com\/wp-content\/uploads\/2025\/02\/suite_02_001-1-1024x683.jpg\" alt=\"suite_02_001.jpg\" \/><\/figure><\/div><div class=\"swiper-slide\" role=\"group\" aria-roledescription=\"slide\" aria-label=\"10 de 11\"><figure class=\"swiper-slide-inner\"><img decoding=\"async\" class=\"swiper-slide-image\" src=\"https:\/\/www.lerobinetdor.com\/wp-content\/uploads\/2025\/02\/suite_02_002-1-1024x683.jpg\" alt=\"suite_02_002.jpg\" \/><\/figure><\/div><div class=\"swiper-slide\" role=\"group\" aria-roledescription=\"slide\" aria-label=\"11 de 11\"><figure class=\"swiper-slide-inner\"><img decoding=\"async\" class=\"swiper-slide-image\" src=\"https:\/\/www.lerobinetdor.com\/wp-content\/uploads\/2025\/02\/suite_02_003-1-1024x683.jpg\" alt=\"suite_02_003.jpg\" \/><\/figure><\/div>\t\t\t<\/div>\n\t\t\t\t\t\t\t\t\t\t\t\t<div class=\"elementor-swiper-button elementor-swiper-button-prev\" role=\"button\" tabindex=\"0\">\n\t\t\t\t\t\t<svg aria-hidden=\"true\" class=\"e-font-icon-svg e-eicon-chevron-left\" viewBox=\"0 0 1000 1000\" xmlns=\"http:\/\/www.w3.org\/2000\/svg\"><path d=\"M646 125C629 125 613 133 604 142L308 442C296 454 292 471 292 487 292 504 296 521 308 533L604 854C617 867 629 875 646 875 663 875 679 871 692 858 704 846 713 829 713 812 713 796 708 779 692 767L438 487 692 225C700 217 708 204 708 187 708 171 704 154 692 142 675 129 663 125 646 125Z\"><\/path><\/svg>\t\t\t\t\t<\/div>\n\t\t\t\t\t<div class=\"elementor-swiper-button elementor-swiper-button-next\" role=\"button\" tabindex=\"0\">\n\t\t\t\t\t\t<svg aria-hidden=\"true\" class=\"e-font-icon-svg e-eicon-chevron-right\" viewBox=\"0 0 1000 1000\" xmlns=\"http:\/\/www.w3.org\/2000\/svg\"><path d=\"M696 533C708 521 713 504 713 487 713 471 708 454 696 446L400 146C388 133 375 125 354 125 338 125 325 129 313 142 300 154 292 171 292 187 292 204 296 221 308 233L563 492 304 771C292 783 288 800 288 817 288 833 296 850 308 863 321 871 338 875 354 875 371 875 388 867 400 854L696 533Z\"><\/path><\/svg>\t\t\t\t\t<\/div>\n\t\t\t\t\n\t\t\t\t\t\t\t\t\t<\/div>\n\t\t\t\t<\/div>\n\t\t\t\t<\/div>\n\t\t\t\t<\/div>\n\t\t<div class=\"elementor-element elementor-element-b32a689 e-flex e-con-boxed parallax_section_no qode_elementor_container_no e-con e-parent\" data-id=\"b32a689\" data-element_type=\"container\" data-core-v316-plus=\"true\">\n\t\t\t\t\t<div class=\"e-con-inner\">\n\t\t\t\t<div class=\"elementor-element elementor-element-ab46eff elementor-align-center elementor-widget elementor-widget-button\" data-id=\"ab46eff\" data-element_type=\"widget\" data-widget_type=\"button.default\">\n\t\t\t\t<div class=\"elementor-widget-container\">\n\t\t\t\t\t<div class=\"elementor-button-wrapper\">\n\t\t\t<a class=\"elementor-button elementor-button-link elementor-size-md\" href=\"https:\/\/www.lerobinetdor.com\/es\/habitaciones-robinet-or-paris\/\">\n\t\t\t\t\t\t<span class=\"elementor-button-content-wrapper\">\n\t\t\t\t\t\t<span class=\"elementor-button-text\">Ver nuestras otras habitaciones<\/span>\n\t\t<\/span>\n\t\t\t\t\t<\/a>\n\t\t<\/div>\n\t\t\t\t<\/div>\n\t\t\t\t<\/div>\n\t\t\t\t\t<\/div>\n\t\t\t\t<\/div>\n\t\t\t\t<\/div>\n\t\t","protected":false},"excerpt":{"rendered":"<p>SUITE EJECUTIVA 1 a 5 personas \u00a0 Descubra la elegancia y el refinamiento absoluto en nuestra Suite Ejecutiva, un espacio dise\u00f1ado para combinar comodidad de alta gama con un dise\u00f1o sofisticado. Con un ambiente amplio y luminoso, esta suite puede alojar hasta 5 personas, lo&#8230;<\/p>\n","protected":false},"author":1,"featured_media":0,"parent":0,"menu_order":0,"comment_status":"closed","ping_status":"closed","template":"full_width.php","meta":{"footnotes":""},"class_list":["post-1965","page","type-page","status-publish","hentry"],"yoast_head":"<!-- This site is optimized with the Yoast SEO plugin v22.3 - https:\/\/yoast.com\/wordpress\/plugins\/seo\/ -->\n<title>Suite Ejecutiva del Hotel Restaurante Robinet d&#039;Or Paris Gare du Nord<\/title>\n<meta name=\"description\" content=\"Las habitaciones del Hotel Robinet d&#039;Or Paris, confortables, Wifi gratuito, tranquilo, doble acristalamiento, ba\u00f1o privado, TV.\" \/>\n<meta name=\"robots\" content=\"index, follow, max-snippet:-1, max-image-preview:large, max-video-preview:-1\" \/>\n<link rel=\"canonical\" href=\"https:\/\/www.lerobinetdor.com\/suite-executive\/\" \/>\n<meta property=\"og:locale\" content=\"es_ES\" \/>\n<meta property=\"og:type\" content=\"article\" \/>\n<meta property=\"og:title\" content=\"Suite Ejecutiva del Hotel Restaurante Robinet d&#039;Or Paris Gare du Nord\" \/>\n<meta property=\"og:description\" content=\"Las habitaciones del Hotel Robinet d&#039;Or Paris, confortables, Wifi gratuito, tranquilo, doble acristalamiento, ba\u00f1o privado, TV.\" \/>\n<meta property=\"og:url\" content=\"https:\/\/www.lerobinetdor.com\/suite-executive\/\" \/>\n<meta property=\"og:site_name\" content=\"Le Robinet d&#039;Or\" \/>\n<meta property=\"article:modified_time\" content=\"2025-02-03T14:20:40+00:00\" \/>\n<meta property=\"og:image\" content=\"https:\/\/www.lerobinetdor.com\/new\/wp-content\/uploads\/2020\/08\/border.png\" \/>\n<meta name=\"twitter:card\" content=\"summary_large_image\" \/>\n<meta name=\"twitter:label1\" content=\"Tiempo de lectura\" \/>\n\t<meta name=\"twitter:data1\" content=\"6 minutos\" \/>\n<script type=\"application\/ld+json\" class=\"yoast-schema-graph\">{\"@context\":\"https:\/\/schema.org\",\"@graph\":[{\"@type\":\"WebPage\",\"@id\":\"https:\/\/www.lerobinetdor.com\/suite-executive\/\",\"url\":\"https:\/\/www.lerobinetdor.com\/suite-executive\/\",\"name\":\"Suite Ejecutiva del Hotel Restaurante Robinet d'Or Paris Gare du Nord\",\"isPartOf\":{\"@id\":\"https:\/\/www.lerobinetdor.com\/#website\"},\"primaryImageOfPage\":{\"@id\":\"https:\/\/www.lerobinetdor.com\/suite-executive\/#primaryimage\"},\"image\":{\"@id\":\"https:\/\/www.lerobinetdor.com\/suite-executive\/#primaryimage\"},\"thumbnailUrl\":\"https:\/\/www.lerobinetdor.com\/new\/wp-content\/uploads\/2020\/08\/border.png\",\"datePublished\":\"2024-02-06T08:55:18+00:00\",\"dateModified\":\"2025-02-03T14:20:40+00:00\",\"description\":\"Las habitaciones del Hotel Robinet d'Or Paris, confortables, Wifi gratuito, tranquilo, doble acristalamiento, ba\u00f1o privado, TV.\",\"breadcrumb\":{\"@id\":\"https:\/\/www.lerobinetdor.com\/suite-executive\/#breadcrumb\"},\"inLanguage\":\"es\",\"potentialAction\":[{\"@type\":\"ReadAction\",\"target\":[\"https:\/\/www.lerobinetdor.com\/suite-executive\/\"]}]},{\"@type\":\"ImageObject\",\"inLanguage\":\"es\",\"@id\":\"https:\/\/www.lerobinetdor.com\/suite-executive\/#primaryimage\",\"url\":\"https:\/\/www.lerobinetdor.com\/wp-content\/uploads\/2020\/08\/border.png\",\"contentUrl\":\"https:\/\/www.lerobinetdor.com\/wp-content\/uploads\/2020\/08\/border.png\",\"width\":70,\"height\":2,\"caption\":\"m\"},{\"@type\":\"BreadcrumbList\",\"@id\":\"https:\/\/www.lerobinetdor.com\/suite-executive\/#breadcrumb\",\"itemListElement\":[{\"@type\":\"ListItem\",\"position\":1,\"name\":\"Accueil\",\"item\":\"https:\/\/www.lerobinetdor.com\/\"},{\"@type\":\"ListItem\",\"position\":2,\"name\":\"Suite Executive\"}]},{\"@type\":\"WebSite\",\"@id\":\"https:\/\/www.lerobinetdor.com\/#website\",\"url\":\"https:\/\/www.lerobinetdor.com\/\",\"name\":\"Le Robinet d&#039;Or\",\"description\":\"\",\"potentialAction\":[{\"@type\":\"SearchAction\",\"target\":{\"@type\":\"EntryPoint\",\"urlTemplate\":\"https:\/\/www.lerobinetdor.com\/?s={search_term_string}\"},\"query-input\":\"required name=search_term_string\"}],\"inLanguage\":\"es\"}]}<\/script>\n<!-- \/ Yoast SEO plugin. -->","yoast_head_json":{"title":"Suite Ejecutiva del Hotel Restaurante Robinet d'Or Paris Gare du Nord","description":"Las habitaciones del Hotel Robinet d'Or Paris, confortables, Wifi gratuito, tranquilo, doble acristalamiento, ba\u00f1o privado, TV.","robots":{"index":"index","follow":"follow","max-snippet":"max-snippet:-1","max-image-preview":"max-image-preview:large","max-video-preview":"max-video-preview:-1"},"canonical":"https:\/\/www.lerobinetdor.com\/suite-executive\/","og_locale":"es_ES","og_type":"article","og_title":"Suite Ejecutiva del Hotel Restaurante Robinet d'Or Paris Gare du Nord","og_description":"Las habitaciones del Hotel Robinet d'Or Paris, confortables, Wifi gratuito, tranquilo, doble acristalamiento, ba\u00f1o privado, TV.","og_url":"https:\/\/www.lerobinetdor.com\/suite-executive\/","og_site_name":"Le Robinet d&#039;Or","article_modified_time":"2025-02-03T14:20:40+00:00","og_image":[{"url":"https:\/\/www.lerobinetdor.com\/new\/wp-content\/uploads\/2020\/08\/border.png"}],"twitter_card":"summary_large_image","twitter_misc":{"Tiempo de lectura":"6 minutos"},"schema":{"@context":"https:\/\/schema.org","@graph":[{"@type":"WebPage","@id":"https:\/\/www.lerobinetdor.com\/suite-executive\/","url":"https:\/\/www.lerobinetdor.com\/suite-executive\/","name":"Suite Ejecutiva del Hotel Restaurante Robinet d'Or Paris Gare du Nord","isPartOf":{"@id":"https:\/\/www.lerobinetdor.com\/#website"},"primaryImageOfPage":{"@id":"https:\/\/www.lerobinetdor.com\/suite-executive\/#primaryimage"},"image":{"@id":"https:\/\/www.lerobinetdor.com\/suite-executive\/#primaryimage"},"thumbnailUrl":"https:\/\/www.lerobinetdor.com\/new\/wp-content\/uploads\/2020\/08\/border.png","datePublished":"2024-02-06T08:55:18+00:00","dateModified":"2025-02-03T14:20:40+00:00","description":"Las habitaciones del Hotel Robinet d'Or Paris, confortables, Wifi gratuito, tranquilo, doble acristalamiento, ba\u00f1o privado, TV.","breadcrumb":{"@id":"https:\/\/www.lerobinetdor.com\/suite-executive\/#breadcrumb"},"inLanguage":"es","potentialAction":[{"@type":"ReadAction","target":["https:\/\/www.lerobinetdor.com\/suite-executive\/"]}]},{"@type":"ImageObject","inLanguage":"es","@id":"https:\/\/www.lerobinetdor.com\/suite-executive\/#primaryimage","url":"https:\/\/www.lerobinetdor.com\/wp-content\/uploads\/2020\/08\/border.png","contentUrl":"https:\/\/www.lerobinetdor.com\/wp-content\/uploads\/2020\/08\/border.png","width":70,"height":2,"caption":"m"},{"@type":"BreadcrumbList","@id":"https:\/\/www.lerobinetdor.com\/suite-executive\/#breadcrumb","itemListElement":[{"@type":"ListItem","position":1,"name":"Accueil","item":"https:\/\/www.lerobinetdor.com\/"},{"@type":"ListItem","position":2,"name":"Suite Executive"}]},{"@type":"WebSite","@id":"https:\/\/www.lerobinetdor.com\/#website","url":"https:\/\/www.lerobinetdor.com\/","name":"Le Robinet d&#039;Or","description":"","potentialAction":[{"@type":"SearchAction","target":{"@type":"EntryPoint","urlTemplate":"https:\/\/www.lerobinetdor.com\/?s={search_term_string}"},"query-input":"required name=search_term_string"}],"inLanguage":"es"}]}},"_links":{"self":[{"href":"https:\/\/www.lerobinetdor.com\/es\/wp-json\/wp\/v2\/pages\/1965","targetHints":{"allow":["GET"]}}],"collection":[{"href":"https:\/\/www.lerobinetdor.com\/es\/wp-json\/wp\/v2\/pages"}],"about":[{"href":"https:\/\/www.lerobinetdor.com\/es\/wp-json\/wp\/v2\/types\/page"}],"author":[{"embeddable":true,"href":"https:\/\/www.lerobinetdor.com\/es\/wp-json\/wp\/v2\/users\/1"}],"replies":[{"embeddable":true,"href":"https:\/\/www.lerobinetdor.com\/es\/wp-json\/wp\/v2\/comments?post=1965"}],"version-history":[{"count":7,"href":"https:\/\/www.lerobinetdor.com\/es\/wp-json\/wp\/v2\/pages\/1965\/revisions"}],"predecessor-version":[{"id":2873,"href":"https:\/\/www.lerobinetdor.com\/es\/wp-json\/wp\/v2\/pages\/1965\/revisions\/2873"}],"wp:attachment":[{"href":"https:\/\/www.lerobinetdor.com\/es\/wp-json\/wp\/v2\/media?parent=1965"}],"curies":[{"name":"wp","href":"https:\/\/api.w.org\/{rel}","templated":true}]}}