{"id":1952,"date":"2024-02-05T09:12:33","date_gmt":"2024-02-05T08:12:33","guid":{"rendered":"https:\/\/www.lerobinetdor.com\/new\/seminaires-hotel-robinet-or-paris\/"},"modified":"2024-03-27T18:07:26","modified_gmt":"2024-03-27T17:07:26","slug":"reuniao-hotel-robinet-or-paris","status":"publish","type":"page","link":"https:\/\/www.lerobinetdor.com\/pt-br\/reuniao-hotel-robinet-or-paris\/","title":{"rendered":"Reuniao"},"content":{"rendered":"\t\t<div data-elementor-type=\"wp-page\" data-elementor-id=\"1952\" class=\"elementor elementor-1952\">\n\t\t\t\t\t\t<section class=\"elementor-section elementor-top-section elementor-element elementor-element-525856e elementor-section-full_width qode_elementor_container_inner elementor-section-height-default elementor-section-height-default parallax_section_no\" data-id=\"525856e\" data-element_type=\"section\">\n\t\t\t\t\t\t<div class=\"elementor-container elementor-column-gap-no\">\n\t\t\t\t\t<div class=\"elementor-column elementor-col-100 elementor-top-column elementor-element elementor-element-e17c34f\" data-id=\"e17c34f\" data-element_type=\"column\">\n\t\t\t<div class=\"elementor-widget-wrap elementor-element-populated\">\n\t\t\t\t\t\t<div class=\"elementor-element elementor-element-143baf4 elementor-widget elementor-widget-text-editor\" data-id=\"143baf4\" data-element_type=\"widget\" data-widget_type=\"text-editor.default\">\n\t\t\t\t<div class=\"elementor-widget-container\">\n\t\t\t<style>\/*! elementor - v3.20.0 - 26-03-2024 *\/\n.elementor-widget-text-editor.elementor-drop-cap-view-stacked .elementor-drop-cap{background-color:#69727d;color:#fff}.elementor-widget-text-editor.elementor-drop-cap-view-framed .elementor-drop-cap{color:#69727d;border:3px solid;background-color:transparent}.elementor-widget-text-editor:not(.elementor-drop-cap-view-default) .elementor-drop-cap{margin-top:8px}.elementor-widget-text-editor:not(.elementor-drop-cap-view-default) .elementor-drop-cap-letter{width:1em;height:1em}.elementor-widget-text-editor .elementor-drop-cap{float:left;text-align:center;line-height:1;font-size:50px}.elementor-widget-text-editor .elementor-drop-cap-letter{display:inline-block}<\/style>\t\t\t\t<h1 style=\"text-align: center;\">SALA DE REUNI\u00c3O: SU\u00cdTE EXECUTIVA<\/h1>\t\t\t\t\t\t<\/div>\n\t\t\t\t<\/div>\n\t\t\t\t<div class=\"elementor-element elementor-element-3eed7b9 elementor-widget elementor-widget-image\" data-id=\"3eed7b9\" data-element_type=\"widget\" data-widget_type=\"image.default\">\n\t\t\t\t<div class=\"elementor-widget-container\">\n\t\t\t<style>\/*! elementor - v3.20.0 - 26-03-2024 *\/\n.elementor-widget-image{text-align:center}.elementor-widget-image a{display:inline-block}.elementor-widget-image a img[src$=\".svg\"]{width:48px}.elementor-widget-image img{vertical-align:middle;display:inline-block}<\/style>\t\t\t\t\t\t\t\t\t\t<img decoding=\"async\" src=\"https:\/\/www.lerobinetdor.com\/new\/wp-content\/uploads\/2020\/08\/border.png\" title=\"\" alt=\"\" loading=\"lazy\" \/>\t\t\t\t\t\t\t\t\t\t\t\t\t<\/div>\n\t\t\t\t<\/div>\n\t\t\t\t<div class=\"elementor-element elementor-element-c6138fd elementor-widget elementor-widget-text-editor\" data-id=\"c6138fd\" data-element_type=\"widget\" data-widget_type=\"text-editor.default\">\n\t\t\t\t<div class=\"elementor-widget-container\">\n\t\t\t\t\t\t\t<h2 style=\"font-size: 18px; text-align: center;\">Para qualquer informa\u00e7\u00e3o e reservas, contacte-nos :<a style=\"text-transform: lowercase;\" href=\"mailto:info@lerobinetdor.com\">info@lerobinetdor.com<\/a><\/h2>\t\t\t\t\t\t<\/div>\n\t\t\t\t<\/div>\n\t\t\t\t\t<\/div>\n\t\t<\/div>\n\t\t\t\t\t<\/div>\n\t\t<\/section>\n\t\t\t\t<section class=\"elementor-section elementor-top-section elementor-element elementor-element-9c9771a elementor-section-full_width qode_elementor_container_inner elementor-section-height-default elementor-section-height-default parallax_section_no\" data-id=\"9c9771a\" data-element_type=\"section\">\n\t\t\t\t\t\t<div class=\"elementor-container elementor-column-gap-no\">\n\t\t\t\t\t<div class=\"elementor-column elementor-col-50 elementor-top-column elementor-element elementor-element-59e493c elementor-invisible\" data-id=\"59e493c\" data-element_type=\"column\" data-settings=\"{&quot;animation&quot;:&quot;fadeInLeft&quot;}\">\n\t\t\t<div class=\"elementor-widget-wrap elementor-element-populated\">\n\t\t\t\t\t\t<div class=\"elementor-element elementor-element-fac1513 elementor-arrows-position-inside elementor-pagination-position-outside elementor-widget elementor-widget-image-carousel\" data-id=\"fac1513\" data-element_type=\"widget\" data-settings=\"{&quot;slides_to_show&quot;:&quot;1&quot;,&quot;navigation&quot;:&quot;both&quot;,&quot;autoplay&quot;:&quot;yes&quot;,&quot;pause_on_hover&quot;:&quot;yes&quot;,&quot;pause_on_interaction&quot;:&quot;yes&quot;,&quot;autoplay_speed&quot;:5000,&quot;infinite&quot;:&quot;yes&quot;,&quot;effect&quot;:&quot;slide&quot;,&quot;speed&quot;:500}\" data-widget_type=\"image-carousel.default\">\n\t\t\t\t<div class=\"elementor-widget-container\">\n\t\t\t<style>\/*! elementor - v3.20.0 - 26-03-2024 *\/\n.elementor-widget-image-carousel .swiper,.elementor-widget-image-carousel .swiper-container{position:static}.elementor-widget-image-carousel .swiper-container .swiper-slide figure,.elementor-widget-image-carousel .swiper .swiper-slide figure{line-height:inherit}.elementor-widget-image-carousel .swiper-slide{text-align:center}.elementor-image-carousel-wrapper:not(.swiper-container-initialized):not(.swiper-initialized) .swiper-slide{max-width:calc(100% \/ var(--e-image-carousel-slides-to-show, 3))}<\/style>\t\t<div class=\"elementor-image-carousel-wrapper swiper\" dir=\"ltr\">\n\t\t\t<div class=\"elementor-image-carousel swiper-wrapper\" aria-live=\"off\">\n\t\t\t\t\t\t\t\t<div class=\"swiper-slide\" role=\"group\" aria-roledescription=\"slide\" aria-label=\"1 de 2\"><figure class=\"swiper-slide-inner\"><img decoding=\"async\" class=\"swiper-slide-image\" src=\"https:\/\/www.lerobinetdor.com\/wp-content\/uploads\/2024\/02\/reunion-le-robinet-d-or-2-1024x683.jpg\" alt=\"reunion-le-robinet-d-or-2\" \/><\/figure><\/div><div class=\"swiper-slide\" role=\"group\" aria-roledescription=\"slide\" aria-label=\"2 de 2\"><figure class=\"swiper-slide-inner\"><img decoding=\"async\" class=\"swiper-slide-image\" src=\"https:\/\/www.lerobinetdor.com\/wp-content\/uploads\/2024\/02\/reunion-le-robinet-d-or-1-1024x683.jpg\" alt=\"reunion-le-robinet-d-or-1\" \/><\/figure><\/div>\t\t\t<\/div>\n\t\t\t\t\t\t\t\t\t\t\t\t<div class=\"elementor-swiper-button elementor-swiper-button-prev\" role=\"button\" tabindex=\"0\">\n\t\t\t\t\t\t<svg aria-hidden=\"true\" class=\"e-font-icon-svg e-eicon-chevron-left\" viewBox=\"0 0 1000 1000\" xmlns=\"http:\/\/www.w3.org\/2000\/svg\"><path d=\"M646 125C629 125 613 133 604 142L308 442C296 454 292 471 292 487 292 504 296 521 308 533L604 854C617 867 629 875 646 875 663 875 679 871 692 858 704 846 713 829 713 812 713 796 708 779 692 767L438 487 692 225C700 217 708 204 708 187 708 171 704 154 692 142 675 129 663 125 646 125Z\"><\/path><\/svg>\t\t\t\t\t<\/div>\n\t\t\t\t\t<div class=\"elementor-swiper-button elementor-swiper-button-next\" role=\"button\" tabindex=\"0\">\n\t\t\t\t\t\t<svg aria-hidden=\"true\" class=\"e-font-icon-svg e-eicon-chevron-right\" viewBox=\"0 0 1000 1000\" xmlns=\"http:\/\/www.w3.org\/2000\/svg\"><path d=\"M696 533C708 521 713 504 713 487 713 471 708 454 696 446L400 146C388 133 375 125 354 125 338 125 325 129 313 142 300 154 292 171 292 187 292 204 296 221 308 233L563 492 304 771C292 783 288 800 288 817 288 833 296 850 308 863 321 871 338 875 354 875 371 875 388 867 400 854L696 533Z\"><\/path><\/svg>\t\t\t\t\t<\/div>\n\t\t\t\t\n\t\t\t\t\t\t\t\t\t<div class=\"swiper-pagination\"><\/div>\n\t\t\t\t\t\t\t\t\t<\/div>\n\t\t\t\t<\/div>\n\t\t\t\t<\/div>\n\t\t\t\t\t<\/div>\n\t\t<\/div>\n\t\t\t\t<div class=\"elementor-column elementor-col-50 elementor-top-column elementor-element elementor-element-3c39634 elementor-invisible\" data-id=\"3c39634\" data-element_type=\"column\" data-settings=\"{&quot;animation&quot;:&quot;fadeInRight&quot;}\">\n\t\t\t<div class=\"elementor-widget-wrap elementor-element-populated\">\n\t\t\t\t\t\t<div class=\"elementor-element elementor-element-1de4d3c elementor-widget elementor-widget-text-editor\" data-id=\"1de4d3c\" data-element_type=\"widget\" data-widget_type=\"text-editor.default\">\n\t\t\t\t<div class=\"elementor-widget-container\">\n\t\t\t\t\t\t\t<ul><li>De 2 a 10 pessoas<\/li><li>iMac \u00e0 disposi\u00e7\u00e3o<\/li><li>Muito calma e totalmente dividida<\/li><li>O quarto \u00e9 fechado com uma porta e permite ao animador dormir na v\u00e9spera<\/li><li>Ambiente acolhedor e profissional<\/li><li>Luz natural<\/li><li>Paperboard e canetas de feltro<\/li><li>Ecr\u00e3 plano com cabo de liga\u00e7\u00e3o para computador<\/li><li>Mesas com toalhas brancas<\/li><li>M\u00e1quina de caf\u00e9 e ch\u00e1 com c\u00e1psulas<\/li><li>Garrafa de \u00e1gua<\/li><\/ul>\t\t\t\t\t\t<\/div>\n\t\t\t\t<\/div>\n\t\t\t\t\t<\/div>\n\t\t<\/div>\n\t\t\t\t\t<\/div>\n\t\t<\/section>\n\t\t\t\t<\/div>\n\t\t","protected":false},"excerpt":{"rendered":"<p>SALA DE REUNI\u00c3O: SU\u00cdTE EXECUTIVA Para qualquer informa\u00e7\u00e3o e reservas, contacte-nos :info@lerobinetdor.com De 2 a 10 pessoas iMac \u00e0 disposi\u00e7\u00e3o Muito calma e totalmente dividida O quarto \u00e9 fechado com uma porta e permite ao animador dormir na v\u00e9spera Ambiente acolhedor e profissional Luz natural&#8230;<\/p>\n","protected":false},"author":1,"featured_media":0,"parent":0,"menu_order":0,"comment_status":"closed","ping_status":"closed","template":"full_width.php","meta":{"footnotes":""},"class_list":["post-1952","page","type-page","status-publish","hentry"],"yoast_head":"<!-- This site is optimized with the Yoast SEO plugin v22.3 - https:\/\/yoast.com\/wordpress\/plugins\/seo\/ -->\n<title>Reuniao - Le Robinet d&#039;Or<\/title>\n<meta name=\"robots\" content=\"index, follow, max-snippet:-1, max-image-preview:large, max-video-preview:-1\" \/>\n<link rel=\"canonical\" href=\"https:\/\/www.lerobinetdor.com\/pt-br\/reuniao-hotel-robinet-or-paris\/\" \/>\n<meta property=\"og:locale\" content=\"pt_BR\" \/>\n<meta property=\"og:type\" content=\"article\" \/>\n<meta property=\"og:title\" content=\"Reuniao - Le Robinet d&#039;Or\" \/>\n<meta property=\"og:description\" content=\"SALA DE REUNI\u00c3O: SU\u00cdTE EXECUTIVA Para qualquer informa\u00e7\u00e3o e reservas, contacte-nos :info@lerobinetdor.com De 2 a 10 pessoas iMac \u00e0 disposi\u00e7\u00e3o Muito calma e totalmente dividida O quarto \u00e9 fechado com uma porta e permite ao animador dormir na v\u00e9spera Ambiente acolhedor e profissional Luz natural...\" \/>\n<meta property=\"og:url\" content=\"https:\/\/www.lerobinetdor.com\/pt-br\/reuniao-hotel-robinet-or-paris\/\" \/>\n<meta property=\"og:site_name\" content=\"Le Robinet d&#039;Or\" \/>\n<meta property=\"article:modified_time\" content=\"2024-03-27T17:07:26+00:00\" \/>\n<meta property=\"og:image\" content=\"https:\/\/www.lerobinetdor.com\/new\/wp-content\/uploads\/2020\/08\/border.png\" \/>\n<meta name=\"twitter:card\" content=\"summary_large_image\" \/>\n<meta name=\"twitter:label1\" content=\"Est. tempo de leitura\" \/>\n\t<meta name=\"twitter:data1\" content=\"1 minuto\" \/>\n<script type=\"application\/ld+json\" class=\"yoast-schema-graph\">{\"@context\":\"https:\/\/schema.org\",\"@graph\":[{\"@type\":\"WebPage\",\"@id\":\"https:\/\/www.lerobinetdor.com\/pt-br\/reuniao-hotel-robinet-or-paris\/\",\"url\":\"https:\/\/www.lerobinetdor.com\/pt-br\/reuniao-hotel-robinet-or-paris\/\",\"name\":\"Reuniao - Le Robinet d&#039;Or\",\"isPartOf\":{\"@id\":\"https:\/\/www.lerobinetdor.com\/#website\"},\"primaryImageOfPage\":{\"@id\":\"https:\/\/www.lerobinetdor.com\/pt-br\/reuniao-hotel-robinet-or-paris\/#primaryimage\"},\"image\":{\"@id\":\"https:\/\/www.lerobinetdor.com\/pt-br\/reuniao-hotel-robinet-or-paris\/#primaryimage\"},\"thumbnailUrl\":\"https:\/\/www.lerobinetdor.com\/new\/wp-content\/uploads\/2020\/08\/border.png\",\"datePublished\":\"2024-02-05T08:12:33+00:00\",\"dateModified\":\"2024-03-27T17:07:26+00:00\",\"breadcrumb\":{\"@id\":\"https:\/\/www.lerobinetdor.com\/pt-br\/reuniao-hotel-robinet-or-paris\/#breadcrumb\"},\"inLanguage\":\"pt-BR\",\"potentialAction\":[{\"@type\":\"ReadAction\",\"target\":[\"https:\/\/www.lerobinetdor.com\/pt-br\/reuniao-hotel-robinet-or-paris\/\"]}]},{\"@type\":\"ImageObject\",\"inLanguage\":\"pt-BR\",\"@id\":\"https:\/\/www.lerobinetdor.com\/pt-br\/reuniao-hotel-robinet-or-paris\/#primaryimage\",\"url\":\"https:\/\/www.lerobinetdor.com\/wp-content\/uploads\/2020\/08\/border.png\",\"contentUrl\":\"https:\/\/www.lerobinetdor.com\/wp-content\/uploads\/2020\/08\/border.png\",\"width\":70,\"height\":2,\"caption\":\"m\"},{\"@type\":\"BreadcrumbList\",\"@id\":\"https:\/\/www.lerobinetdor.com\/pt-br\/reuniao-hotel-robinet-or-paris\/#breadcrumb\",\"itemListElement\":[{\"@type\":\"ListItem\",\"position\":1,\"name\":\"Accueil\",\"item\":\"https:\/\/www.lerobinetdor.com\/\"},{\"@type\":\"ListItem\",\"position\":2,\"name\":\"Reuniao\"}]},{\"@type\":\"WebSite\",\"@id\":\"https:\/\/www.lerobinetdor.com\/#website\",\"url\":\"https:\/\/www.lerobinetdor.com\/\",\"name\":\"Le Robinet d&#039;Or\",\"description\":\"\",\"potentialAction\":[{\"@type\":\"SearchAction\",\"target\":{\"@type\":\"EntryPoint\",\"urlTemplate\":\"https:\/\/www.lerobinetdor.com\/?s={search_term_string}\"},\"query-input\":\"required name=search_term_string\"}],\"inLanguage\":\"pt-BR\"}]}<\/script>\n<!-- \/ Yoast SEO plugin. -->","yoast_head_json":{"title":"Reuniao - Le Robinet d&#039;Or","robots":{"index":"index","follow":"follow","max-snippet":"max-snippet:-1","max-image-preview":"max-image-preview:large","max-video-preview":"max-video-preview:-1"},"canonical":"https:\/\/www.lerobinetdor.com\/pt-br\/reuniao-hotel-robinet-or-paris\/","og_locale":"pt_BR","og_type":"article","og_title":"Reuniao - Le Robinet d&#039;Or","og_description":"SALA DE REUNI\u00c3O: SU\u00cdTE EXECUTIVA Para qualquer informa\u00e7\u00e3o e reservas, contacte-nos :info@lerobinetdor.com De 2 a 10 pessoas iMac \u00e0 disposi\u00e7\u00e3o Muito calma e totalmente dividida O quarto \u00e9 fechado com uma porta e permite ao animador dormir na v\u00e9spera Ambiente acolhedor e profissional Luz natural...","og_url":"https:\/\/www.lerobinetdor.com\/pt-br\/reuniao-hotel-robinet-or-paris\/","og_site_name":"Le Robinet d&#039;Or","article_modified_time":"2024-03-27T17:07:26+00:00","og_image":[{"url":"https:\/\/www.lerobinetdor.com\/new\/wp-content\/uploads\/2020\/08\/border.png"}],"twitter_card":"summary_large_image","twitter_misc":{"Est. tempo de leitura":"1 minuto"},"schema":{"@context":"https:\/\/schema.org","@graph":[{"@type":"WebPage","@id":"https:\/\/www.lerobinetdor.com\/pt-br\/reuniao-hotel-robinet-or-paris\/","url":"https:\/\/www.lerobinetdor.com\/pt-br\/reuniao-hotel-robinet-or-paris\/","name":"Reuniao - Le Robinet d&#039;Or","isPartOf":{"@id":"https:\/\/www.lerobinetdor.com\/#website"},"primaryImageOfPage":{"@id":"https:\/\/www.lerobinetdor.com\/pt-br\/reuniao-hotel-robinet-or-paris\/#primaryimage"},"image":{"@id":"https:\/\/www.lerobinetdor.com\/pt-br\/reuniao-hotel-robinet-or-paris\/#primaryimage"},"thumbnailUrl":"https:\/\/www.lerobinetdor.com\/new\/wp-content\/uploads\/2020\/08\/border.png","datePublished":"2024-02-05T08:12:33+00:00","dateModified":"2024-03-27T17:07:26+00:00","breadcrumb":{"@id":"https:\/\/www.lerobinetdor.com\/pt-br\/reuniao-hotel-robinet-or-paris\/#breadcrumb"},"inLanguage":"pt-BR","potentialAction":[{"@type":"ReadAction","target":["https:\/\/www.lerobinetdor.com\/pt-br\/reuniao-hotel-robinet-or-paris\/"]}]},{"@type":"ImageObject","inLanguage":"pt-BR","@id":"https:\/\/www.lerobinetdor.com\/pt-br\/reuniao-hotel-robinet-or-paris\/#primaryimage","url":"https:\/\/www.lerobinetdor.com\/wp-content\/uploads\/2020\/08\/border.png","contentUrl":"https:\/\/www.lerobinetdor.com\/wp-content\/uploads\/2020\/08\/border.png","width":70,"height":2,"caption":"m"},{"@type":"BreadcrumbList","@id":"https:\/\/www.lerobinetdor.com\/pt-br\/reuniao-hotel-robinet-or-paris\/#breadcrumb","itemListElement":[{"@type":"ListItem","position":1,"name":"Accueil","item":"https:\/\/www.lerobinetdor.com\/"},{"@type":"ListItem","position":2,"name":"Reuniao"}]},{"@type":"WebSite","@id":"https:\/\/www.lerobinetdor.com\/#website","url":"https:\/\/www.lerobinetdor.com\/","name":"Le Robinet d&#039;Or","description":"","potentialAction":[{"@type":"SearchAction","target":{"@type":"EntryPoint","urlTemplate":"https:\/\/www.lerobinetdor.com\/?s={search_term_string}"},"query-input":"required name=search_term_string"}],"inLanguage":"pt-BR"}]}},"_links":{"self":[{"href":"https:\/\/www.lerobinetdor.com\/pt-br\/wp-json\/wp\/v2\/pages\/1952","targetHints":{"allow":["GET"]}}],"collection":[{"href":"https:\/\/www.lerobinetdor.com\/pt-br\/wp-json\/wp\/v2\/pages"}],"about":[{"href":"https:\/\/www.lerobinetdor.com\/pt-br\/wp-json\/wp\/v2\/types\/page"}],"author":[{"embeddable":true,"href":"https:\/\/www.lerobinetdor.com\/pt-br\/wp-json\/wp\/v2\/users\/1"}],"replies":[{"embeddable":true,"href":"https:\/\/www.lerobinetdor.com\/pt-br\/wp-json\/wp\/v2\/comments?post=1952"}],"version-history":[{"count":4,"href":"https:\/\/www.lerobinetdor.com\/pt-br\/wp-json\/wp\/v2\/pages\/1952\/revisions"}],"predecessor-version":[{"id":2139,"href":"https:\/\/www.lerobinetdor.com\/pt-br\/wp-json\/wp\/v2\/pages\/1952\/revisions\/2139"}],"wp:attachment":[{"href":"https:\/\/www.lerobinetdor.com\/pt-br\/wp-json\/wp\/v2\/media?parent=1952"}],"curies":[{"name":"wp","href":"https:\/\/api.w.org\/{rel}","templated":true}]}}