{"id":1956,"date":"2024-02-04T19:09:36","date_gmt":"2024-02-04T18:09:36","guid":{"rendered":"https:\/\/www.lerobinetdor.com\/new\/services-hotel-robinet-or-paris\/"},"modified":"2024-04-11T18:40:11","modified_gmt":"2024-04-11T16:40:11","slug":"servicos-hotel-robinet-or-paris","status":"publish","type":"page","link":"https:\/\/www.lerobinetdor.com\/pt-br\/servicos-hotel-robinet-or-paris\/","title":{"rendered":"Services"},"content":{"rendered":"\t\t<div data-elementor-type=\"wp-page\" data-elementor-id=\"1956\" class=\"elementor elementor-1956\">\n\t\t\t\t\t\t<section class=\"elementor-section elementor-top-section elementor-element elementor-element-e54c66d elementor-section-full_width qode_elementor_container_inner elementor-section-height-default elementor-section-height-default parallax_section_no\" data-id=\"e54c66d\" data-element_type=\"section\">\n\t\t\t\t\t\t<div class=\"elementor-container elementor-column-gap-no\">\n\t\t\t\t\t<div class=\"elementor-column elementor-col-100 elementor-top-column elementor-element elementor-element-e15de23\" data-id=\"e15de23\" data-element_type=\"column\">\n\t\t\t<div class=\"elementor-widget-wrap elementor-element-populated\">\n\t\t\t\t\t\t<div class=\"elementor-element elementor-element-8db04f1 elementor-widget elementor-widget-text-editor\" data-id=\"8db04f1\" data-element_type=\"widget\" data-widget_type=\"text-editor.default\">\n\t\t\t\t<div class=\"elementor-widget-container\">\n\t\t\t<style>\/*! elementor - v3.20.0 - 26-03-2024 *\/\n.elementor-widget-text-editor.elementor-drop-cap-view-stacked .elementor-drop-cap{background-color:#69727d;color:#fff}.elementor-widget-text-editor.elementor-drop-cap-view-framed .elementor-drop-cap{color:#69727d;border:3px solid;background-color:transparent}.elementor-widget-text-editor:not(.elementor-drop-cap-view-default) .elementor-drop-cap{margin-top:8px}.elementor-widget-text-editor:not(.elementor-drop-cap-view-default) .elementor-drop-cap-letter{width:1em;height:1em}.elementor-widget-text-editor .elementor-drop-cap{float:left;text-align:center;line-height:1;font-size:50px}.elementor-widget-text-editor .elementor-drop-cap-letter{display:inline-block}<\/style>\t\t\t\t<h1 style=\"text-align: center;\">SERVI\u00c7OS NO ROBINET D&#8217;OR<\/h1>\t\t\t\t\t\t<\/div>\n\t\t\t\t<\/div>\n\t\t\t\t<div class=\"elementor-element elementor-element-d99cab6 elementor-widget elementor-widget-image\" data-id=\"d99cab6\" data-element_type=\"widget\" data-widget_type=\"image.default\">\n\t\t\t\t<div class=\"elementor-widget-container\">\n\t\t\t<style>\/*! elementor - v3.20.0 - 26-03-2024 *\/\n.elementor-widget-image{text-align:center}.elementor-widget-image a{display:inline-block}.elementor-widget-image a img[src$=\".svg\"]{width:48px}.elementor-widget-image img{vertical-align:middle;display:inline-block}<\/style>\t\t\t\t\t\t\t\t\t\t<img decoding=\"async\" src=\"https:\/\/www.lerobinetdor.com\/new\/wp-content\/uploads\/2020\/08\/border.png\" title=\"\" alt=\"\" loading=\"lazy\" \/>\t\t\t\t\t\t\t\t\t\t\t\t\t<\/div>\n\t\t\t\t<\/div>\n\t\t\t\t<div class=\"elementor-element elementor-element-08c7ce4 elementor-widget elementor-widget-text-editor\" data-id=\"08c7ce4\" data-element_type=\"widget\" data-widget_type=\"text-editor.default\">\n\t\t\t\t<div class=\"elementor-widget-container\">\n\t\t\t\t\t\t\t<h2 style=\"font-size: 18px; text-align: center;\">HOTEL-RESTAURANTE DE ENCANTO, DESIGN, NO CANAL ST MARTIN,<br>\nPERTO DA GARE DU NORD E DA GARE DE L&#8217;EST<\/h2>\t\t\t\t\t\t<\/div>\n\t\t\t\t<\/div>\n\t\t\t\t\t<\/div>\n\t\t<\/div>\n\t\t\t\t\t<\/div>\n\t\t<\/section>\n\t\t\t\t<section class=\"elementor-section elementor-top-section elementor-element elementor-element-ff2cac6 elementor-section-full_width qode_elementor_container_inner elementor-section-height-default elementor-section-height-default parallax_section_no\" data-id=\"ff2cac6\" data-element_type=\"section\">\n\t\t\t\t\t\t<div class=\"elementor-container elementor-column-gap-no\">\n\t\t\t\t\t<div class=\"elementor-column elementor-col-50 elementor-top-column elementor-element elementor-element-81a90c8 elementor-invisible\" data-id=\"81a90c8\" data-element_type=\"column\" data-settings=\"{&quot;animation&quot;:&quot;fadeInLeft&quot;}\">\n\t\t\t<div class=\"elementor-widget-wrap elementor-element-populated\">\n\t\t\t\t\t\t<div class=\"elementor-element elementor-element-d0c068a elementor-widget elementor-widget-image\" data-id=\"d0c068a\" data-element_type=\"widget\" data-widget_type=\"image.default\">\n\t\t\t\t<div class=\"elementor-widget-container\">\n\t\t\t\t\t\t\t\t\t\t\t\t\t<img fetchpriority=\"high\" decoding=\"async\" width=\"1024\" height=\"683\" src=\"https:\/\/www.lerobinetdor.com\/wp-content\/uploads\/2024\/03\/009_pdj-1024x683.jpg\" class=\"attachment-large size-large wp-image-1135\" alt=\"\" srcset=\"https:\/\/www.lerobinetdor.com\/wp-content\/uploads\/2024\/03\/009_pdj-1024x683.jpg 1024w, https:\/\/www.lerobinetdor.com\/wp-content\/uploads\/2024\/03\/009_pdj-300x200.jpg 300w, https:\/\/www.lerobinetdor.com\/wp-content\/uploads\/2024\/03\/009_pdj-768x512.jpg 768w, https:\/\/www.lerobinetdor.com\/wp-content\/uploads\/2024\/03\/009_pdj-1536x1024.jpg 1536w, https:\/\/www.lerobinetdor.com\/wp-content\/uploads\/2024\/03\/009_pdj-700x467.jpg 700w, https:\/\/www.lerobinetdor.com\/wp-content\/uploads\/2024\/03\/009_pdj.jpg 1920w\" sizes=\"(max-width: 1024px) 100vw, 1024px\" \/>\t\t\t\t\t\t\t\t\t\t\t\t\t<\/div>\n\t\t\t\t<\/div>\n\t\t\t\t\t<\/div>\n\t\t<\/div>\n\t\t\t\t<div class=\"elementor-column elementor-col-50 elementor-top-column elementor-element elementor-element-985349c elementor-invisible\" data-id=\"985349c\" data-element_type=\"column\" data-settings=\"{&quot;animation&quot;:&quot;fadeInRight&quot;}\">\n\t\t\t<div class=\"elementor-widget-wrap elementor-element-populated\">\n\t\t\t\t\t\t<div class=\"elementor-element elementor-element-cdf0156 elementor-widget elementor-widget-text-editor\" data-id=\"cdf0156\" data-element_type=\"widget\" data-widget_type=\"text-editor.default\">\n\t\t\t\t<div class=\"elementor-widget-container\">\n\t\t\t\t\t\t\t<h3>Caf\u00e9 da manh\u00e3<\/h3><p><strong>Servido 07:00 \u2013 11:00<\/strong><\/p><p>\u00a0<\/p><p><strong>Caf\u00e9 da manh\u00e3 completo:<\/strong>\u00a0bebidas quentes, sumo de laranja matinal, cereais, pastelaria e baguetes frescas da padaria, charcutaria, queijos, iogurte, fromage blanc, salada de fruta, pratos quentes (ovo, toucinho, etc.): \u20ac15,00<\/p><p>\u00a0<\/p><p><strong>F\u00f3rmula Cl\u00e1ssica :<\/strong> uma bebida quente, um pastel ou tosta, um sumo de laranja espremido: 7,50\u20ac<\/p><p>\u00a0<\/p><p>Produtos sem gluten sob pedido:\u00a0<a href=\"mailto:info@lerobinetdor.com\" target=\"_blank\" rel=\"noopener\">info@lerobinetdor.com<\/a><\/p>\t\t\t\t\t\t<\/div>\n\t\t\t\t<\/div>\n\t\t\t\t\t<\/div>\n\t\t<\/div>\n\t\t\t\t\t<\/div>\n\t\t<\/section>\n\t\t\t\t<section class=\"elementor-section elementor-top-section elementor-element elementor-element-d1f39f4 elementor-section-full_width elementor-section-height-default elementor-section-height-default parallax_section_no qode_elementor_container_no\" data-id=\"d1f39f4\" data-element_type=\"section\" data-settings=\"{&quot;background_background&quot;:&quot;classic&quot;}\">\n\t\t\t\t\t\t<div class=\"elementor-container elementor-column-gap-default\">\n\t\t\t\t\t<div class=\"elementor-column elementor-col-100 elementor-top-column elementor-element elementor-element-369b421\" data-id=\"369b421\" data-element_type=\"column\">\n\t\t\t<div class=\"elementor-widget-wrap elementor-element-populated\">\n\t\t\t\t\t\t<div class=\"elementor-element elementor-element-c11d3c7 elementor-widget elementor-widget-image\" data-id=\"c11d3c7\" data-element_type=\"widget\" data-widget_type=\"image.default\">\n\t\t\t\t<div class=\"elementor-widget-container\">\n\t\t\t\t\t\t\t\t\t\t\t\t\t<img decoding=\"async\" width=\"70\" height=\"2\" src=\"https:\/\/www.lerobinetdor.com\/wp-content\/uploads\/2020\/08\/border.png\" class=\"attachment-medium size-medium wp-image-212\" alt=\"m\" \/>\t\t\t\t\t\t\t\t\t\t\t\t\t<\/div>\n\t\t\t\t<\/div>\n\t\t\t\t\t<\/div>\n\t\t<\/div>\n\t\t\t\t\t<\/div>\n\t\t<\/section>\n\t\t\t\t<section class=\"elementor-section elementor-top-section elementor-element elementor-element-c694704 elementor-section-full_width qode_elementor_container_inner elementor-section-height-default elementor-section-height-default parallax_section_no\" data-id=\"c694704\" data-element_type=\"section\">\n\t\t\t\t\t\t<div class=\"elementor-container elementor-column-gap-no\">\n\t\t\t\t\t<div class=\"elementor-column elementor-col-50 elementor-top-column elementor-element elementor-element-c082aa6 elementor-invisible\" data-id=\"c082aa6\" data-element_type=\"column\" data-settings=\"{&quot;animation&quot;:&quot;fadeInLeft&quot;}\">\n\t\t\t<div class=\"elementor-widget-wrap elementor-element-populated\">\n\t\t\t\t\t\t<div class=\"elementor-element elementor-element-6c940b3 elementor-widget elementor-widget-text-editor\" data-id=\"6c940b3\" data-element_type=\"widget\" data-widget_type=\"text-editor.default\">\n\t\t\t\t<div class=\"elementor-widget-container\">\n\t\t\t\t\t\t\t<h1>Servi\u00e7os<\/h1>\t\t\t\t\t\t<\/div>\n\t\t\t\t<\/div>\n\t\t\t\t<div class=\"elementor-element elementor-element-3bf0cd2 elementor-widget elementor-widget-image\" data-id=\"3bf0cd2\" data-element_type=\"widget\" data-widget_type=\"image.default\">\n\t\t\t\t<div class=\"elementor-widget-container\">\n\t\t\t\t\t\t\t\t\t\t\t\t\t<img decoding=\"async\" src=\"https:\/\/www.lerobinetdor.com\/new\/wp-content\/uploads\/2020\/08\/border.png\" title=\"\" alt=\"\" loading=\"lazy\" \/>\t\t\t\t\t\t\t\t\t\t\t\t\t<\/div>\n\t\t\t\t<\/div>\n\t\t\t\t<div class=\"elementor-element elementor-element-d75a208 elementor-widget elementor-widget-text-editor\" data-id=\"d75a208\" data-element_type=\"widget\" data-widget_type=\"text-editor.default\">\n\t\t\t\t<div class=\"elementor-widget-container\">\n\t\t\t\t\t\t\t<div style=\"text-align: justify;\">Recep\u00e7\u00e3o aberta 24\/7 | Wifi gr\u00e1tis | Conciergerie | Armazenamento para suas malas | Quartos climatizados | Servi\u00e7o de quarto das 7 \u00e0s 23 horas | Telefone nacional e internacional | Servi\u00e7o Taxi em 5 minutos | Ajuda para as malas, \u00e0 chegada e partida | Envio de fax, servi\u00e7os de c\u00f3pia | Parque de estacionamento subterr\u00e2neo, a pedido (30 \u20ac\/noite) | Animais de estima\u00e7\u00e3o admitidos | Venda de selos\u00a0<\/div>\t\t\t\t\t\t<\/div>\n\t\t\t\t<\/div>\n\t\t\t\t\t<\/div>\n\t\t<\/div>\n\t\t\t\t<div class=\"elementor-column elementor-col-50 elementor-top-column elementor-element elementor-element-c152e21 elementor-invisible\" data-id=\"c152e21\" data-element_type=\"column\" data-settings=\"{&quot;animation&quot;:&quot;fadeInRight&quot;}\">\n\t\t\t<div class=\"elementor-widget-wrap elementor-element-populated\">\n\t\t\t\t\t\t<div class=\"elementor-element elementor-element-37a0466 elementor-widget elementor-widget-image\" data-id=\"37a0466\" data-element_type=\"widget\" data-widget_type=\"image.default\">\n\t\t\t\t<div class=\"elementor-widget-container\">\n\t\t\t\t\t\t\t\t\t\t\t\t\t<img decoding=\"async\" width=\"1920\" height=\"1280\" src=\"https:\/\/www.lerobinetdor.com\/wp-content\/uploads\/2024\/03\/013_restaurant.jpg\" class=\"elementor-animation-bob attachment-full size-full wp-image-1143\" alt=\"\" srcset=\"https:\/\/www.lerobinetdor.com\/wp-content\/uploads\/2024\/03\/013_restaurant.jpg 1920w, https:\/\/www.lerobinetdor.com\/wp-content\/uploads\/2024\/03\/013_restaurant-300x200.jpg 300w, https:\/\/www.lerobinetdor.com\/wp-content\/uploads\/2024\/03\/013_restaurant-1024x683.jpg 1024w, https:\/\/www.lerobinetdor.com\/wp-content\/uploads\/2024\/03\/013_restaurant-768x512.jpg 768w, https:\/\/www.lerobinetdor.com\/wp-content\/uploads\/2024\/03\/013_restaurant-1536x1024.jpg 1536w, https:\/\/www.lerobinetdor.com\/wp-content\/uploads\/2024\/03\/013_restaurant-700x467.jpg 700w\" sizes=\"(max-width: 1920px) 100vw, 1920px\" \/>\t\t\t\t\t\t\t\t\t\t\t\t\t<\/div>\n\t\t\t\t<\/div>\n\t\t\t\t\t<\/div>\n\t\t<\/div>\n\t\t\t\t\t<\/div>\n\t\t<\/section>\n\t\t\t\t<section class=\"elementor-section elementor-top-section elementor-element elementor-element-fa1da9b elementor-section-full_width elementor-section-height-default elementor-section-height-default parallax_section_no qode_elementor_container_no\" data-id=\"fa1da9b\" data-element_type=\"section\" data-settings=\"{&quot;background_background&quot;:&quot;classic&quot;}\">\n\t\t\t\t\t\t<div class=\"elementor-container elementor-column-gap-default\">\n\t\t\t\t\t<div class=\"elementor-column elementor-col-100 elementor-top-column elementor-element elementor-element-8ee2a71\" data-id=\"8ee2a71\" data-element_type=\"column\">\n\t\t\t<div class=\"elementor-widget-wrap elementor-element-populated\">\n\t\t\t\t\t\t<div class=\"elementor-element elementor-element-cfde757 elementor-widget elementor-widget-image\" data-id=\"cfde757\" data-element_type=\"widget\" data-widget_type=\"image.default\">\n\t\t\t\t<div class=\"elementor-widget-container\">\n\t\t\t\t\t\t\t\t\t\t\t\t\t<img decoding=\"async\" width=\"70\" height=\"2\" src=\"https:\/\/www.lerobinetdor.com\/wp-content\/uploads\/2020\/08\/border.png\" class=\"attachment-medium size-medium wp-image-212\" alt=\"m\" \/>\t\t\t\t\t\t\t\t\t\t\t\t\t<\/div>\n\t\t\t\t<\/div>\n\t\t\t\t\t<\/div>\n\t\t<\/div>\n\t\t\t\t\t<\/div>\n\t\t<\/section>\n\t\t\t\t<section class=\"elementor-section elementor-top-section elementor-element elementor-element-a4bbb20 elementor-section-full_width qode_elementor_container_inner elementor-section-height-default elementor-section-height-default parallax_section_no\" data-id=\"a4bbb20\" data-element_type=\"section\">\n\t\t\t\t\t\t<div class=\"elementor-container elementor-column-gap-no\">\n\t\t\t\t\t<div class=\"elementor-column elementor-col-50 elementor-top-column elementor-element elementor-element-0aae8ed elementor-invisible\" data-id=\"0aae8ed\" data-element_type=\"column\" data-settings=\"{&quot;animation&quot;:&quot;fadeInLeft&quot;}\">\n\t\t\t<div class=\"elementor-widget-wrap elementor-element-populated\">\n\t\t\t\t\t\t<div class=\"elementor-element elementor-element-15fd277 elementor-widget elementor-widget-image\" data-id=\"15fd277\" data-element_type=\"widget\" data-widget_type=\"image.default\">\n\t\t\t\t<div class=\"elementor-widget-container\">\n\t\t\t\t\t\t\t\t\t\t\t\t\t<img loading=\"lazy\" decoding=\"async\" width=\"1920\" height=\"1280\" src=\"https:\/\/www.lerobinetdor.com\/wp-content\/uploads\/2024\/02\/suite-executive-ROBINET-DOR-1_15.jpg\" class=\"elementor-animation-bob attachment-full size-full wp-image-643\" alt=\"Suite Executive Le Robinet d&#039;Or Paris\" srcset=\"https:\/\/www.lerobinetdor.com\/wp-content\/uploads\/2024\/02\/suite-executive-ROBINET-DOR-1_15.jpg 1920w, https:\/\/www.lerobinetdor.com\/wp-content\/uploads\/2024\/02\/suite-executive-ROBINET-DOR-1_15-300x200.jpg 300w, https:\/\/www.lerobinetdor.com\/wp-content\/uploads\/2024\/02\/suite-executive-ROBINET-DOR-1_15-1024x683.jpg 1024w, https:\/\/www.lerobinetdor.com\/wp-content\/uploads\/2024\/02\/suite-executive-ROBINET-DOR-1_15-768x512.jpg 768w, https:\/\/www.lerobinetdor.com\/wp-content\/uploads\/2024\/02\/suite-executive-ROBINET-DOR-1_15-1536x1024.jpg 1536w, https:\/\/www.lerobinetdor.com\/wp-content\/uploads\/2024\/02\/suite-executive-ROBINET-DOR-1_15-700x467.jpg 700w\" sizes=\"(max-width: 1920px) 100vw, 1920px\" \/>\t\t\t\t\t\t\t\t\t\t\t\t\t<\/div>\n\t\t\t\t<\/div>\n\t\t\t\t\t<\/div>\n\t\t<\/div>\n\t\t\t\t<div class=\"elementor-column elementor-col-50 elementor-top-column elementor-element elementor-element-8888572 elementor-invisible\" data-id=\"8888572\" data-element_type=\"column\" data-settings=\"{&quot;animation&quot;:&quot;fadeInRight&quot;}\">\n\t\t\t<div class=\"elementor-widget-wrap elementor-element-populated\">\n\t\t\t\t\t\t<div class=\"elementor-element elementor-element-521af99 elementor-widget elementor-widget-text-editor\" data-id=\"521af99\" data-element_type=\"widget\" data-widget_type=\"text-editor.default\">\n\t\t\t\t<div class=\"elementor-widget-container\">\n\t\t\t\t\t\t\t<h2>Equipamento<\/h2>\t\t\t\t\t\t<\/div>\n\t\t\t\t<\/div>\n\t\t\t\t<div class=\"elementor-element elementor-element-1d0c518 elementor-widget elementor-widget-image\" data-id=\"1d0c518\" data-element_type=\"widget\" data-widget_type=\"image.default\">\n\t\t\t\t<div class=\"elementor-widget-container\">\n\t\t\t\t\t\t\t\t\t\t\t\t\t<img decoding=\"async\" src=\"https:\/\/www.lerobinetdor.com\/new\/wp-content\/uploads\/2020\/08\/border.png\" title=\"\" alt=\"\" loading=\"lazy\" \/>\t\t\t\t\t\t\t\t\t\t\t\t\t<\/div>\n\t\t\t\t<\/div>\n\t\t\t\t<div class=\"elementor-element elementor-element-b5177a2 elementor-widget elementor-widget-text-editor\" data-id=\"b5177a2\" data-element_type=\"widget\" data-widget_type=\"text-editor.default\">\n\t\t\t\t<div class=\"elementor-widget-container\">\n\t\t\t\t\t\t\t<div style=\"text-align: justify;\">Televis\u00e3o LCD com sat\u00e9lite | Possibilidade de fazer chamadas internacionais | Produtos de higiene L\u2019Occitane | iMac dispon\u00edvel na ecep\u00e7\u00e3o | Despertadores | Saquinho de bem-vindas com macarons Paul | M\u00e1quina de caf\u00e9 e de ch\u00e1 | \u00c1gua mineral fresca | Aquecedor de toalhas | Cofre podendo conter um notebook | V\u00e1rios cabides de madeira | Ferro e prancha de passar roupa<\/div>\t\t\t\t\t\t<\/div>\n\t\t\t\t<\/div>\n\t\t\t\t\t<\/div>\n\t\t<\/div>\n\t\t\t\t\t<\/div>\n\t\t<\/section>\n\t\t\t\t<\/div>\n\t\t","protected":false},"excerpt":{"rendered":"<p>SERVI\u00c7OS NO ROBINET D&#8217;OR HOTEL-RESTAURANTE DE ENCANTO, DESIGN, NO CANAL ST MARTIN, PERTO DA GARE DU NORD E DA GARE DE L&#8217;EST Caf\u00e9 da manh\u00e3 Servido 07:00 \u2013 11:00 \u00a0 Caf\u00e9 da manh\u00e3 completo:\u00a0bebidas quentes, sumo de laranja matinal, cereais, pastelaria e baguetes frescas da&#8230;<\/p>\n","protected":false},"author":1,"featured_media":0,"parent":0,"menu_order":0,"comment_status":"closed","ping_status":"closed","template":"full_width.php","meta":{"footnotes":""},"class_list":["post-1956","page","type-page","status-publish","hentry"],"yoast_head":"<!-- This site is optimized with the Yoast SEO plugin v22.3 - https:\/\/yoast.com\/wordpress\/plugins\/seo\/ -->\n<title>Servi\u00e7os do HotelRestaurant Robinet d\u2019Or Paris - Canal St Martin<\/title>\n<meta name=\"description\" content=\"Os servi\u00e7os do Hotel Restaurant Robinet d&#039;Or Paris - Canal St Martin. Nossa equipe de recep\u00e7\u00e3o multil\u00edngue aconselha voc\u00ea em seus passeios e passeios tur\u00edsticos.\" \/>\n<meta name=\"robots\" content=\"index, follow, max-snippet:-1, max-image-preview:large, max-video-preview:-1\" \/>\n<link rel=\"canonical\" href=\"https:\/\/www.lerobinetdor.com\/pt-br\/servicos-hotel-robinet-or-paris\/\" \/>\n<meta property=\"og:locale\" content=\"pt_BR\" \/>\n<meta property=\"og:type\" content=\"article\" \/>\n<meta property=\"og:title\" content=\"Servi\u00e7os do HotelRestaurant Robinet d\u2019Or Paris - Canal St Martin\" \/>\n<meta property=\"og:description\" content=\"Os servi\u00e7os do Hotel Restaurant Robinet d&#039;Or Paris - Canal St Martin. Nossa equipe de recep\u00e7\u00e3o multil\u00edngue aconselha voc\u00ea em seus passeios e passeios tur\u00edsticos.\" \/>\n<meta property=\"og:url\" content=\"https:\/\/www.lerobinetdor.com\/pt-br\/servicos-hotel-robinet-or-paris\/\" \/>\n<meta property=\"og:site_name\" content=\"Le Robinet d&#039;Or\" \/>\n<meta property=\"article:modified_time\" content=\"2024-04-11T16:40:11+00:00\" \/>\n<meta property=\"og:image\" content=\"https:\/\/www.lerobinetdor.com\/new\/wp-content\/uploads\/2020\/08\/border.png\" \/>\n<meta name=\"twitter:card\" content=\"summary_large_image\" \/>\n<meta name=\"twitter:label1\" content=\"Est. tempo de leitura\" \/>\n\t<meta name=\"twitter:data1\" content=\"3 minutos\" \/>\n<script type=\"application\/ld+json\" class=\"yoast-schema-graph\">{\"@context\":\"https:\/\/schema.org\",\"@graph\":[{\"@type\":\"WebPage\",\"@id\":\"https:\/\/www.lerobinetdor.com\/pt-br\/servicos-hotel-robinet-or-paris\/\",\"url\":\"https:\/\/www.lerobinetdor.com\/pt-br\/servicos-hotel-robinet-or-paris\/\",\"name\":\"Servi\u00e7os do HotelRestaurant Robinet d\u2019Or Paris - Canal St Martin\",\"isPartOf\":{\"@id\":\"https:\/\/www.lerobinetdor.com\/#website\"},\"primaryImageOfPage\":{\"@id\":\"https:\/\/www.lerobinetdor.com\/pt-br\/servicos-hotel-robinet-or-paris\/#primaryimage\"},\"image\":{\"@id\":\"https:\/\/www.lerobinetdor.com\/pt-br\/servicos-hotel-robinet-or-paris\/#primaryimage\"},\"thumbnailUrl\":\"https:\/\/www.lerobinetdor.com\/new\/wp-content\/uploads\/2020\/08\/border.png\",\"datePublished\":\"2024-02-04T18:09:36+00:00\",\"dateModified\":\"2024-04-11T16:40:11+00:00\",\"description\":\"Os servi\u00e7os do Hotel Restaurant Robinet d'Or Paris - Canal St Martin. Nossa equipe de recep\u00e7\u00e3o multil\u00edngue aconselha voc\u00ea em seus passeios e passeios tur\u00edsticos.\",\"breadcrumb\":{\"@id\":\"https:\/\/www.lerobinetdor.com\/pt-br\/servicos-hotel-robinet-or-paris\/#breadcrumb\"},\"inLanguage\":\"pt-BR\",\"potentialAction\":[{\"@type\":\"ReadAction\",\"target\":[\"https:\/\/www.lerobinetdor.com\/pt-br\/servicos-hotel-robinet-or-paris\/\"]}]},{\"@type\":\"ImageObject\",\"inLanguage\":\"pt-BR\",\"@id\":\"https:\/\/www.lerobinetdor.com\/pt-br\/servicos-hotel-robinet-or-paris\/#primaryimage\",\"url\":\"https:\/\/www.lerobinetdor.com\/wp-content\/uploads\/2020\/08\/border.png\",\"contentUrl\":\"https:\/\/www.lerobinetdor.com\/wp-content\/uploads\/2020\/08\/border.png\",\"width\":70,\"height\":2,\"caption\":\"m\"},{\"@type\":\"BreadcrumbList\",\"@id\":\"https:\/\/www.lerobinetdor.com\/pt-br\/servicos-hotel-robinet-or-paris\/#breadcrumb\",\"itemListElement\":[{\"@type\":\"ListItem\",\"position\":1,\"name\":\"Accueil\",\"item\":\"https:\/\/www.lerobinetdor.com\/\"},{\"@type\":\"ListItem\",\"position\":2,\"name\":\"Services\"}]},{\"@type\":\"WebSite\",\"@id\":\"https:\/\/www.lerobinetdor.com\/#website\",\"url\":\"https:\/\/www.lerobinetdor.com\/\",\"name\":\"Le Robinet d&#039;Or\",\"description\":\"\",\"potentialAction\":[{\"@type\":\"SearchAction\",\"target\":{\"@type\":\"EntryPoint\",\"urlTemplate\":\"https:\/\/www.lerobinetdor.com\/?s={search_term_string}\"},\"query-input\":\"required name=search_term_string\"}],\"inLanguage\":\"pt-BR\"}]}<\/script>\n<!-- \/ Yoast SEO plugin. -->","yoast_head_json":{"title":"Servi\u00e7os do HotelRestaurant Robinet d\u2019Or Paris - Canal St Martin","description":"Os servi\u00e7os do Hotel Restaurant Robinet d'Or Paris - Canal St Martin. Nossa equipe de recep\u00e7\u00e3o multil\u00edngue aconselha voc\u00ea em seus passeios e passeios tur\u00edsticos.","robots":{"index":"index","follow":"follow","max-snippet":"max-snippet:-1","max-image-preview":"max-image-preview:large","max-video-preview":"max-video-preview:-1"},"canonical":"https:\/\/www.lerobinetdor.com\/pt-br\/servicos-hotel-robinet-or-paris\/","og_locale":"pt_BR","og_type":"article","og_title":"Servi\u00e7os do HotelRestaurant Robinet d\u2019Or Paris - Canal St Martin","og_description":"Os servi\u00e7os do Hotel Restaurant Robinet d'Or Paris - Canal St Martin. Nossa equipe de recep\u00e7\u00e3o multil\u00edngue aconselha voc\u00ea em seus passeios e passeios tur\u00edsticos.","og_url":"https:\/\/www.lerobinetdor.com\/pt-br\/servicos-hotel-robinet-or-paris\/","og_site_name":"Le Robinet d&#039;Or","article_modified_time":"2024-04-11T16:40:11+00:00","og_image":[{"url":"https:\/\/www.lerobinetdor.com\/new\/wp-content\/uploads\/2020\/08\/border.png"}],"twitter_card":"summary_large_image","twitter_misc":{"Est. tempo de leitura":"3 minutos"},"schema":{"@context":"https:\/\/schema.org","@graph":[{"@type":"WebPage","@id":"https:\/\/www.lerobinetdor.com\/pt-br\/servicos-hotel-robinet-or-paris\/","url":"https:\/\/www.lerobinetdor.com\/pt-br\/servicos-hotel-robinet-or-paris\/","name":"Servi\u00e7os do HotelRestaurant Robinet d\u2019Or Paris - Canal St Martin","isPartOf":{"@id":"https:\/\/www.lerobinetdor.com\/#website"},"primaryImageOfPage":{"@id":"https:\/\/www.lerobinetdor.com\/pt-br\/servicos-hotel-robinet-or-paris\/#primaryimage"},"image":{"@id":"https:\/\/www.lerobinetdor.com\/pt-br\/servicos-hotel-robinet-or-paris\/#primaryimage"},"thumbnailUrl":"https:\/\/www.lerobinetdor.com\/new\/wp-content\/uploads\/2020\/08\/border.png","datePublished":"2024-02-04T18:09:36+00:00","dateModified":"2024-04-11T16:40:11+00:00","description":"Os servi\u00e7os do Hotel Restaurant Robinet d'Or Paris - Canal St Martin. Nossa equipe de recep\u00e7\u00e3o multil\u00edngue aconselha voc\u00ea em seus passeios e passeios tur\u00edsticos.","breadcrumb":{"@id":"https:\/\/www.lerobinetdor.com\/pt-br\/servicos-hotel-robinet-or-paris\/#breadcrumb"},"inLanguage":"pt-BR","potentialAction":[{"@type":"ReadAction","target":["https:\/\/www.lerobinetdor.com\/pt-br\/servicos-hotel-robinet-or-paris\/"]}]},{"@type":"ImageObject","inLanguage":"pt-BR","@id":"https:\/\/www.lerobinetdor.com\/pt-br\/servicos-hotel-robinet-or-paris\/#primaryimage","url":"https:\/\/www.lerobinetdor.com\/wp-content\/uploads\/2020\/08\/border.png","contentUrl":"https:\/\/www.lerobinetdor.com\/wp-content\/uploads\/2020\/08\/border.png","width":70,"height":2,"caption":"m"},{"@type":"BreadcrumbList","@id":"https:\/\/www.lerobinetdor.com\/pt-br\/servicos-hotel-robinet-or-paris\/#breadcrumb","itemListElement":[{"@type":"ListItem","position":1,"name":"Accueil","item":"https:\/\/www.lerobinetdor.com\/"},{"@type":"ListItem","position":2,"name":"Services"}]},{"@type":"WebSite","@id":"https:\/\/www.lerobinetdor.com\/#website","url":"https:\/\/www.lerobinetdor.com\/","name":"Le Robinet d&#039;Or","description":"","potentialAction":[{"@type":"SearchAction","target":{"@type":"EntryPoint","urlTemplate":"https:\/\/www.lerobinetdor.com\/?s={search_term_string}"},"query-input":"required name=search_term_string"}],"inLanguage":"pt-BR"}]}},"_links":{"self":[{"href":"https:\/\/www.lerobinetdor.com\/pt-br\/wp-json\/wp\/v2\/pages\/1956","targetHints":{"allow":["GET"]}}],"collection":[{"href":"https:\/\/www.lerobinetdor.com\/pt-br\/wp-json\/wp\/v2\/pages"}],"about":[{"href":"https:\/\/www.lerobinetdor.com\/pt-br\/wp-json\/wp\/v2\/types\/page"}],"author":[{"embeddable":true,"href":"https:\/\/www.lerobinetdor.com\/pt-br\/wp-json\/wp\/v2\/users\/1"}],"replies":[{"embeddable":true,"href":"https:\/\/www.lerobinetdor.com\/pt-br\/wp-json\/wp\/v2\/comments?post=1956"}],"version-history":[{"count":13,"href":"https:\/\/www.lerobinetdor.com\/pt-br\/wp-json\/wp\/v2\/pages\/1956\/revisions"}],"predecessor-version":[{"id":2427,"href":"https:\/\/www.lerobinetdor.com\/pt-br\/wp-json\/wp\/v2\/pages\/1956\/revisions\/2427"}],"wp:attachment":[{"href":"https:\/\/www.lerobinetdor.com\/pt-br\/wp-json\/wp\/v2\/media?parent=1956"}],"curies":[{"name":"wp","href":"https:\/\/api.w.org\/{rel}","templated":true}]}}