{"id":1960,"date":"2020-08-11T09:42:16","date_gmt":"2020-08-11T07:42:16","guid":{"rendered":"https:\/\/www.lerobinetdor.com\/new\/situation-hotel-le-robinet-d-or-paris\/"},"modified":"2024-04-11T18:37:06","modified_gmt":"2024-04-11T16:37:06","slug":"localizacao-hotel-le-robinet-d-or-paris","status":"publish","type":"page","link":"https:\/\/www.lerobinetdor.com\/pt-br\/localizacao-hotel-le-robinet-d-or-paris\/","title":{"rendered":"Situation"},"content":{"rendered":"\t\t<div data-elementor-type=\"wp-page\" data-elementor-id=\"1960\" class=\"elementor elementor-1960\">\n\t\t\t\t\t\t<section class=\"elementor-section elementor-top-section elementor-element elementor-element-871e797 elementor-section-full_width qode_elementor_container_inner elementor-section-height-default elementor-section-height-default parallax_section_no\" data-id=\"871e797\" data-element_type=\"section\">\n\t\t\t\t\t\t<div class=\"elementor-container elementor-column-gap-no\">\n\t\t\t\t\t<div class=\"elementor-column elementor-col-100 elementor-top-column elementor-element elementor-element-122f97d\" data-id=\"122f97d\" data-element_type=\"column\">\n\t\t\t<div class=\"elementor-widget-wrap elementor-element-populated\">\n\t\t\t\t<div class=\"elementor-element elementor-element-0f0e21a e-con-full e-flex parallax_section_no qode_elementor_container_no e-con e-parent\" data-id=\"0f0e21a\" data-element_type=\"container\" data-core-v316-plus=\"true\">\n\t\t\t\t<div class=\"elementor-element elementor-element-a03b126 elementor-widget elementor-widget-html\" data-id=\"a03b126\" data-element_type=\"widget\" data-widget_type=\"html.default\">\n\t\t\t\t<div class=\"elementor-widget-container\">\n\t\t\t<iframe src=\"https:\/\/www.google.com\/maps\/embed?pb=!1m18!1m12!1m3!1d7421.661915957922!2d2.359582584156386!3d48.87815852250853!2m3!1f0!2f0!3f0!3m2!1i1024!2i768!4f13.1!3m3!1m2!1s0x47e66e74f31661d7%3A0xef7d22e1b099e43c!2s17+Rue+Robert+Blache%2C+75010+Paris!5e0!3m2!1sfr!2sfr!4v1448900018803\" width=\"100%\" height=\"350\" frameborder=\"0\" style=\"border:0\" allowfullscreen=\"\" class=\"image-left\"><\/iframe>\t\t<\/div>\n\t\t\t\t<\/div>\n\t\t\t\t<\/div>\n\t\t\t\t<div class=\"elementor-element elementor-element-3071374 elementor-widget elementor-widget-text-editor\" data-id=\"3071374\" data-element_type=\"widget\" data-widget_type=\"text-editor.default\">\n\t\t\t\t<div class=\"elementor-widget-container\">\n\t\t\t<style>\/*! elementor - v3.20.0 - 26-03-2024 *\/\n.elementor-widget-text-editor.elementor-drop-cap-view-stacked .elementor-drop-cap{background-color:#69727d;color:#fff}.elementor-widget-text-editor.elementor-drop-cap-view-framed .elementor-drop-cap{color:#69727d;border:3px solid;background-color:transparent}.elementor-widget-text-editor:not(.elementor-drop-cap-view-default) .elementor-drop-cap{margin-top:8px}.elementor-widget-text-editor:not(.elementor-drop-cap-view-default) .elementor-drop-cap-letter{width:1em;height:1em}.elementor-widget-text-editor .elementor-drop-cap{float:left;text-align:center;line-height:1;font-size:50px}.elementor-widget-text-editor .elementor-drop-cap-letter{display:inline-block}<\/style>\t\t\t\t<h1 style=\"text-align: center;\">LOCALIZA\u00c7\u00c3O DO HOTEL ROBINET D&#8217;OR<\/h1>\t\t\t\t\t\t<\/div>\n\t\t\t\t<\/div>\n\t\t\t\t<div class=\"elementor-element elementor-element-05fb0c4 elementor-widget elementor-widget-image\" data-id=\"05fb0c4\" data-element_type=\"widget\" data-widget_type=\"image.default\">\n\t\t\t\t<div class=\"elementor-widget-container\">\n\t\t\t<style>\/*! elementor - v3.20.0 - 26-03-2024 *\/\n.elementor-widget-image{text-align:center}.elementor-widget-image a{display:inline-block}.elementor-widget-image a img[src$=\".svg\"]{width:48px}.elementor-widget-image img{vertical-align:middle;display:inline-block}<\/style>\t\t\t\t\t\t\t\t\t\t<img decoding=\"async\" src=\"https:\/\/www.lerobinetdor.com\/new\/wp-content\/uploads\/2020\/08\/border.png\" title=\"\" alt=\"\" loading=\"lazy\" \/>\t\t\t\t\t\t\t\t\t\t\t\t\t<\/div>\n\t\t\t\t<\/div>\n\t\t\t\t<div class=\"elementor-element elementor-element-9293fb0 elementor-widget elementor-widget-text-editor\" data-id=\"9293fb0\" data-element_type=\"widget\" data-widget_type=\"text-editor.default\">\n\t\t\t\t<div class=\"elementor-widget-container\">\n\t\t\t\t\t\t\t<h4 style=\"text-align: center;\">O Le Robinet d\u2019Or est\u00e1 localizado no novo bairro badalado de Canal Saint Martin, muito perto da Gare de l\u2019Est e da Gare du Nord. Tranquilo, totalmente pedestre nos finais de semana, para deleite dos adeptos de caminhadas, ciclismo ou patins.<\/h4>\t\t\t\t\t\t<\/div>\n\t\t\t\t<\/div>\n\t\t\t\t<div class=\"elementor-element elementor-element-e4fd4e9 elementor-widget elementor-widget-text-editor\" data-id=\"e4fd4e9\" data-element_type=\"widget\" data-widget_type=\"text-editor.default\">\n\t\t\t\t<div class=\"elementor-widget-container\">\n\t\t\t\t\t\t\t<p style=\"text-align: center;\">Um cruzeiro no canal Cit\u00e9 des Sciences ir\u00e1 convid\u00e1-lo a descobrir a famosa \u201cAtmosfera\u201d de Arletti ao porto do Arsenal de Bastille. Quando o tempo est\u00e1 bom, o canal arborizado torna-se o local imprescind\u00edvel para piqueniques e aperitivos organizados depois do trabalho, longe da agita\u00e7\u00e3o das principais art\u00e9rias da cidade.<BR>\nUma paragem ideal para desfrutar do encanto da zona envolvente.<\/p>\t\t\t\t\t\t<\/div>\n\t\t\t\t<\/div>\n\t\t\t\t<div class=\"elementor-element elementor-element-4f70f12 elementor-widget elementor-widget-image\" data-id=\"4f70f12\" data-element_type=\"widget\" data-widget_type=\"image.default\">\n\t\t\t\t<div class=\"elementor-widget-container\">\n\t\t\t\t\t\t\t\t\t\t\t\t\t<img fetchpriority=\"high\" decoding=\"async\" width=\"1200\" height=\"630\" src=\"https:\/\/www.lerobinetdor.com\/wp-content\/uploads\/2023\/12\/city.jpg\" class=\"attachment-full size-full wp-image-321\" alt=\"\" srcset=\"https:\/\/www.lerobinetdor.com\/wp-content\/uploads\/2023\/12\/city.jpg 1200w, https:\/\/www.lerobinetdor.com\/wp-content\/uploads\/2023\/12\/city-300x158.jpg 300w, https:\/\/www.lerobinetdor.com\/wp-content\/uploads\/2023\/12\/city-1024x538.jpg 1024w, https:\/\/www.lerobinetdor.com\/wp-content\/uploads\/2023\/12\/city-768x403.jpg 768w, https:\/\/www.lerobinetdor.com\/wp-content\/uploads\/2023\/12\/city-700x368.jpg 700w\" sizes=\"(max-width: 1200px) 100vw, 1200px\" \/>\t\t\t\t\t\t\t\t\t\t\t\t\t<\/div>\n\t\t\t\t<\/div>\n\t\t\t\t\t<\/div>\n\t\t<\/div>\n\t\t\t\t\t<\/div>\n\t\t<\/section>\n\t\t\t\t<section class=\"elementor-section elementor-top-section elementor-element elementor-element-3d9dca3e elementor-section-full_width qode_elementor_container_inner elementor-section-height-default elementor-section-height-default parallax_section_no\" data-id=\"3d9dca3e\" data-element_type=\"section\">\n\t\t\t\t\t\t<div class=\"elementor-container elementor-column-gap-no\">\n\t\t\t\t\t<div class=\"elementor-column elementor-col-100 elementor-top-column elementor-element elementor-element-654063fd\" data-id=\"654063fd\" data-element_type=\"column\">\n\t\t\t<div class=\"elementor-widget-wrap elementor-element-populated\">\n\t\t\t\t\t\t<div class=\"elementor-element elementor-element-6f87464f elementor-widget elementor-widget-text-editor\" data-id=\"6f87464f\" data-element_type=\"widget\" data-widget_type=\"text-editor.default\">\n\t\t\t\t<div class=\"elementor-widget-container\">\n\t\t\t\t\t\t\t<h1>TRANSPORTE P\u00daBLICO<\/h1>\t\t\t\t\t\t<\/div>\n\t\t\t\t<\/div>\n\t\t\t\t<div class=\"elementor-element elementor-element-593b92fc elementor-widget elementor-widget-image\" data-id=\"593b92fc\" data-element_type=\"widget\" data-widget_type=\"image.default\">\n\t\t\t\t<div class=\"elementor-widget-container\">\n\t\t\t\t\t\t\t\t\t\t\t\t\t<img decoding=\"async\" src=\"https:\/\/www.lerobinetdor.com\/new\/wp-content\/uploads\/2020\/08\/border.png\" title=\"\" alt=\"\" loading=\"lazy\" \/>\t\t\t\t\t\t\t\t\t\t\t\t\t<\/div>\n\t\t\t\t<\/div>\n\t\t\t\t<section class=\"elementor-section elementor-inner-section elementor-element elementor-element-24f5b2a1 elementor-section-full_width elementor-section-height-default elementor-section-height-default parallax_section_no qode_elementor_container_no\" data-id=\"24f5b2a1\" data-element_type=\"section\">\n\t\t\t\t\t\t<div class=\"elementor-container elementor-column-gap-no\">\n\t\t\t\t\t<div class=\"elementor-column elementor-col-50 elementor-inner-column elementor-element elementor-element-44888bde\" data-id=\"44888bde\" data-element_type=\"column\">\n\t\t\t<div class=\"elementor-widget-wrap elementor-element-populated\">\n\t\t\t\t\t\t<div class=\"elementor-element elementor-element-2f84619a elementor-widget elementor-widget-text-editor\" data-id=\"2f84619a\" data-element_type=\"widget\" data-widget_type=\"text-editor.default\">\n\t\t\t\t<div class=\"elementor-widget-container\">\n\t\t\t\t\t\t\t<h5>METR\u00d4<\/h5><ul><li>Linhas 7, parada \u201cCh\u00e2teau Landon\u201d Sa\u00edda: 188, rue du Faubourg-Saint-Martin parada Gare de l\u2019Est<\/li><li>Linhas 4, 5 e 7, parada \u201cGare de l\u2019Est\u201d<\/li><\/ul><h5>RER<\/h5><ul><li>B, D e E: Gare du Nord<\/li><\/ul><hr \/><h4>\u00a0<\/h4><h4 class=\"media-header\">ESTACIONAMENTO<\/h4><p>Estacionamento subterr\u00e2neo seguro est\u00e1 dispon\u00edvel perto do hotel, mediante pedido pr\u00e9vio, por \u20ac 30 por noite.<\/p><p>\u00a0<\/p><hr \/><h4>\u00a0<\/h4><h4 class=\"media-header\">DOS AEROPORTOS<\/h4><p>Dos aeroportos Roissy Charles De Gaulle ou Orly, pegue o RER B at\u00e9 a Gare du Nord e depois a p\u00e9 ou pela linha 4 ou 5 do metr\u00f4 at\u00e9 a Gare de l&#8217;Est e pegue a sa\u00edda 4, rue du Faubourg Saint Martin: use o mesmo bilhete para o RER e o metro<\/p><p>Do aeroporto de Beauvais Tille, utilize o shuttle do aeroporto, que p\u00e1ra em Porte Maillot, depois apanhe a linha 1 do metro at\u00e9 \u201cConcorde\u201d e mude para a linha 7 at\u00e9 \u201cCh\u00e2teau Landon\u201d<\/p><p>\u00a0<\/p><p>Mais informa\u00e7\u00f5es: www.aeroportbeauvais.com \u2013 www.ratp.fr<\/p>\t\t\t\t\t\t<\/div>\n\t\t\t\t<\/div>\n\t\t\t\t\t<\/div>\n\t\t<\/div>\n\t\t\t\t<div class=\"elementor-column elementor-col-50 elementor-inner-column elementor-element elementor-element-42e57387\" data-id=\"42e57387\" data-element_type=\"column\">\n\t\t\t<div class=\"elementor-widget-wrap elementor-element-populated\">\n\t\t\t\t<div class=\"elementor-element elementor-element-57ce561 e-flex e-con-boxed parallax_section_no qode_elementor_container_no e-con e-parent\" data-id=\"57ce561\" data-element_type=\"container\" data-core-v316-plus=\"true\">\n\t\t\t\t\t<div class=\"e-con-inner\">\n\t\t\t\t<div class=\"elementor-element elementor-element-8925a64 elementor-widget elementor-widget-image\" data-id=\"8925a64\" data-element_type=\"widget\" data-widget_type=\"image.default\">\n\t\t\t\t<div class=\"elementor-widget-container\">\n\t\t\t\t\t\t\t\t\t\t\t\t\t<img decoding=\"async\" width=\"1500\" height=\"1000\" src=\"https:\/\/www.lerobinetdor.com\/wp-content\/uploads\/2023\/10\/le-robinet-d-or-paris-008.jpg\" class=\"attachment-full size-full wp-image-33\" alt=\"H\u00f4tel Restaurant Le Robinet d&#039;Or Paris\" srcset=\"https:\/\/www.lerobinetdor.com\/wp-content\/uploads\/2023\/10\/le-robinet-d-or-paris-008.jpg 1500w, https:\/\/www.lerobinetdor.com\/wp-content\/uploads\/2023\/10\/le-robinet-d-or-paris-008-300x200.jpg 300w, https:\/\/www.lerobinetdor.com\/wp-content\/uploads\/2023\/10\/le-robinet-d-or-paris-008-1024x683.jpg 1024w, https:\/\/www.lerobinetdor.com\/wp-content\/uploads\/2023\/10\/le-robinet-d-or-paris-008-768x512.jpg 768w\" sizes=\"(max-width: 1500px) 100vw, 1500px\" \/>\t\t\t\t\t\t\t\t\t\t\t\t\t<\/div>\n\t\t\t\t<\/div>\n\t\t\t\t\t<\/div>\n\t\t\t\t<\/div>\n\t\t\t\t\t<\/div>\n\t\t<\/div>\n\t\t\t\t\t<\/div>\n\t\t<\/section>\n\t\t\t\t\t<\/div>\n\t\t<\/div>\n\t\t\t\t\t<\/div>\n\t\t<\/section>\n\t\t\t\t<\/div>\n\t\t","protected":false},"excerpt":{"rendered":"<p>LOCALIZA\u00c7\u00c3O DO HOTEL ROBINET D&#8217;OR O Le Robinet d\u2019Or est\u00e1 localizado no novo bairro badalado de Canal Saint Martin, muito perto da Gare de l\u2019Est e da Gare du Nord. Tranquilo, totalmente pedestre nos finais de semana, para deleite dos adeptos de caminhadas, ciclismo ou&#8230;<\/p>\n","protected":false},"author":1,"featured_media":0,"parent":0,"menu_order":0,"comment_status":"closed","ping_status":"closed","template":"full_width.php","meta":{"footnotes":""},"class_list":["post-1960","page","type-page","status-publish","hentry"],"yoast_head":"<!-- This site is optimized with the Yoast SEO plugin v22.3 - https:\/\/yoast.com\/wordpress\/plugins\/seo\/ -->\n<title>Localiza\u00e7\u00e3o do Hotel Robinet d&#039;Or Paris Gare du Nord Gare de l&#039;Est<\/title>\n<meta name=\"description\" content=\"Localiza\u00e7\u00e3o do Hotel restaurante Le Robinet d&#039;Or Paris, confort\u00e1vel, Wi-Fi gratuito, silencioso, vidros duplos, banheiro privativo, TV.\" \/>\n<meta name=\"robots\" content=\"index, follow, max-snippet:-1, max-image-preview:large, max-video-preview:-1\" \/>\n<link rel=\"canonical\" href=\"https:\/\/www.lerobinetdor.com\/pt-br\/localizacao-hotel-le-robinet-d-or-paris\/\" \/>\n<meta property=\"og:locale\" content=\"pt_BR\" \/>\n<meta property=\"og:type\" content=\"article\" \/>\n<meta property=\"og:title\" content=\"Localiza\u00e7\u00e3o do Hotel Robinet d&#039;Or Paris Gare du Nord Gare de l&#039;Est\" \/>\n<meta property=\"og:description\" content=\"Localiza\u00e7\u00e3o do Hotel restaurante Le Robinet d&#039;Or Paris, confort\u00e1vel, Wi-Fi gratuito, silencioso, vidros duplos, banheiro privativo, TV.\" \/>\n<meta property=\"og:url\" content=\"https:\/\/www.lerobinetdor.com\/pt-br\/localizacao-hotel-le-robinet-d-or-paris\/\" \/>\n<meta property=\"og:site_name\" content=\"Le Robinet d&#039;Or\" \/>\n<meta property=\"article:modified_time\" content=\"2024-04-11T16:37:06+00:00\" \/>\n<meta property=\"og:image\" content=\"https:\/\/www.lerobinetdor.com\/new\/wp-content\/uploads\/2020\/08\/border.png\" \/>\n<meta name=\"twitter:card\" content=\"summary_large_image\" \/>\n<meta name=\"twitter:label1\" content=\"Est. tempo de leitura\" \/>\n\t<meta name=\"twitter:data1\" content=\"3 minutos\" \/>\n<script type=\"application\/ld+json\" class=\"yoast-schema-graph\">{\"@context\":\"https:\/\/schema.org\",\"@graph\":[{\"@type\":\"WebPage\",\"@id\":\"https:\/\/www.lerobinetdor.com\/pt-br\/localizacao-hotel-le-robinet-d-or-paris\/\",\"url\":\"https:\/\/www.lerobinetdor.com\/pt-br\/localizacao-hotel-le-robinet-d-or-paris\/\",\"name\":\"Localiza\u00e7\u00e3o do Hotel Robinet d'Or Paris Gare du Nord Gare de l'Est\",\"isPartOf\":{\"@id\":\"https:\/\/www.lerobinetdor.com\/#website\"},\"primaryImageOfPage\":{\"@id\":\"https:\/\/www.lerobinetdor.com\/pt-br\/localizacao-hotel-le-robinet-d-or-paris\/#primaryimage\"},\"image\":{\"@id\":\"https:\/\/www.lerobinetdor.com\/pt-br\/localizacao-hotel-le-robinet-d-or-paris\/#primaryimage\"},\"thumbnailUrl\":\"https:\/\/www.lerobinetdor.com\/new\/wp-content\/uploads\/2020\/08\/border.png\",\"datePublished\":\"2020-08-11T07:42:16+00:00\",\"dateModified\":\"2024-04-11T16:37:06+00:00\",\"description\":\"Localiza\u00e7\u00e3o do Hotel restaurante Le Robinet d'Or Paris, confort\u00e1vel, Wi-Fi gratuito, silencioso, vidros duplos, banheiro privativo, TV.\",\"breadcrumb\":{\"@id\":\"https:\/\/www.lerobinetdor.com\/pt-br\/localizacao-hotel-le-robinet-d-or-paris\/#breadcrumb\"},\"inLanguage\":\"pt-BR\",\"potentialAction\":[{\"@type\":\"ReadAction\",\"target\":[\"https:\/\/www.lerobinetdor.com\/pt-br\/localizacao-hotel-le-robinet-d-or-paris\/\"]}]},{\"@type\":\"ImageObject\",\"inLanguage\":\"pt-BR\",\"@id\":\"https:\/\/www.lerobinetdor.com\/pt-br\/localizacao-hotel-le-robinet-d-or-paris\/#primaryimage\",\"url\":\"https:\/\/www.lerobinetdor.com\/wp-content\/uploads\/2020\/08\/border.png\",\"contentUrl\":\"https:\/\/www.lerobinetdor.com\/wp-content\/uploads\/2020\/08\/border.png\",\"width\":70,\"height\":2,\"caption\":\"m\"},{\"@type\":\"BreadcrumbList\",\"@id\":\"https:\/\/www.lerobinetdor.com\/pt-br\/localizacao-hotel-le-robinet-d-or-paris\/#breadcrumb\",\"itemListElement\":[{\"@type\":\"ListItem\",\"position\":1,\"name\":\"Accueil\",\"item\":\"https:\/\/www.lerobinetdor.com\/\"},{\"@type\":\"ListItem\",\"position\":2,\"name\":\"Situation\"}]},{\"@type\":\"WebSite\",\"@id\":\"https:\/\/www.lerobinetdor.com\/#website\",\"url\":\"https:\/\/www.lerobinetdor.com\/\",\"name\":\"Le Robinet d&#039;Or\",\"description\":\"\",\"potentialAction\":[{\"@type\":\"SearchAction\",\"target\":{\"@type\":\"EntryPoint\",\"urlTemplate\":\"https:\/\/www.lerobinetdor.com\/?s={search_term_string}\"},\"query-input\":\"required name=search_term_string\"}],\"inLanguage\":\"pt-BR\"}]}<\/script>\n<!-- \/ Yoast SEO plugin. -->","yoast_head_json":{"title":"Localiza\u00e7\u00e3o do Hotel Robinet d'Or Paris Gare du Nord Gare de l'Est","description":"Localiza\u00e7\u00e3o do Hotel restaurante Le Robinet d'Or Paris, confort\u00e1vel, Wi-Fi gratuito, silencioso, vidros duplos, banheiro privativo, TV.","robots":{"index":"index","follow":"follow","max-snippet":"max-snippet:-1","max-image-preview":"max-image-preview:large","max-video-preview":"max-video-preview:-1"},"canonical":"https:\/\/www.lerobinetdor.com\/pt-br\/localizacao-hotel-le-robinet-d-or-paris\/","og_locale":"pt_BR","og_type":"article","og_title":"Localiza\u00e7\u00e3o do Hotel Robinet d'Or Paris Gare du Nord Gare de l'Est","og_description":"Localiza\u00e7\u00e3o do Hotel restaurante Le Robinet d'Or Paris, confort\u00e1vel, Wi-Fi gratuito, silencioso, vidros duplos, banheiro privativo, TV.","og_url":"https:\/\/www.lerobinetdor.com\/pt-br\/localizacao-hotel-le-robinet-d-or-paris\/","og_site_name":"Le Robinet d&#039;Or","article_modified_time":"2024-04-11T16:37:06+00:00","og_image":[{"url":"https:\/\/www.lerobinetdor.com\/new\/wp-content\/uploads\/2020\/08\/border.png"}],"twitter_card":"summary_large_image","twitter_misc":{"Est. tempo de leitura":"3 minutos"},"schema":{"@context":"https:\/\/schema.org","@graph":[{"@type":"WebPage","@id":"https:\/\/www.lerobinetdor.com\/pt-br\/localizacao-hotel-le-robinet-d-or-paris\/","url":"https:\/\/www.lerobinetdor.com\/pt-br\/localizacao-hotel-le-robinet-d-or-paris\/","name":"Localiza\u00e7\u00e3o do Hotel Robinet d'Or Paris Gare du Nord Gare de l'Est","isPartOf":{"@id":"https:\/\/www.lerobinetdor.com\/#website"},"primaryImageOfPage":{"@id":"https:\/\/www.lerobinetdor.com\/pt-br\/localizacao-hotel-le-robinet-d-or-paris\/#primaryimage"},"image":{"@id":"https:\/\/www.lerobinetdor.com\/pt-br\/localizacao-hotel-le-robinet-d-or-paris\/#primaryimage"},"thumbnailUrl":"https:\/\/www.lerobinetdor.com\/new\/wp-content\/uploads\/2020\/08\/border.png","datePublished":"2020-08-11T07:42:16+00:00","dateModified":"2024-04-11T16:37:06+00:00","description":"Localiza\u00e7\u00e3o do Hotel restaurante Le Robinet d'Or Paris, confort\u00e1vel, Wi-Fi gratuito, silencioso, vidros duplos, banheiro privativo, TV.","breadcrumb":{"@id":"https:\/\/www.lerobinetdor.com\/pt-br\/localizacao-hotel-le-robinet-d-or-paris\/#breadcrumb"},"inLanguage":"pt-BR","potentialAction":[{"@type":"ReadAction","target":["https:\/\/www.lerobinetdor.com\/pt-br\/localizacao-hotel-le-robinet-d-or-paris\/"]}]},{"@type":"ImageObject","inLanguage":"pt-BR","@id":"https:\/\/www.lerobinetdor.com\/pt-br\/localizacao-hotel-le-robinet-d-or-paris\/#primaryimage","url":"https:\/\/www.lerobinetdor.com\/wp-content\/uploads\/2020\/08\/border.png","contentUrl":"https:\/\/www.lerobinetdor.com\/wp-content\/uploads\/2020\/08\/border.png","width":70,"height":2,"caption":"m"},{"@type":"BreadcrumbList","@id":"https:\/\/www.lerobinetdor.com\/pt-br\/localizacao-hotel-le-robinet-d-or-paris\/#breadcrumb","itemListElement":[{"@type":"ListItem","position":1,"name":"Accueil","item":"https:\/\/www.lerobinetdor.com\/"},{"@type":"ListItem","position":2,"name":"Situation"}]},{"@type":"WebSite","@id":"https:\/\/www.lerobinetdor.com\/#website","url":"https:\/\/www.lerobinetdor.com\/","name":"Le Robinet d&#039;Or","description":"","potentialAction":[{"@type":"SearchAction","target":{"@type":"EntryPoint","urlTemplate":"https:\/\/www.lerobinetdor.com\/?s={search_term_string}"},"query-input":"required name=search_term_string"}],"inLanguage":"pt-BR"}]}},"_links":{"self":[{"href":"https:\/\/www.lerobinetdor.com\/pt-br\/wp-json\/wp\/v2\/pages\/1960","targetHints":{"allow":["GET"]}}],"collection":[{"href":"https:\/\/www.lerobinetdor.com\/pt-br\/wp-json\/wp\/v2\/pages"}],"about":[{"href":"https:\/\/www.lerobinetdor.com\/pt-br\/wp-json\/wp\/v2\/types\/page"}],"author":[{"embeddable":true,"href":"https:\/\/www.lerobinetdor.com\/pt-br\/wp-json\/wp\/v2\/users\/1"}],"replies":[{"embeddable":true,"href":"https:\/\/www.lerobinetdor.com\/pt-br\/wp-json\/wp\/v2\/comments?post=1960"}],"version-history":[{"count":10,"href":"https:\/\/www.lerobinetdor.com\/pt-br\/wp-json\/wp\/v2\/pages\/1960\/revisions"}],"predecessor-version":[{"id":2421,"href":"https:\/\/www.lerobinetdor.com\/pt-br\/wp-json\/wp\/v2\/pages\/1960\/revisions\/2421"}],"wp:attachment":[{"href":"https:\/\/www.lerobinetdor.com\/pt-br\/wp-json\/wp\/v2\/media?parent=1960"}],"curies":[{"name":"wp","href":"https:\/\/api.w.org\/{rel}","templated":true}]}}