{"id":1964,"date":"2024-02-06T09:55:18","date_gmt":"2024-02-06T08:55:18","guid":{"rendered":"https:\/\/www.lerobinetdor.com\/new\/suite-executive\/"},"modified":"2025-02-03T15:26:15","modified_gmt":"2025-02-03T14:26:15","slug":"suite-executiva","status":"publish","type":"page","link":"https:\/\/www.lerobinetdor.com\/pt-br\/suite-executiva\/","title":{"rendered":"Suite Executive"},"content":{"rendered":"\t\t<div data-elementor-type=\"wp-page\" data-elementor-id=\"1964\" class=\"elementor elementor-1964\">\n\t\t\t\t\t\t<section class=\"elementor-section elementor-top-section elementor-element elementor-element-525856e elementor-section-full_width qode_elementor_container_inner elementor-section-height-default elementor-section-height-default parallax_section_no\" data-id=\"525856e\" data-element_type=\"section\">\n\t\t\t\t\t\t<div class=\"elementor-container elementor-column-gap-no\">\n\t\t\t\t\t<div class=\"elementor-column elementor-col-100 elementor-top-column elementor-element elementor-element-e17c34f\" data-id=\"e17c34f\" data-element_type=\"column\">\n\t\t\t<div class=\"elementor-widget-wrap elementor-element-populated\">\n\t\t\t\t\t\t<div class=\"elementor-element elementor-element-143baf4 elementor-widget elementor-widget-text-editor\" data-id=\"143baf4\" data-element_type=\"widget\" data-widget_type=\"text-editor.default\">\n\t\t\t\t<div class=\"elementor-widget-container\">\n\t\t\t<style>\/*! elementor - v3.20.0 - 26-03-2024 *\/\n.elementor-widget-text-editor.elementor-drop-cap-view-stacked .elementor-drop-cap{background-color:#69727d;color:#fff}.elementor-widget-text-editor.elementor-drop-cap-view-framed .elementor-drop-cap{color:#69727d;border:3px solid;background-color:transparent}.elementor-widget-text-editor:not(.elementor-drop-cap-view-default) .elementor-drop-cap{margin-top:8px}.elementor-widget-text-editor:not(.elementor-drop-cap-view-default) .elementor-drop-cap-letter{width:1em;height:1em}.elementor-widget-text-editor .elementor-drop-cap{float:left;text-align:center;line-height:1;font-size:50px}.elementor-widget-text-editor .elementor-drop-cap-letter{display:inline-block}<\/style>\t\t\t\t<h1 style=\"text-align: center;\">SU\u00cdTE EXECUTIVA<\/h1>\t\t\t\t\t\t<\/div>\n\t\t\t\t<\/div>\n\t\t\t\t<div class=\"elementor-element elementor-element-3eed7b9 elementor-widget elementor-widget-image\" data-id=\"3eed7b9\" data-element_type=\"widget\" data-widget_type=\"image.default\">\n\t\t\t\t<div class=\"elementor-widget-container\">\n\t\t\t<style>\/*! elementor - v3.20.0 - 26-03-2024 *\/\n.elementor-widget-image{text-align:center}.elementor-widget-image a{display:inline-block}.elementor-widget-image a img[src$=\".svg\"]{width:48px}.elementor-widget-image img{vertical-align:middle;display:inline-block}<\/style>\t\t\t\t\t\t\t\t\t\t<img decoding=\"async\" src=\"https:\/\/www.lerobinetdor.com\/new\/wp-content\/uploads\/2020\/08\/border.png\" title=\"\" alt=\"\" loading=\"lazy\" \/>\t\t\t\t\t\t\t\t\t\t\t\t\t<\/div>\n\t\t\t\t<\/div>\n\t\t\t\t<div class=\"elementor-element elementor-element-c6138fd elementor-widget elementor-widget-text-editor\" data-id=\"c6138fd\" data-element_type=\"widget\" data-widget_type=\"text-editor.default\">\n\t\t\t\t<div class=\"elementor-widget-container\">\n\t\t\t\t\t\t\t<h2 style=\"font-size: 24px; text-align: center; text-transform: none;\">1 a 5 pessoas<\/h2><p>\u00a0<\/p><p>Descubra eleg\u00e2ncia e requinte absolutos em nossa Su\u00edte Executiva, um espa\u00e7o pensado para aliar conforto de alto padr\u00e3o e design sofisticado. Oferecendo um ambiente amplo e luminoso, esta suite pode acomodar at\u00e9 5 pessoas, sendo a escolha ideal para uma estadia em fam\u00edlia, amigos ou para uma viagem de neg\u00f3cios com absoluto conforto.<\/p><p>\u00a0<\/p><p>Assim que entrar, ser\u00e1 seduzido pela perfeita harmonia entre materiais nobres e toques contempor\u00e2neos. O piso em parquet h\u00fangaro traz um calor elegante, real\u00e7ado por m\u00f3veis cuidadosamente selecionados e detalhes refinados.<\/p><p>\u00a0<\/p><p>Um espa\u00e7o sofisticado e funcional<\/p><p>A sala convida voc\u00ea a relaxar com seu sof\u00e1 convers\u00edvel. Perfeito para uma pausa para leitura ou uma noite aconchegante, este espa\u00e7o tamb\u00e9m est\u00e1 equipado com uma tela plana com Chromecast, permitindo transmitir seus conte\u00fados favoritos com facilidade. Grandes janelas cobertas por cortinas elegantes deixam entrar uma luz suave e suave, criando uma atmosfera relaxante.<\/p><p>\u00a0<\/p><p>Um quarto luxuoso para descanso absoluto <br \/>O quarto principal \u00e9 um verdadeiro casulo de serenidade, com roupas de cama de alta qualidade para noites tranquilas. O papel de parede com estampas delicadas adiciona um toque de sofistica\u00e7\u00e3o, enquanto um guarda-roupa espa\u00e7oso e um bagageiro est\u00e3o \u00e0 disposi\u00e7\u00e3o para facilitar sua organiza\u00e7\u00e3o.<\/p><p>\u00a0<\/p><p>A Su\u00edte Executiva tamb\u00e9m oferece uma cama extra ideal para uma quinta pessoa, garantindo espa\u00e7o adicional para dormir sem comprometer o conforto.<\/p><p>\u00a0<\/p><p>Um banheiro requintado e relaxante <br \/>A elegante casa de banho, decorada com materiais de prest\u00edgio, promete um momento \u00fanico de bem-estar. Equipado com produtos de cuidado da pele L\u2019Occitane, combina modernidade e conforto com acabamentos cuidados, ducha espa\u00e7osa e equipamentos de \u00faltima gera\u00e7\u00e3o.<\/p><p>\u00a0<\/p><p>Equipamentos pensados para o seu conforto <br \/>Para uma estadia mais agrad\u00e1vel, a Su\u00edte Executiva disp\u00f5e de in\u00fameras comodidades: <br \/>\u2714 Seguro para proteger seus objetos de valor <br \/>\u2714 Telefone e r\u00e1dio para ficar conectado <br \/>\u2714 Ferro e t\u00e1bua de passar para maior conforto <br \/>\u2714 Ar condicionado e aquecimento regul\u00e1veis para uma temperatura ideal em todas as esta\u00e7\u00f5es<\/p><p>\u00a0<\/p><p>Uma estadia excepcional para at\u00e9 5 pessoas <br \/>Verdadeira vitrine de requinte, a Su\u00edte Executiva combina eleg\u00e2ncia e modernidade parisiense para uma experi\u00eancia inesquec\u00edvel. Quer esteja em fam\u00edlia, com amigos ou em viagem de neg\u00f3cios, este espa\u00e7o \u00fanico promete-lhe conforto e serenidade.<\/p><p>\u00a0<\/p>\t\t\t\t\t\t<\/div>\n\t\t\t\t<\/div>\n\t\t\t\t<div class=\"elementor-element elementor-element-b59f320 elementor-align-center elementor-widget elementor-widget-button\" data-id=\"b59f320\" data-element_type=\"widget\" data-widget_type=\"button.default\">\n\t\t\t\t<div class=\"elementor-widget-container\">\n\t\t\t\t\t<div class=\"elementor-button-wrapper\">\n\t\t\t<a class=\"elementor-button elementor-button-link elementor-size-sm\" href=\"https:\/\/www.secure-hotel-booking.com\/Le-Robinet-d-Or\/2YM1\/pt\/\" target=\"_blank\">\n\t\t\t\t\t\t<span class=\"elementor-button-content-wrapper\">\n\t\t\t\t\t\t<span class=\"elementor-button-icon elementor-align-icon-right\">\n\t\t\t\t<svg aria-hidden=\"true\" class=\"e-font-icon-svg e-fas-calendar-alt\" viewBox=\"0 0 448 512\" xmlns=\"http:\/\/www.w3.org\/2000\/svg\"><path d=\"M0 464c0 26.5 21.5 48 48 48h352c26.5 0 48-21.5 48-48V192H0v272zm320-196c0-6.6 5.4-12 12-12h40c6.6 0 12 5.4 12 12v40c0 6.6-5.4 12-12 12h-40c-6.6 0-12-5.4-12-12v-40zm0 128c0-6.6 5.4-12 12-12h40c6.6 0 12 5.4 12 12v40c0 6.6-5.4 12-12 12h-40c-6.6 0-12-5.4-12-12v-40zM192 268c0-6.6 5.4-12 12-12h40c6.6 0 12 5.4 12 12v40c0 6.6-5.4 12-12 12h-40c-6.6 0-12-5.4-12-12v-40zm0 128c0-6.6 5.4-12 12-12h40c6.6 0 12 5.4 12 12v40c0 6.6-5.4 12-12 12h-40c-6.6 0-12-5.4-12-12v-40zM64 268c0-6.6 5.4-12 12-12h40c6.6 0 12 5.4 12 12v40c0 6.6-5.4 12-12 12H76c-6.6 0-12-5.4-12-12v-40zm0 128c0-6.6 5.4-12 12-12h40c6.6 0 12 5.4 12 12v40c0 6.6-5.4 12-12 12H76c-6.6 0-12-5.4-12-12v-40zM400 64h-48V16c0-8.8-7.2-16-16-16h-32c-8.8 0-16 7.2-16 16v48H160V16c0-8.8-7.2-16-16-16h-32c-8.8 0-16 7.2-16 16v48H48C21.5 64 0 85.5 0 112v48h448v-48c0-26.5-21.5-48-48-48z\"><\/path><\/svg>\t\t\t<\/span>\n\t\t\t\t\t\t<span class=\"elementor-button-text\">RESERVAR<\/span>\n\t\t<\/span>\n\t\t\t\t\t<\/a>\n\t\t<\/div>\n\t\t\t\t<\/div>\n\t\t\t\t<\/div>\n\t\t\t\t\t<\/div>\n\t\t<\/div>\n\t\t\t\t\t<\/div>\n\t\t<\/section>\n\t\t<div class=\"elementor-element elementor-element-cd5c1cf e-con-full e-flex parallax_section_no qode_elementor_container_no e-con e-parent\" data-id=\"cd5c1cf\" data-element_type=\"container\" data-settings=\"{&quot;background_background&quot;:&quot;classic&quot;}\" data-core-v316-plus=\"true\">\n\t\t\t\t<div class=\"elementor-element elementor-element-e5a5aa9 elementor-arrows-position-inside elementor-widget elementor-widget-image-carousel\" data-id=\"e5a5aa9\" data-element_type=\"widget\" data-settings=\"{&quot;slides_to_show&quot;:&quot;2&quot;,&quot;navigation&quot;:&quot;arrows&quot;,&quot;autoplay&quot;:&quot;yes&quot;,&quot;pause_on_hover&quot;:&quot;yes&quot;,&quot;pause_on_interaction&quot;:&quot;yes&quot;,&quot;autoplay_speed&quot;:5000,&quot;infinite&quot;:&quot;yes&quot;,&quot;speed&quot;:500}\" data-widget_type=\"image-carousel.default\">\n\t\t\t\t<div class=\"elementor-widget-container\">\n\t\t\t<style>\/*! elementor - v3.20.0 - 26-03-2024 *\/\n.elementor-widget-image-carousel .swiper,.elementor-widget-image-carousel .swiper-container{position:static}.elementor-widget-image-carousel .swiper-container .swiper-slide figure,.elementor-widget-image-carousel .swiper .swiper-slide figure{line-height:inherit}.elementor-widget-image-carousel .swiper-slide{text-align:center}.elementor-image-carousel-wrapper:not(.swiper-container-initialized):not(.swiper-initialized) .swiper-slide{max-width:calc(100% \/ var(--e-image-carousel-slides-to-show, 3))}<\/style>\t\t<div class=\"elementor-image-carousel-wrapper swiper\" dir=\"ltr\">\n\t\t\t<div class=\"elementor-image-carousel swiper-wrapper swiper-image-stretch\" aria-live=\"off\">\n\t\t\t\t\t\t\t\t<div class=\"swiper-slide\" role=\"group\" aria-roledescription=\"slide\" aria-label=\"1 de 11\"><figure class=\"swiper-slide-inner\"><img decoding=\"async\" class=\"swiper-slide-image\" src=\"https:\/\/www.lerobinetdor.com\/wp-content\/uploads\/2025\/02\/suite_01_004-1-1024x683.jpg\" alt=\"suite_01_004.jpg\" \/><\/figure><\/div><div class=\"swiper-slide\" role=\"group\" aria-roledescription=\"slide\" aria-label=\"2 de 11\"><figure class=\"swiper-slide-inner\"><img decoding=\"async\" class=\"swiper-slide-image\" src=\"https:\/\/www.lerobinetdor.com\/wp-content\/uploads\/2025\/02\/suite_04_003-1-1024x683.jpg\" alt=\"suite_04_003.jpg\" \/><\/figure><\/div><div class=\"swiper-slide\" role=\"group\" aria-roledescription=\"slide\" aria-label=\"3 de 11\"><figure class=\"swiper-slide-inner\"><img decoding=\"async\" class=\"swiper-slide-image\" src=\"https:\/\/www.lerobinetdor.com\/wp-content\/uploads\/2025\/02\/suite_01_003-1-1024x683.jpg\" alt=\"suite_01_003.jpg\" \/><\/figure><\/div><div class=\"swiper-slide\" role=\"group\" aria-roledescription=\"slide\" aria-label=\"4 de 11\"><figure class=\"swiper-slide-inner\"><img decoding=\"async\" class=\"swiper-slide-image\" src=\"https:\/\/www.lerobinetdor.com\/wp-content\/uploads\/2025\/02\/suite_04_005-1-1024x683.jpg\" alt=\"suite_04_005.jpg\" \/><\/figure><\/div><div class=\"swiper-slide\" role=\"group\" aria-roledescription=\"slide\" aria-label=\"5 de 11\"><figure class=\"swiper-slide-inner\"><img decoding=\"async\" class=\"swiper-slide-image\" src=\"https:\/\/www.lerobinetdor.com\/wp-content\/uploads\/2025\/02\/suite_05_002-1-1024x683.jpg\" alt=\"suite_05_002.jpg\" \/><\/figure><\/div><div class=\"swiper-slide\" role=\"group\" aria-roledescription=\"slide\" aria-label=\"6 de 11\"><figure class=\"swiper-slide-inner\"><img decoding=\"async\" class=\"swiper-slide-image\" src=\"https:\/\/www.lerobinetdor.com\/wp-content\/uploads\/2025\/02\/suite_01_001-1-1024x683.jpg\" alt=\"suite_01_001.jpg\" \/><\/figure><\/div><div class=\"swiper-slide\" role=\"group\" aria-roledescription=\"slide\" aria-label=\"7 de 11\"><figure class=\"swiper-slide-inner\"><img decoding=\"async\" class=\"swiper-slide-image\" src=\"https:\/\/www.lerobinetdor.com\/wp-content\/uploads\/2025\/02\/suite_02_005-1-1024x683.jpg\" alt=\"suite_02_005.jpg\" \/><\/figure><\/div><div class=\"swiper-slide\" role=\"group\" aria-roledescription=\"slide\" aria-label=\"8 de 11\"><figure class=\"swiper-slide-inner\"><img decoding=\"async\" class=\"swiper-slide-image\" src=\"https:\/\/www.lerobinetdor.com\/wp-content\/uploads\/2025\/02\/suite_02_004-1-1024x683.jpg\" alt=\"suite_02_004.jpg\" \/><\/figure><\/div><div class=\"swiper-slide\" role=\"group\" aria-roledescription=\"slide\" aria-label=\"9 de 11\"><figure class=\"swiper-slide-inner\"><img decoding=\"async\" class=\"swiper-slide-image\" src=\"https:\/\/www.lerobinetdor.com\/wp-content\/uploads\/2025\/02\/suite_02_001-1-1024x683.jpg\" alt=\"suite_02_001.jpg\" \/><\/figure><\/div><div class=\"swiper-slide\" role=\"group\" aria-roledescription=\"slide\" aria-label=\"10 de 11\"><figure class=\"swiper-slide-inner\"><img decoding=\"async\" class=\"swiper-slide-image\" src=\"https:\/\/www.lerobinetdor.com\/wp-content\/uploads\/2025\/02\/suite_02_002-1-1024x683.jpg\" alt=\"suite_02_002.jpg\" \/><\/figure><\/div><div class=\"swiper-slide\" role=\"group\" aria-roledescription=\"slide\" aria-label=\"11 de 11\"><figure class=\"swiper-slide-inner\"><img decoding=\"async\" class=\"swiper-slide-image\" src=\"https:\/\/www.lerobinetdor.com\/wp-content\/uploads\/2025\/02\/suite_02_003-1-1024x683.jpg\" alt=\"suite_02_003.jpg\" \/><\/figure><\/div>\t\t\t<\/div>\n\t\t\t\t\t\t\t\t\t\t\t\t<div class=\"elementor-swiper-button elementor-swiper-button-prev\" role=\"button\" tabindex=\"0\">\n\t\t\t\t\t\t<svg aria-hidden=\"true\" class=\"e-font-icon-svg e-eicon-chevron-left\" viewBox=\"0 0 1000 1000\" xmlns=\"http:\/\/www.w3.org\/2000\/svg\"><path d=\"M646 125C629 125 613 133 604 142L308 442C296 454 292 471 292 487 292 504 296 521 308 533L604 854C617 867 629 875 646 875 663 875 679 871 692 858 704 846 713 829 713 812 713 796 708 779 692 767L438 487 692 225C700 217 708 204 708 187 708 171 704 154 692 142 675 129 663 125 646 125Z\"><\/path><\/svg>\t\t\t\t\t<\/div>\n\t\t\t\t\t<div class=\"elementor-swiper-button elementor-swiper-button-next\" role=\"button\" tabindex=\"0\">\n\t\t\t\t\t\t<svg aria-hidden=\"true\" class=\"e-font-icon-svg e-eicon-chevron-right\" viewBox=\"0 0 1000 1000\" xmlns=\"http:\/\/www.w3.org\/2000\/svg\"><path d=\"M696 533C708 521 713 504 713 487 713 471 708 454 696 446L400 146C388 133 375 125 354 125 338 125 325 129 313 142 300 154 292 171 292 187 292 204 296 221 308 233L563 492 304 771C292 783 288 800 288 817 288 833 296 850 308 863 321 871 338 875 354 875 371 875 388 867 400 854L696 533Z\"><\/path><\/svg>\t\t\t\t\t<\/div>\n\t\t\t\t\n\t\t\t\t\t\t\t\t\t<\/div>\n\t\t\t\t<\/div>\n\t\t\t\t<\/div>\n\t\t\t\t<\/div>\n\t\t<div class=\"elementor-element elementor-element-b32a689 e-flex e-con-boxed parallax_section_no qode_elementor_container_no e-con e-parent\" data-id=\"b32a689\" data-element_type=\"container\" data-core-v316-plus=\"true\">\n\t\t\t\t\t<div class=\"e-con-inner\">\n\t\t\t\t<div class=\"elementor-element elementor-element-ab46eff elementor-align-center elementor-widget elementor-widget-button\" data-id=\"ab46eff\" data-element_type=\"widget\" data-widget_type=\"button.default\">\n\t\t\t\t<div class=\"elementor-widget-container\">\n\t\t\t\t\t<div class=\"elementor-button-wrapper\">\n\t\t\t<a class=\"elementor-button elementor-button-link elementor-size-md\" href=\"https:\/\/www.lerobinetdor.com\/pt-br\/quartos-robinet-or-paris\/\">\n\t\t\t\t\t\t<span class=\"elementor-button-content-wrapper\">\n\t\t\t\t\t\t<span class=\"elementor-button-text\">Veja nossos outros quartos<\/span>\n\t\t<\/span>\n\t\t\t\t\t<\/a>\n\t\t<\/div>\n\t\t\t\t<\/div>\n\t\t\t\t<\/div>\n\t\t\t\t\t<\/div>\n\t\t\t\t<\/div>\n\t\t\t\t<\/div>\n\t\t","protected":false},"excerpt":{"rendered":"<p>SU\u00cdTE EXECUTIVA 1 a 5 pessoas \u00a0 Descubra eleg\u00e2ncia e requinte absolutos em nossa Su\u00edte Executiva, um espa\u00e7o pensado para aliar conforto de alto padr\u00e3o e design sofisticado. Oferecendo um ambiente amplo e luminoso, esta suite pode acomodar at\u00e9 5 pessoas, sendo a escolha ideal&#8230;<\/p>\n","protected":false},"author":1,"featured_media":0,"parent":0,"menu_order":0,"comment_status":"closed","ping_status":"closed","template":"full_width.php","meta":{"footnotes":""},"class_list":["post-1964","page","type-page","status-publish","hentry"],"yoast_head":"<!-- This site is optimized with the Yoast SEO plugin v22.3 - https:\/\/yoast.com\/wordpress\/plugins\/seo\/ -->\n<title>su\u00edte executiva do Hotel Le Robinet d&#039;Or Paris, hotel Canal Saint Martin<\/title>\n<meta name=\"description\" content=\"su\u00edte executiva do Hotel restaurante Le Robinet d&#039;Or Paris, confort\u00e1vel, Wi-Fi gratuito, silencioso, vidros duplos, banheiro privativo, TV.\" \/>\n<meta name=\"robots\" content=\"index, follow, max-snippet:-1, max-image-preview:large, max-video-preview:-1\" \/>\n<link rel=\"canonical\" href=\"https:\/\/www.lerobinetdor.com\/pt-br\/suite-executiva\/\" \/>\n<meta property=\"og:locale\" content=\"pt_BR\" \/>\n<meta property=\"og:type\" content=\"article\" \/>\n<meta property=\"og:title\" content=\"su\u00edte executiva do Hotel Le Robinet d&#039;Or Paris, hotel Canal Saint Martin\" \/>\n<meta property=\"og:description\" content=\"su\u00edte executiva do Hotel restaurante Le Robinet d&#039;Or Paris, confort\u00e1vel, Wi-Fi gratuito, silencioso, vidros duplos, banheiro privativo, TV.\" \/>\n<meta property=\"og:url\" content=\"https:\/\/www.lerobinetdor.com\/pt-br\/suite-executiva\/\" \/>\n<meta property=\"og:site_name\" content=\"Le Robinet d&#039;Or\" \/>\n<meta property=\"article:modified_time\" content=\"2025-02-03T14:26:15+00:00\" \/>\n<meta property=\"og:image\" content=\"https:\/\/www.lerobinetdor.com\/new\/wp-content\/uploads\/2020\/08\/border.png\" \/>\n<meta name=\"twitter:card\" content=\"summary_large_image\" \/>\n<meta name=\"twitter:label1\" content=\"Est. tempo de leitura\" \/>\n\t<meta name=\"twitter:data1\" content=\"6 minutos\" \/>\n<script type=\"application\/ld+json\" class=\"yoast-schema-graph\">{\"@context\":\"https:\/\/schema.org\",\"@graph\":[{\"@type\":\"WebPage\",\"@id\":\"https:\/\/www.lerobinetdor.com\/pt-br\/suite-executiva\/\",\"url\":\"https:\/\/www.lerobinetdor.com\/pt-br\/suite-executiva\/\",\"name\":\"su\u00edte executiva do Hotel Le Robinet d'Or Paris, hotel Canal Saint Martin\",\"isPartOf\":{\"@id\":\"https:\/\/www.lerobinetdor.com\/#website\"},\"primaryImageOfPage\":{\"@id\":\"https:\/\/www.lerobinetdor.com\/pt-br\/suite-executiva\/#primaryimage\"},\"image\":{\"@id\":\"https:\/\/www.lerobinetdor.com\/pt-br\/suite-executiva\/#primaryimage\"},\"thumbnailUrl\":\"https:\/\/www.lerobinetdor.com\/new\/wp-content\/uploads\/2020\/08\/border.png\",\"datePublished\":\"2024-02-06T08:55:18+00:00\",\"dateModified\":\"2025-02-03T14:26:15+00:00\",\"description\":\"su\u00edte executiva do Hotel restaurante Le Robinet d'Or Paris, confort\u00e1vel, Wi-Fi gratuito, silencioso, vidros duplos, banheiro privativo, TV.\",\"breadcrumb\":{\"@id\":\"https:\/\/www.lerobinetdor.com\/pt-br\/suite-executiva\/#breadcrumb\"},\"inLanguage\":\"pt-BR\",\"potentialAction\":[{\"@type\":\"ReadAction\",\"target\":[\"https:\/\/www.lerobinetdor.com\/pt-br\/suite-executiva\/\"]}]},{\"@type\":\"ImageObject\",\"inLanguage\":\"pt-BR\",\"@id\":\"https:\/\/www.lerobinetdor.com\/pt-br\/suite-executiva\/#primaryimage\",\"url\":\"https:\/\/www.lerobinetdor.com\/wp-content\/uploads\/2020\/08\/border.png\",\"contentUrl\":\"https:\/\/www.lerobinetdor.com\/wp-content\/uploads\/2020\/08\/border.png\",\"width\":70,\"height\":2,\"caption\":\"m\"},{\"@type\":\"BreadcrumbList\",\"@id\":\"https:\/\/www.lerobinetdor.com\/pt-br\/suite-executiva\/#breadcrumb\",\"itemListElement\":[{\"@type\":\"ListItem\",\"position\":1,\"name\":\"Accueil\",\"item\":\"https:\/\/www.lerobinetdor.com\/\"},{\"@type\":\"ListItem\",\"position\":2,\"name\":\"Suite Executive\"}]},{\"@type\":\"WebSite\",\"@id\":\"https:\/\/www.lerobinetdor.com\/#website\",\"url\":\"https:\/\/www.lerobinetdor.com\/\",\"name\":\"Le Robinet d&#039;Or\",\"description\":\"\",\"potentialAction\":[{\"@type\":\"SearchAction\",\"target\":{\"@type\":\"EntryPoint\",\"urlTemplate\":\"https:\/\/www.lerobinetdor.com\/?s={search_term_string}\"},\"query-input\":\"required name=search_term_string\"}],\"inLanguage\":\"pt-BR\"}]}<\/script>\n<!-- \/ Yoast SEO plugin. -->","yoast_head_json":{"title":"su\u00edte executiva do Hotel Le Robinet d'Or Paris, hotel Canal Saint Martin","description":"su\u00edte executiva do Hotel restaurante Le Robinet d'Or Paris, confort\u00e1vel, Wi-Fi gratuito, silencioso, vidros duplos, banheiro privativo, TV.","robots":{"index":"index","follow":"follow","max-snippet":"max-snippet:-1","max-image-preview":"max-image-preview:large","max-video-preview":"max-video-preview:-1"},"canonical":"https:\/\/www.lerobinetdor.com\/pt-br\/suite-executiva\/","og_locale":"pt_BR","og_type":"article","og_title":"su\u00edte executiva do Hotel Le Robinet d'Or Paris, hotel Canal Saint Martin","og_description":"su\u00edte executiva do Hotel restaurante Le Robinet d'Or Paris, confort\u00e1vel, Wi-Fi gratuito, silencioso, vidros duplos, banheiro privativo, TV.","og_url":"https:\/\/www.lerobinetdor.com\/pt-br\/suite-executiva\/","og_site_name":"Le Robinet d&#039;Or","article_modified_time":"2025-02-03T14:26:15+00:00","og_image":[{"url":"https:\/\/www.lerobinetdor.com\/new\/wp-content\/uploads\/2020\/08\/border.png"}],"twitter_card":"summary_large_image","twitter_misc":{"Est. tempo de leitura":"6 minutos"},"schema":{"@context":"https:\/\/schema.org","@graph":[{"@type":"WebPage","@id":"https:\/\/www.lerobinetdor.com\/pt-br\/suite-executiva\/","url":"https:\/\/www.lerobinetdor.com\/pt-br\/suite-executiva\/","name":"su\u00edte executiva do Hotel Le Robinet d'Or Paris, hotel Canal Saint Martin","isPartOf":{"@id":"https:\/\/www.lerobinetdor.com\/#website"},"primaryImageOfPage":{"@id":"https:\/\/www.lerobinetdor.com\/pt-br\/suite-executiva\/#primaryimage"},"image":{"@id":"https:\/\/www.lerobinetdor.com\/pt-br\/suite-executiva\/#primaryimage"},"thumbnailUrl":"https:\/\/www.lerobinetdor.com\/new\/wp-content\/uploads\/2020\/08\/border.png","datePublished":"2024-02-06T08:55:18+00:00","dateModified":"2025-02-03T14:26:15+00:00","description":"su\u00edte executiva do Hotel restaurante Le Robinet d'Or Paris, confort\u00e1vel, Wi-Fi gratuito, silencioso, vidros duplos, banheiro privativo, TV.","breadcrumb":{"@id":"https:\/\/www.lerobinetdor.com\/pt-br\/suite-executiva\/#breadcrumb"},"inLanguage":"pt-BR","potentialAction":[{"@type":"ReadAction","target":["https:\/\/www.lerobinetdor.com\/pt-br\/suite-executiva\/"]}]},{"@type":"ImageObject","inLanguage":"pt-BR","@id":"https:\/\/www.lerobinetdor.com\/pt-br\/suite-executiva\/#primaryimage","url":"https:\/\/www.lerobinetdor.com\/wp-content\/uploads\/2020\/08\/border.png","contentUrl":"https:\/\/www.lerobinetdor.com\/wp-content\/uploads\/2020\/08\/border.png","width":70,"height":2,"caption":"m"},{"@type":"BreadcrumbList","@id":"https:\/\/www.lerobinetdor.com\/pt-br\/suite-executiva\/#breadcrumb","itemListElement":[{"@type":"ListItem","position":1,"name":"Accueil","item":"https:\/\/www.lerobinetdor.com\/"},{"@type":"ListItem","position":2,"name":"Suite Executive"}]},{"@type":"WebSite","@id":"https:\/\/www.lerobinetdor.com\/#website","url":"https:\/\/www.lerobinetdor.com\/","name":"Le Robinet d&#039;Or","description":"","potentialAction":[{"@type":"SearchAction","target":{"@type":"EntryPoint","urlTemplate":"https:\/\/www.lerobinetdor.com\/?s={search_term_string}"},"query-input":"required name=search_term_string"}],"inLanguage":"pt-BR"}]}},"_links":{"self":[{"href":"https:\/\/www.lerobinetdor.com\/pt-br\/wp-json\/wp\/v2\/pages\/1964","targetHints":{"allow":["GET"]}}],"collection":[{"href":"https:\/\/www.lerobinetdor.com\/pt-br\/wp-json\/wp\/v2\/pages"}],"about":[{"href":"https:\/\/www.lerobinetdor.com\/pt-br\/wp-json\/wp\/v2\/types\/page"}],"author":[{"embeddable":true,"href":"https:\/\/www.lerobinetdor.com\/pt-br\/wp-json\/wp\/v2\/users\/1"}],"replies":[{"embeddable":true,"href":"https:\/\/www.lerobinetdor.com\/pt-br\/wp-json\/wp\/v2\/comments?post=1964"}],"version-history":[{"count":13,"href":"https:\/\/www.lerobinetdor.com\/pt-br\/wp-json\/wp\/v2\/pages\/1964\/revisions"}],"predecessor-version":[{"id":2880,"href":"https:\/\/www.lerobinetdor.com\/pt-br\/wp-json\/wp\/v2\/pages\/1964\/revisions\/2880"}],"wp:attachment":[{"href":"https:\/\/www.lerobinetdor.com\/pt-br\/wp-json\/wp\/v2\/media?parent=1964"}],"curies":[{"name":"wp","href":"https:\/\/api.w.org\/{rel}","templated":true}]}}